{"id":153799,"date":"2025-10-10T11:54:43","date_gmt":"2025-10-10T08:54:43","guid":{"rendered":"https:\/\/kingarms.ee\/product\/hatsan-airtact-177-full-power-gaisa-sautene\/"},"modified":"2025-10-10T11:56:56","modified_gmt":"2025-10-10T08:56:56","slug":"hatsan-airtact-177-full-power-gaisa-sautene","status":"publish","type":"product","link":"https:\/\/kingarms.ee\/lv\/product\/hatsan-airtact-177-full-power-gaisa-sautene\/","title":{"rendered":"Hatsan AirTact .177 (full power) gaisa \u0161autene"},"content":{"rendered":"<p><img loading=\"lazy\" decoding=\"async\" class=\"alignnone size-medium wp-image-153779\" src=\"https:\/\/kingarms.ee\/wp-content\/uploads\/2025\/10\/c4f27b14-590d-11ed-b774-00155d8ed203_89b76538-590e-11ed-b774-00155d8ed203-300x300.jpg\" alt=\"\" width=\"300\" height=\"300\" srcset=\"https:\/\/kingarms.ee\/wp-content\/uploads\/2025\/10\/c4f27b14-590d-11ed-b774-00155d8ed203_89b76538-590e-11ed-b774-00155d8ed203-300x300.jpg 300w, https:\/\/kingarms.ee\/wp-content\/uploads\/2025\/10\/c4f27b14-590d-11ed-b774-00155d8ed203_89b76538-590e-11ed-b774-00155d8ed203-1024x1024.jpg 1024w, https:\/\/kingarms.ee\/wp-content\/uploads\/2025\/10\/c4f27b14-590d-11ed-b774-00155d8ed203_89b76538-590e-11ed-b774-00155d8ed203-150x150.jpg 150w, https:\/\/kingarms.ee\/wp-content\/uploads\/2025\/10\/c4f27b14-590d-11ed-b774-00155d8ed203_89b76538-590e-11ed-b774-00155d8ed203-768x768.jpg 768w, https:\/\/kingarms.ee\/wp-content\/uploads\/2025\/10\/c4f27b14-590d-11ed-b774-00155d8ed203_89b76538-590e-11ed-b774-00155d8ed203-1536x1536.jpg 1536w, https:\/\/kingarms.ee\/wp-content\/uploads\/2025\/10\/c4f27b14-590d-11ed-b774-00155d8ed203_89b76538-590e-11ed-b774-00155d8ed203-500x500.jpg 500w, https:\/\/kingarms.ee\/wp-content\/uploads\/2025\/10\/c4f27b14-590d-11ed-b774-00155d8ed203_89b76538-590e-11ed-b774-00155d8ed203.jpg 2000w\" sizes=\"auto, (max-width: 300px) 100vw, 300px\" \/><\/p>\n","protected":false},"excerpt":{"rendered":"<p>Hatsan AirTact ir lauzt\u0101 stobra (break-barrel) spring-piston tipa full-power .177 (4,5 mm) gaisa \u0161autene ar QuietEnergy klus\u0101 piestiprin\u0101t\u0101 cauruli un rifl\u0113tu t\u0113rauda stobru; atkar\u012bb\u0101 no lodes var sasniegt \u0101trumu l\u012bdz aptuveni ~1300 fps, tam ir regul\u0113jams divpak\u0101pju spr\u016bds, anti-beartrap dro\u0161\u012bba, ambidextrous sint\u0113tiska thumb-hole kr\u016btis un komplekt\u0101 4\u00d732 t\u0113m\u0113klis \u2014 piem\u0113rota gan treni\u0146iem, gan mazai med\u012bbai.<\/p>\n","protected":false},"featured_media":153782,"template":"","meta":{"_acf_changed":false},"product_brand":[],"product_cat":[1004,1007],"product_tag":[],"class_list":{"0":"post-153799","1":"product","2":"type-product","3":"status-publish","4":"has-post-thumbnail","6":"product_cat-lidmasinas","7":"product_cat-snaipera-pistoles-lv","9":"first","10":"instock","11":"sale","12":"taxable","13":"shipping-taxable","14":"purchasable","15":"product-type-simple"},"acf":[],"_links":{"self":[{"href":"https:\/\/kingarms.ee\/lv\/wp-json\/wp\/v2\/product\/153799","targetHints":{"allow":["GET"]}}],"collection":[{"href":"https:\/\/kingarms.ee\/lv\/wp-json\/wp\/v2\/product"}],"about":[{"href":"https:\/\/kingarms.ee\/lv\/wp-json\/wp\/v2\/types\/product"}],"wp:featuredmedia":[{"embeddable":true,"href":"https:\/\/kingarms.ee\/lv\/wp-json\/wp\/v2\/media\/153782"}],"wp:attachment":[{"href":"https:\/\/kingarms.ee\/lv\/wp-json\/wp\/v2\/media?parent=153799"}],"wp:term":[{"taxonomy":"product_brand","embeddable":true,"href":"https:\/\/kingarms.ee\/lv\/wp-json\/wp\/v2\/product_brand?post=153799"},{"taxonomy":"product_cat","embeddable":true,"href":"https:\/\/kingarms.ee\/lv\/wp-json\/wp\/v2\/product_cat?post=153799"},{"taxonomy":"product_tag","embeddable":true,"href":"https:\/\/kingarms.ee\/lv\/wp-json\/wp\/v2\/product_tag?post=153799"}],"curies":[{"name":"wp","href":"https:\/\/api.w.org\/{rel}","templated":true}]}}