{"id":153824,"date":"2025-10-10T12:03:25","date_gmt":"2025-10-10T09:03:25","guid":{"rendered":"https:\/\/kingarms.ee\/product\/hatsan-alpha-177-full-power-gaisa-sautene\/"},"modified":"2025-10-10T12:05:56","modified_gmt":"2025-10-10T09:05:56","slug":"hatsan-alpha-177-full-power-gaisa-sautene","status":"publish","type":"product","link":"https:\/\/kingarms.ee\/lv\/product\/hatsan-alpha-177-full-power-gaisa-sautene\/","title":{"rendered":"Hatsan Alpha .177 (full power) gaisa \u0161autene"},"content":{"rendered":"<p><img loading=\"lazy\" decoding=\"async\" class=\"alignnone size-medium wp-image-153803\" src=\"https:\/\/kingarms.ee\/wp-content\/uploads\/2025\/10\/7540d071-2d1e-11ed-b773-00155d8ed203_ad5b426f-2d1e-11ed-b773-00155d8ed203-scaled-1-300x205.jpg\" alt=\"\" width=\"300\" height=\"205\" srcset=\"https:\/\/kingarms.ee\/wp-content\/uploads\/2025\/10\/7540d071-2d1e-11ed-b773-00155d8ed203_ad5b426f-2d1e-11ed-b773-00155d8ed203-scaled-1-300x205.jpg 300w, https:\/\/kingarms.ee\/wp-content\/uploads\/2025\/10\/7540d071-2d1e-11ed-b773-00155d8ed203_ad5b426f-2d1e-11ed-b773-00155d8ed203-scaled-1-1024x701.jpg 1024w, https:\/\/kingarms.ee\/wp-content\/uploads\/2025\/10\/7540d071-2d1e-11ed-b773-00155d8ed203_ad5b426f-2d1e-11ed-b773-00155d8ed203-scaled-1-768x526.jpg 768w, https:\/\/kingarms.ee\/wp-content\/uploads\/2025\/10\/7540d071-2d1e-11ed-b773-00155d8ed203_ad5b426f-2d1e-11ed-b773-00155d8ed203-scaled-1-1536x1052.jpg 1536w, https:\/\/kingarms.ee\/wp-content\/uploads\/2025\/10\/7540d071-2d1e-11ed-b773-00155d8ed203_ad5b426f-2d1e-11ed-b773-00155d8ed203-scaled-1-2048x1402.jpg 2048w, https:\/\/kingarms.ee\/wp-content\/uploads\/2025\/10\/7540d071-2d1e-11ed-b773-00155d8ed203_ad5b426f-2d1e-11ed-b773-00155d8ed203-scaled-1-500x342.jpg 500w, https:\/\/kingarms.ee\/wp-content\/uploads\/2025\/10\/7540d071-2d1e-11ed-b773-00155d8ed203_ad5b426f-2d1e-11ed-b773-00155d8ed203-scaled-1-150x103.jpg 150w\" sizes=\"auto, (max-width: 300px) 100vw, 300px\" \/><\/p>\n","protected":false},"excerpt":{"rendered":"<p>Hatsan Alpha ir viegla full-power .177 (4,5 mm) lauzt\u0101s stobra gaisa \u0161autene ar spring-piston meh\u0101nismu, kas sasniedz l\u012bdz ~1000 fps, apr\u012bkota ar rifl\u0113tu t\u0113rauda stobru, regul\u0113jamiem atv\u0113rtiem t\u0113mek\u013ciem, ergonomisku sint\u0113tisku kr\u016btis ar gumijas aizmugures spilventi\u0146u un autom\u0101tisku dro\u0161\u012bbu \u2014 piem\u0113rota ies\u0101c\u0113jiem un tiem, kas v\u0113las kompaktu, prec\u012bzu un uzticamu \u0161auteni m\u0113r\u0137u treni\u0146am vai izklaidei. <\/p>\n","protected":false},"featured_media":153806,"template":"","meta":{"_acf_changed":false},"product_brand":[],"product_cat":[1004,1007],"product_tag":[],"class_list":{"0":"post-153824","1":"product","2":"type-product","3":"status-publish","4":"has-post-thumbnail","6":"product_cat-lidmasinas","7":"product_cat-snaipera-pistoles-lv","9":"first","10":"instock","11":"sale","12":"taxable","13":"shipping-taxable","14":"purchasable","15":"product-type-simple"},"acf":[],"_links":{"self":[{"href":"https:\/\/kingarms.ee\/lv\/wp-json\/wp\/v2\/product\/153824","targetHints":{"allow":["GET"]}}],"collection":[{"href":"https:\/\/kingarms.ee\/lv\/wp-json\/wp\/v2\/product"}],"about":[{"href":"https:\/\/kingarms.ee\/lv\/wp-json\/wp\/v2\/types\/product"}],"wp:featuredmedia":[{"embeddable":true,"href":"https:\/\/kingarms.ee\/lv\/wp-json\/wp\/v2\/media\/153806"}],"wp:attachment":[{"href":"https:\/\/kingarms.ee\/lv\/wp-json\/wp\/v2\/media?parent=153824"}],"wp:term":[{"taxonomy":"product_brand","embeddable":true,"href":"https:\/\/kingarms.ee\/lv\/wp-json\/wp\/v2\/product_brand?post=153824"},{"taxonomy":"product_cat","embeddable":true,"href":"https:\/\/kingarms.ee\/lv\/wp-json\/wp\/v2\/product_cat?post=153824"},{"taxonomy":"product_tag","embeddable":true,"href":"https:\/\/kingarms.ee\/lv\/wp-json\/wp\/v2\/product_tag?post=153824"}],"curies":[{"name":"wp","href":"https:\/\/api.w.org\/{rel}","templated":true}]}}