{"id":153854,"date":"2025-10-10T12:34:04","date_gmt":"2025-10-10T09:34:04","guid":{"rendered":"https:\/\/kingarms.ee\/product\/hatsan-flashpup-qe-pcp-gaisa-sautene-177-45-mm\/"},"modified":"2025-10-10T12:36:16","modified_gmt":"2025-10-10T09:36:16","slug":"hatsan-flashpup-qe-pcp-gaisa-sautene-177-45-mm","status":"publish","type":"product","link":"https:\/\/kingarms.ee\/lv\/product\/hatsan-flashpup-qe-pcp-gaisa-sautene-177-45-mm\/","title":{"rendered":"Hatsan FlashPup QE PCP gaisa \u0161autene .177 (4,5 mm)"},"content":{"rendered":"<p><img loading=\"lazy\" decoding=\"async\" class=\"alignnone size-medium wp-image-153846\" src=\"https:\/\/kingarms.ee\/wp-content\/uploads\/2025\/10\/products-FlashPup_Right_WEB-300x300.jpg\" alt=\"\" width=\"300\" height=\"300\" srcset=\"https:\/\/kingarms.ee\/wp-content\/uploads\/2025\/10\/products-FlashPup_Right_WEB-300x300.jpg 300w, https:\/\/kingarms.ee\/wp-content\/uploads\/2025\/10\/products-FlashPup_Right_WEB-150x150.jpg 150w, https:\/\/kingarms.ee\/wp-content\/uploads\/2025\/10\/products-FlashPup_Right_WEB-768x768.jpg 768w, https:\/\/kingarms.ee\/wp-content\/uploads\/2025\/10\/products-FlashPup_Right_WEB-500x500.jpg 500w, https:\/\/kingarms.ee\/wp-content\/uploads\/2025\/10\/products-FlashPup_Right_WEB.jpg 1024w\" sizes=\"auto, (max-width: 300px) 100vw, 300px\" \/><\/p>\n","protected":false},"excerpt":{"rendered":"<p>Hatsan FlashPup QE ir kompakts bullpup-tipa PCP gaisa ierocis 4,5 mm (.177) kalibr\u0101 ar QuietEnergy trok\u0161\u0146a sl\u0101p\u0113jo\u0161u apvalku, fiks\u0113tu apjoma tvertni aptuveni 165 cc pie 200 BAR, s\u0101nu sviras iel\u0101d\u0113\u0161anas meh\u0101nismu un iz\u0146emamiem 14 \u0161\u0101vienu \u017eurn\u0101liem (.177), rifl\u0113tu prec\u012bzu barelu, regul\u0113jamu divpak\u0101pju gaiduku un anti-knock sist\u0113mu \u2014 praktisks risin\u0101jums tiem, kuri v\u0113las klus\u0101ku, atk\u0101rtojamu un kompakti \u0113rti lietojamu PCP \u0161auteni m\u0113r\u0137iem un nelielai med\u012bbai.<\/p>\n","protected":false},"featured_media":153849,"template":"","meta":{"_acf_changed":false},"product_brand":[],"product_cat":[1008],"product_tag":[],"class_list":{"0":"post-153854","1":"product","2":"type-product","3":"status-publish","4":"has-post-thumbnail","6":"product_cat-pcp-hpa","8":"first","9":"instock","10":"sale","11":"taxable","12":"shipping-taxable","13":"purchasable","14":"product-type-simple"},"acf":[],"_links":{"self":[{"href":"https:\/\/kingarms.ee\/lv\/wp-json\/wp\/v2\/product\/153854","targetHints":{"allow":["GET"]}}],"collection":[{"href":"https:\/\/kingarms.ee\/lv\/wp-json\/wp\/v2\/product"}],"about":[{"href":"https:\/\/kingarms.ee\/lv\/wp-json\/wp\/v2\/types\/product"}],"wp:featuredmedia":[{"embeddable":true,"href":"https:\/\/kingarms.ee\/lv\/wp-json\/wp\/v2\/media\/153849"}],"wp:attachment":[{"href":"https:\/\/kingarms.ee\/lv\/wp-json\/wp\/v2\/media?parent=153854"}],"wp:term":[{"taxonomy":"product_brand","embeddable":true,"href":"https:\/\/kingarms.ee\/lv\/wp-json\/wp\/v2\/product_brand?post=153854"},{"taxonomy":"product_cat","embeddable":true,"href":"https:\/\/kingarms.ee\/lv\/wp-json\/wp\/v2\/product_cat?post=153854"},{"taxonomy":"product_tag","embeddable":true,"href":"https:\/\/kingarms.ee\/lv\/wp-json\/wp\/v2\/product_tag?post=153854"}],"curies":[{"name":"wp","href":"https:\/\/api.w.org\/{rel}","templated":true}]}}