{"id":153916,"date":"2025-10-10T13:15:56","date_gmt":"2025-10-10T10:15:56","guid":{"rendered":"https:\/\/kingarms.ee\/product\/ballistol-guncer-keramiska-ierocu-ella-sprejs-50-ml\/"},"modified":"2025-10-10T13:17:56","modified_gmt":"2025-10-10T10:17:56","slug":"ballistol-guncer-keramiska-ierocu-ella-sprejs-50-ml","status":"publish","type":"product","link":"https:\/\/kingarms.ee\/lv\/product\/ballistol-guncer-keramiska-ierocu-ella-sprejs-50-ml\/","title":{"rendered":"Ballistol GunCer keramisk\u0101 iero\u010du e\u013c\u013ca sprejs 50 ml"},"content":{"rendered":"<p><img loading=\"lazy\" decoding=\"async\" class=\"alignnone size-medium wp-image-153906\" src=\"https:\/\/kingarms.ee\/wp-content\/uploads\/2025\/10\/22165.2-231x300.jpg\" alt=\"\" width=\"231\" height=\"300\" srcset=\"https:\/\/kingarms.ee\/wp-content\/uploads\/2025\/10\/22165.2-231x300.jpg 231w, https:\/\/kingarms.ee\/wp-content\/uploads\/2025\/10\/22165.2-790x1024.jpg 790w, https:\/\/kingarms.ee\/wp-content\/uploads\/2025\/10\/22165.2-768x996.jpg 768w, https:\/\/kingarms.ee\/wp-content\/uploads\/2025\/10\/22165.2-500x648.jpg 500w, https:\/\/kingarms.ee\/wp-content\/uploads\/2025\/10\/22165.2-150x195.jpg 150w, https:\/\/kingarms.ee\/wp-content\/uploads\/2025\/10\/22165.2.jpg 866w\" sizes=\"auto, (max-width: 231px) 100vw, 231px\" \/><\/p>\n","protected":false},"excerpt":{"rendered":"<p>Ballistol GunCer ir augstas kvalit\u0101tes keramisk\u0101 iero\u010du e\u013c\u013ca aerosola veid\u0101 (50 ml), kas nodro\u0161ina ilgsto\u0161u e\u013c\u013co\u0161anu un aizsardz\u012bbu temperat\u016br\u0101s no \u201340 \u00b0C l\u012bdz +210 \u00b0C. Keramisk\u0101s mikroda\u013ci\u0146as samazina berzi un nodilumu, nodro\u0161inot vienm\u0113r\u012bgu iero\u010da darb\u012bbu un liel\u0101ku precizit\u0101ti. Nesatur silikonu un PTFE, piem\u0113rots visiem iero\u010du tipiem \u2014 gan \u0161aujamiero\u010diem, gan pneimatiskajiem.   <\/p>\n","protected":false},"featured_media":155140,"template":"","meta":{"_acf_changed":false},"product_brand":[],"product_cat":[1012],"product_tag":[],"class_list":{"0":"post-153916","1":"product","2":"type-product","3":"status-publish","4":"has-post-thumbnail","6":"product_cat-ierocu-uzturesana","8":"first","9":"instock","10":"taxable","11":"shipping-taxable","12":"purchasable","13":"product-type-simple"},"acf":[],"_links":{"self":[{"href":"https:\/\/kingarms.ee\/lv\/wp-json\/wp\/v2\/product\/153916","targetHints":{"allow":["GET"]}}],"collection":[{"href":"https:\/\/kingarms.ee\/lv\/wp-json\/wp\/v2\/product"}],"about":[{"href":"https:\/\/kingarms.ee\/lv\/wp-json\/wp\/v2\/types\/product"}],"wp:featuredmedia":[{"embeddable":true,"href":"https:\/\/kingarms.ee\/lv\/wp-json\/wp\/v2\/media\/155140"}],"wp:attachment":[{"href":"https:\/\/kingarms.ee\/lv\/wp-json\/wp\/v2\/media?parent=153916"}],"wp:term":[{"taxonomy":"product_brand","embeddable":true,"href":"https:\/\/kingarms.ee\/lv\/wp-json\/wp\/v2\/product_brand?post=153916"},{"taxonomy":"product_cat","embeddable":true,"href":"https:\/\/kingarms.ee\/lv\/wp-json\/wp\/v2\/product_cat?post=153916"},{"taxonomy":"product_tag","embeddable":true,"href":"https:\/\/kingarms.ee\/lv\/wp-json\/wp\/v2\/product_tag?post=153916"}],"curies":[{"name":"wp","href":"https:\/\/api.w.org\/{rel}","templated":true}]}}