{"id":153928,"date":"2025-10-10T13:21:59","date_gmt":"2025-10-10T10:21:59","guid":{"rendered":"https:\/\/kingarms.ee\/product\/ballistol-gunex-speciala-ierocu-ella-sprejs-50-ml\/"},"modified":"2025-10-10T13:23:31","modified_gmt":"2025-10-10T10:23:31","slug":"ballistol-gunex-speciala-ierocu-ella-sprejs-50-ml","status":"publish","type":"product","link":"https:\/\/kingarms.ee\/lv\/product\/ballistol-gunex-speciala-ierocu-ella-sprejs-50-ml\/","title":{"rendered":"Ballistol Gunex speci\u0101l\u0101 iero\u010du e\u013c\u013ca sprejs 50 ml"},"content":{"rendered":"<p><img loading=\"lazy\" decoding=\"async\" class=\"alignnone size-medium wp-image-153920\" src=\"https:\/\/kingarms.ee\/wp-content\/uploads\/2025\/10\/1315-special-gun-oil-gunex-spray-50-ml-180x300.jpg\" alt=\"\" width=\"180\" height=\"300\" srcset=\"https:\/\/kingarms.ee\/wp-content\/uploads\/2025\/10\/1315-special-gun-oil-gunex-spray-50-ml-180x300.jpg 180w, https:\/\/kingarms.ee\/wp-content\/uploads\/2025\/10\/1315-special-gun-oil-gunex-spray-50-ml-150x250.jpg 150w, https:\/\/kingarms.ee\/wp-content\/uploads\/2025\/10\/1315-special-gun-oil-gunex-spray-50-ml.jpg 420w\" sizes=\"auto, (max-width: 180px) 100vw, 180px\" \/><\/p>\n","protected":false},"excerpt":{"rendered":"<p>Ballistol Gunex ir augstas kvalit\u0101tes speci\u0101l\u0101 iero\u010du e\u013c\u013ca, kas nodro\u0161ina ilgsto\u0161u aizsardz\u012bbu pret koroziju un izcilu e\u013c\u013co\u0161anu pat temperat\u016br\u0101 l\u012bdz \u201350 \u00b0C. T\u0101s sast\u0101vs izspie\u017e mitrumu, nov\u0113r\u0161 r\u016bsas veido\u0161anos un saglab\u0101 meh\u0101nismu darb\u012bgumu. 50 ml aerosols nodro\u0161ina prec\u012bzu uzkl\u0101\u0161anu uz iero\u010diem, meh\u0101nisk\u0101m deta\u013c\u0101m un instrumentiem. Nesatur silikonu un PTFE.   <\/p>\n","protected":false},"featured_media":155097,"template":"","meta":{"_acf_changed":false},"product_brand":[],"product_cat":[1012],"product_tag":[],"class_list":{"0":"post-153928","1":"product","2":"type-product","3":"status-publish","4":"has-post-thumbnail","6":"product_cat-ierocu-uzturesana","8":"first","9":"instock","10":"taxable","11":"shipping-taxable","12":"purchasable","13":"product-type-simple"},"acf":[],"_links":{"self":[{"href":"https:\/\/kingarms.ee\/lv\/wp-json\/wp\/v2\/product\/153928","targetHints":{"allow":["GET"]}}],"collection":[{"href":"https:\/\/kingarms.ee\/lv\/wp-json\/wp\/v2\/product"}],"about":[{"href":"https:\/\/kingarms.ee\/lv\/wp-json\/wp\/v2\/types\/product"}],"wp:featuredmedia":[{"embeddable":true,"href":"https:\/\/kingarms.ee\/lv\/wp-json\/wp\/v2\/media\/155097"}],"wp:attachment":[{"href":"https:\/\/kingarms.ee\/lv\/wp-json\/wp\/v2\/media?parent=153928"}],"wp:term":[{"taxonomy":"product_brand","embeddable":true,"href":"https:\/\/kingarms.ee\/lv\/wp-json\/wp\/v2\/product_brand?post=153928"},{"taxonomy":"product_cat","embeddable":true,"href":"https:\/\/kingarms.ee\/lv\/wp-json\/wp\/v2\/product_cat?post=153928"},{"taxonomy":"product_tag","embeddable":true,"href":"https:\/\/kingarms.ee\/lv\/wp-json\/wp\/v2\/product_tag?post=153928"}],"curies":[{"name":"wp","href":"https:\/\/api.w.org\/{rel}","templated":true}]}}