{"id":153942,"date":"2025-10-10T13:27:25","date_gmt":"2025-10-10T10:27:25","guid":{"rendered":"https:\/\/kingarms.ee\/product\/ballistol-gunex-speciala-ierocu-ella-sprejs-200-ml\/"},"modified":"2025-10-10T13:28:57","modified_gmt":"2025-10-10T10:28:57","slug":"ballistol-gunex-speciala-ierocu-ella-sprejs-200-ml","status":"publish","type":"product","link":"https:\/\/kingarms.ee\/lv\/product\/ballistol-gunex-speciala-ierocu-ella-sprejs-200-ml\/","title":{"rendered":"Ballistol Gunex speci\u0101l\u0101 iero\u010du e\u013c\u013ca sprejs 200 ml"},"content":{"rendered":"<p><img loading=\"lazy\" decoding=\"async\" class=\"alignnone size-medium wp-image-153933\" src=\"https:\/\/kingarms.ee\/wp-content\/uploads\/2025\/10\/22150-138x300.jpg\" alt=\"\" width=\"138\" height=\"300\" srcset=\"https:\/\/kingarms.ee\/wp-content\/uploads\/2025\/10\/22150-138x300.jpg 138w, https:\/\/kingarms.ee\/wp-content\/uploads\/2025\/10\/22150-150x326.jpg 150w, https:\/\/kingarms.ee\/wp-content\/uploads\/2025\/10\/22150.jpg 295w\" sizes=\"auto, (max-width: 138px) 100vw, 138px\" \/><\/p>\n","protected":false},"excerpt":{"rendered":"<p>Ballistol Gunex ir profesion\u0101la iero\u010du e\u013c\u013ca, kas nodro\u0161ina ilgsto\u0161u e\u013c\u013co\u0161anu un aizsardz\u012bbu pret koroziju pat temperat\u016br\u0101 l\u012bdz \u201350 \u00b0C. T\u0101s sast\u0101vs izspie\u017e mitrumu, nov\u0113r\u0161 r\u016bsas veido\u0161anos un nodro\u0161ina vienm\u0113r\u012bgu meh\u0101nismu darb\u012bbu. 200 ml aerosols ir \u0113rts liel\u0101ku virsmu un iero\u010du apkopei, nesatur silikonu un PTFE, dro\u0161s visiem met\u0101la elementiem.  <\/p>\n","protected":false},"featured_media":155152,"template":"","meta":{"_acf_changed":false},"product_brand":[],"product_cat":[1012],"product_tag":[],"class_list":{"0":"post-153942","1":"product","2":"type-product","3":"status-publish","4":"has-post-thumbnail","6":"product_cat-ierocu-uzturesana","8":"first","9":"instock","10":"taxable","11":"shipping-taxable","12":"purchasable","13":"product-type-simple"},"acf":[],"_links":{"self":[{"href":"https:\/\/kingarms.ee\/lv\/wp-json\/wp\/v2\/product\/153942","targetHints":{"allow":["GET"]}}],"collection":[{"href":"https:\/\/kingarms.ee\/lv\/wp-json\/wp\/v2\/product"}],"about":[{"href":"https:\/\/kingarms.ee\/lv\/wp-json\/wp\/v2\/types\/product"}],"wp:featuredmedia":[{"embeddable":true,"href":"https:\/\/kingarms.ee\/lv\/wp-json\/wp\/v2\/media\/155152"}],"wp:attachment":[{"href":"https:\/\/kingarms.ee\/lv\/wp-json\/wp\/v2\/media?parent=153942"}],"wp:term":[{"taxonomy":"product_brand","embeddable":true,"href":"https:\/\/kingarms.ee\/lv\/wp-json\/wp\/v2\/product_brand?post=153942"},{"taxonomy":"product_cat","embeddable":true,"href":"https:\/\/kingarms.ee\/lv\/wp-json\/wp\/v2\/product_cat?post=153942"},{"taxonomy":"product_tag","embeddable":true,"href":"https:\/\/kingarms.ee\/lv\/wp-json\/wp\/v2\/product_tag?post=153942"}],"curies":[{"name":"wp","href":"https:\/\/api.w.org\/{rel}","templated":true}]}}