{"id":153955,"date":"2025-10-10T13:32:50","date_gmt":"2025-10-10T10:32:50","guid":{"rendered":"https:\/\/kingarms.ee\/product\/ballistol-gunex-speciala-ierocu-ella-sprejs-400-ml\/"},"modified":"2025-10-10T13:34:23","modified_gmt":"2025-10-10T10:34:23","slug":"ballistol-gunex-speciala-ierocu-ella-sprejs-400-ml","status":"publish","type":"product","link":"https:\/\/kingarms.ee\/lv\/product\/ballistol-gunex-speciala-ierocu-ella-sprejs-400-ml\/","title":{"rendered":"Ballistol Gunex speci\u0101l\u0101 iero\u010du e\u013c\u013ca sprejs 400 ml"},"content":{"rendered":"<p><img loading=\"lazy\" decoding=\"async\" class=\"alignnone size-medium wp-image-153946\" src=\"https:\/\/kingarms.ee\/wp-content\/uploads\/2025\/10\/Ballistol_Gunex_gun_oil_spray_400_ml_01-101x300.jpg\" alt=\"\" width=\"101\" height=\"300\" srcset=\"https:\/\/kingarms.ee\/wp-content\/uploads\/2025\/10\/Ballistol_Gunex_gun_oil_spray_400_ml_01-101x300.jpg 101w, https:\/\/kingarms.ee\/wp-content\/uploads\/2025\/10\/Ballistol_Gunex_gun_oil_spray_400_ml_01-150x445.jpg 150w, https:\/\/kingarms.ee\/wp-content\/uploads\/2025\/10\/Ballistol_Gunex_gun_oil_spray_400_ml_01.jpg 301w\" sizes=\"auto, (max-width: 101px) 100vw, 101px\" \/><\/p>\n","protected":false},"excerpt":{"rendered":"<p>Ballistol Gunex ir profesion\u0101la iero\u010du e\u013c\u013ca aerosola veid\u0101, kas nodro\u0161ina ilgsto\u0161u aizsardz\u012bbu pret koroziju un lielisku e\u013c\u013co\u0161anu pat temperat\u016br\u0101 l\u012bdz \u201350 \u00b0C. T\u0101s sast\u0101vs dzi\u013ci iek\u013c\u016bst meh\u0101nismos, izspie\u017e mitrumu, no\u0146em net\u012brumus un atst\u0101j aizsargpl\u0113vi pret r\u016bsu. 400 ml aerosols ir piem\u0113rots regul\u0101rai iero\u010du un met\u0101la virsmu apkopei darbn\u012bc\u0101s vai \u0161au\u0161anas klubos. Nesatur silikonu un PTFE.   <\/p>\n","protected":false},"featured_media":153949,"template":"","meta":{"_acf_changed":false},"product_brand":[],"product_cat":[1012],"product_tag":[],"class_list":{"0":"post-153955","1":"product","2":"type-product","3":"status-publish","4":"has-post-thumbnail","6":"product_cat-ierocu-uzturesana","8":"first","9":"instock","10":"sale","11":"taxable","12":"shipping-taxable","13":"purchasable","14":"product-type-simple"},"acf":[],"_links":{"self":[{"href":"https:\/\/kingarms.ee\/lv\/wp-json\/wp\/v2\/product\/153955","targetHints":{"allow":["GET"]}}],"collection":[{"href":"https:\/\/kingarms.ee\/lv\/wp-json\/wp\/v2\/product"}],"about":[{"href":"https:\/\/kingarms.ee\/lv\/wp-json\/wp\/v2\/types\/product"}],"wp:featuredmedia":[{"embeddable":true,"href":"https:\/\/kingarms.ee\/lv\/wp-json\/wp\/v2\/media\/153949"}],"wp:attachment":[{"href":"https:\/\/kingarms.ee\/lv\/wp-json\/wp\/v2\/media?parent=153955"}],"wp:term":[{"taxonomy":"product_brand","embeddable":true,"href":"https:\/\/kingarms.ee\/lv\/wp-json\/wp\/v2\/product_brand?post=153955"},{"taxonomy":"product_cat","embeddable":true,"href":"https:\/\/kingarms.ee\/lv\/wp-json\/wp\/v2\/product_cat?post=153955"},{"taxonomy":"product_tag","embeddable":true,"href":"https:\/\/kingarms.ee\/lv\/wp-json\/wp\/v2\/product_tag?post=153955"}],"curies":[{"name":"wp","href":"https:\/\/api.w.org\/{rel}","templated":true}]}}