{"id":153967,"date":"2025-10-10T13:37:19","date_gmt":"2025-10-10T10:37:19","guid":{"rendered":"https:\/\/kingarms.ee\/product\/ballistol-quick-browning-auksta-bruninasanas-skidums-50-ml\/"},"modified":"2025-10-10T13:38:55","modified_gmt":"2025-10-10T10:38:55","slug":"ballistol-quick-browning-auksta-bruninasanas-skidums-50-ml","status":"publish","type":"product","link":"https:\/\/kingarms.ee\/lv\/product\/ballistol-quick-browning-auksta-bruninasanas-skidums-50-ml\/","title":{"rendered":"Ballistol Quick Browning aukst\u0101 br\u016bnin\u0101\u0161anas \u0161\u0137\u012bdums 50 ml"},"content":{"rendered":"<p><img loading=\"lazy\" decoding=\"async\" class=\"alignnone size-medium wp-image-153959\" src=\"https:\/\/kingarms.ee\/wp-content\/uploads\/2025\/10\/prod-23630_schnellbruenierung_50ml-181x300.png\" alt=\"\" width=\"181\" height=\"300\" srcset=\"https:\/\/kingarms.ee\/wp-content\/uploads\/2025\/10\/prod-23630_schnellbruenierung_50ml-181x300.png 181w, https:\/\/kingarms.ee\/wp-content\/uploads\/2025\/10\/prod-23630_schnellbruenierung_50ml-150x248.png 150w, https:\/\/kingarms.ee\/wp-content\/uploads\/2025\/10\/prod-23630_schnellbruenierung_50ml.png 435w\" sizes=\"auto, (max-width: 181px) 100vw, 181px\" \/><\/p>\n","protected":false},"excerpt":{"rendered":"<p>Ballistol Quick Browning ir profesion\u0101ls aukst\u0101s br\u016bnin\u0101\u0161anas l\u012bdzeklis, kas \u013cauj \u0101tri un vienm\u0113r\u012bgi atjaunot vai aptum\u0161ot met\u0101la virsmas. \u0160\u0137idrums veido iztur\u012bgu, pret koroziju notur\u012bgu zilgani melnu sl\u0101ni da\u017eu sekun\u017eu laik\u0101, bez kars\u0113\u0161anas. 50 ml pudele ir piem\u0113rota gan mazu skr\u0101p\u0113jumu labo\u0161anai, gan pilnai stobra vai deta\u013cu atjauno\u0161anai. Piem\u0113rots oglek\u013ca t\u0113raudam.   <\/p>\n","protected":false},"featured_media":155170,"template":"","meta":{"_acf_changed":false},"product_brand":[],"product_cat":[1012],"product_tag":[],"class_list":{"0":"post-153967","1":"product","2":"type-product","3":"status-publish","4":"has-post-thumbnail","6":"product_cat-ierocu-uzturesana","8":"first","9":"instock","10":"taxable","11":"shipping-taxable","12":"purchasable","13":"product-type-simple"},"acf":[],"_links":{"self":[{"href":"https:\/\/kingarms.ee\/lv\/wp-json\/wp\/v2\/product\/153967","targetHints":{"allow":["GET"]}}],"collection":[{"href":"https:\/\/kingarms.ee\/lv\/wp-json\/wp\/v2\/product"}],"about":[{"href":"https:\/\/kingarms.ee\/lv\/wp-json\/wp\/v2\/types\/product"}],"wp:featuredmedia":[{"embeddable":true,"href":"https:\/\/kingarms.ee\/lv\/wp-json\/wp\/v2\/media\/155170"}],"wp:attachment":[{"href":"https:\/\/kingarms.ee\/lv\/wp-json\/wp\/v2\/media?parent=153967"}],"wp:term":[{"taxonomy":"product_brand","embeddable":true,"href":"https:\/\/kingarms.ee\/lv\/wp-json\/wp\/v2\/product_brand?post=153967"},{"taxonomy":"product_cat","embeddable":true,"href":"https:\/\/kingarms.ee\/lv\/wp-json\/wp\/v2\/product_cat?post=153967"},{"taxonomy":"product_tag","embeddable":true,"href":"https:\/\/kingarms.ee\/lv\/wp-json\/wp\/v2\/product_tag?post=153967"}],"curies":[{"name":"wp","href":"https:\/\/api.w.org\/{rel}","templated":true}]}}