{"id":153979,"date":"2025-10-10T13:43:03","date_gmt":"2025-10-10T10:43:03","guid":{"rendered":"https:\/\/kingarms.ee\/product\/ballistol-robla-solo-mil-stobra-tirisanas-lidzeklis-65-ml\/"},"modified":"2025-10-10T13:46:01","modified_gmt":"2025-10-10T10:46:01","slug":"ballistol-robla-solo-mil-stobra-tirisanas-lidzeklis-65-ml","status":"publish","type":"product","link":"https:\/\/kingarms.ee\/lv\/product\/ballistol-robla-solo-mil-stobra-tirisanas-lidzeklis-65-ml\/","title":{"rendered":"Ballistol Robla Solo MIL stobra t\u012br\u012b\u0161anas l\u012bdzeklis 65 ml"},"content":{"rendered":"<p><img loading=\"lazy\" decoding=\"async\" class=\"alignnone size-medium wp-image-153971\" src=\"https:\/\/kingarms.ee\/wp-content\/uploads\/2025\/10\/Ballistol-robla-solo-23532-212x300.jpg\" alt=\"\" width=\"212\" height=\"300\" srcset=\"https:\/\/kingarms.ee\/wp-content\/uploads\/2025\/10\/Ballistol-robla-solo-23532-212x300.jpg 212w, https:\/\/kingarms.ee\/wp-content\/uploads\/2025\/10\/Ballistol-robla-solo-23532-725x1024.jpg 725w, https:\/\/kingarms.ee\/wp-content\/uploads\/2025\/10\/Ballistol-robla-solo-23532-768x1085.jpg 768w, https:\/\/kingarms.ee\/wp-content\/uploads\/2025\/10\/Ballistol-robla-solo-23532-500x706.jpg 500w, https:\/\/kingarms.ee\/wp-content\/uploads\/2025\/10\/Ballistol-robla-solo-23532-150x212.jpg 150w, https:\/\/kingarms.ee\/wp-content\/uploads\/2025\/10\/Ballistol-robla-solo-23532.jpg 866w\" sizes=\"auto, (max-width: 212px) 100vw, 212px\" \/><\/p>\n","protected":false},"excerpt":{"rendered":"<p>Ballistol Robla Solo MIL ir profesion\u0101ls stobra t\u012br\u012b\u0161anas l\u012bdzeklis, kas izstr\u0101d\u0101ts p\u0113c milit\u0101rajiem standartiem un efekt\u012bvi \u0161\u0137\u012bdina vara, tombaka, svina, alvas un pulvera nos\u0113dumus, nesaboj\u0101jot t\u0113raudu. 65 ml pudele ir piem\u0113rota pistoles, \u0161autenes un bises kop\u0161anai, nodro\u0161inot dzi\u013cu \u0137\u012bmisku t\u012br\u012b\u0161anu un saglab\u0101jot iero\u010da precizit\u0101ti. Dro\u0161s ar\u012b hrom\u0113t\u0101m un ni\u0137el\u0113t\u0101m virsm\u0101m.   <\/p>\n","protected":false},"featured_media":155104,"template":"","meta":{"_acf_changed":false},"product_brand":[],"product_cat":[1012],"product_tag":[],"class_list":{"0":"post-153979","1":"product","2":"type-product","3":"status-publish","4":"has-post-thumbnail","6":"product_cat-ierocu-uzturesana","8":"first","9":"instock","10":"taxable","11":"shipping-taxable","12":"purchasable","13":"product-type-simple"},"acf":[],"_links":{"self":[{"href":"https:\/\/kingarms.ee\/lv\/wp-json\/wp\/v2\/product\/153979","targetHints":{"allow":["GET"]}}],"collection":[{"href":"https:\/\/kingarms.ee\/lv\/wp-json\/wp\/v2\/product"}],"about":[{"href":"https:\/\/kingarms.ee\/lv\/wp-json\/wp\/v2\/types\/product"}],"wp:featuredmedia":[{"embeddable":true,"href":"https:\/\/kingarms.ee\/lv\/wp-json\/wp\/v2\/media\/155104"}],"wp:attachment":[{"href":"https:\/\/kingarms.ee\/lv\/wp-json\/wp\/v2\/media?parent=153979"}],"wp:term":[{"taxonomy":"product_brand","embeddable":true,"href":"https:\/\/kingarms.ee\/lv\/wp-json\/wp\/v2\/product_brand?post=153979"},{"taxonomy":"product_cat","embeddable":true,"href":"https:\/\/kingarms.ee\/lv\/wp-json\/wp\/v2\/product_cat?post=153979"},{"taxonomy":"product_tag","embeddable":true,"href":"https:\/\/kingarms.ee\/lv\/wp-json\/wp\/v2\/product_tag?post=153979"}],"curies":[{"name":"wp","href":"https:\/\/api.w.org\/{rel}","templated":true}]}}