{"id":153993,"date":"2025-10-10T13:50:34","date_gmt":"2025-10-10T10:50:34","guid":{"rendered":"https:\/\/kingarms.ee\/product\/ballistol-universala-ella-sprejs-25-ml\/"},"modified":"2025-10-10T13:52:19","modified_gmt":"2025-10-10T10:52:19","slug":"ballistol-universala-ella-sprejs-25-ml","status":"publish","type":"product","link":"https:\/\/kingarms.ee\/lv\/product\/ballistol-universala-ella-sprejs-25-ml\/","title":{"rendered":"Ballistol univers\u0101l\u0101 e\u013c\u013ca sprejs 25 ml"},"content":{"rendered":"<p><img loading=\"lazy\" decoding=\"async\" class=\"alignnone size-medium wp-image-153983\" src=\"https:\/\/kingarms.ee\/wp-content\/uploads\/2025\/10\/16006_s-300x300.jpg\" alt=\"\" width=\"300\" height=\"300\" srcset=\"https:\/\/kingarms.ee\/wp-content\/uploads\/2025\/10\/16006_s-300x300.jpg 300w, https:\/\/kingarms.ee\/wp-content\/uploads\/2025\/10\/16006_s-150x150.jpg 150w, https:\/\/kingarms.ee\/wp-content\/uploads\/2025\/10\/16006_s-768x768.jpg 768w, https:\/\/kingarms.ee\/wp-content\/uploads\/2025\/10\/16006_s-500x500.jpg 500w, https:\/\/kingarms.ee\/wp-content\/uploads\/2025\/10\/16006_s.jpg 1000w\" sizes=\"auto, (max-width: 300px) 100vw, 300px\" \/><\/p>\n","protected":false},"excerpt":{"rendered":"<p>Ballistol Universal Oil ir le\u0123end\u0101ra daudzfunkcion\u0101la e\u013c\u013ca, kas t\u012bra, e\u013c\u013co un aizsarg\u0101 met\u0101la, koka, \u0101das un plastmasas virsmas. 25 ml aerosols ir piem\u0113rots prec\u012bzai lieto\u0161anai iero\u010du kop\u0161an\u0101, instrumentu un meh\u0101nismu e\u013c\u013co\u0161an\u0101. E\u013c\u013ca dzi\u013ci ies\u016bcas, izspie\u017e mitrumu un pasarg\u0101 no korozijas. Biolo\u0123iski no\u0101rd\u0101ma un dro\u0161a \u0101dai, nesatur silikonu un PTFE. Ra\u017eots V\u0101cij\u0101 kop\u0161 1904. gada.     <\/p>\n","protected":false},"featured_media":155084,"template":"","meta":{"_acf_changed":false},"product_brand":[],"product_cat":[1012],"product_tag":[],"class_list":{"0":"post-153993","1":"product","2":"type-product","3":"status-publish","4":"has-post-thumbnail","6":"product_cat-ierocu-uzturesana","8":"first","9":"instock","10":"taxable","11":"shipping-taxable","12":"purchasable","13":"product-type-simple"},"acf":[],"_links":{"self":[{"href":"https:\/\/kingarms.ee\/lv\/wp-json\/wp\/v2\/product\/153993","targetHints":{"allow":["GET"]}}],"collection":[{"href":"https:\/\/kingarms.ee\/lv\/wp-json\/wp\/v2\/product"}],"about":[{"href":"https:\/\/kingarms.ee\/lv\/wp-json\/wp\/v2\/types\/product"}],"wp:featuredmedia":[{"embeddable":true,"href":"https:\/\/kingarms.ee\/lv\/wp-json\/wp\/v2\/media\/155084"}],"wp:attachment":[{"href":"https:\/\/kingarms.ee\/lv\/wp-json\/wp\/v2\/media?parent=153993"}],"wp:term":[{"taxonomy":"product_brand","embeddable":true,"href":"https:\/\/kingarms.ee\/lv\/wp-json\/wp\/v2\/product_brand?post=153993"},{"taxonomy":"product_cat","embeddable":true,"href":"https:\/\/kingarms.ee\/lv\/wp-json\/wp\/v2\/product_cat?post=153993"},{"taxonomy":"product_tag","embeddable":true,"href":"https:\/\/kingarms.ee\/lv\/wp-json\/wp\/v2\/product_tag?post=153993"}],"curies":[{"name":"wp","href":"https:\/\/api.w.org\/{rel}","templated":true}]}}