{"id":154045,"date":"2025-10-10T14:10:27","date_gmt":"2025-10-10T11:10:27","guid":{"rendered":"https:\/\/kingarms.ee\/product\/ballistol-udensnecaurlaidibas-sprejs-200-ml\/"},"modified":"2025-10-10T14:12:02","modified_gmt":"2025-10-10T11:12:02","slug":"ballistol-udensnecaurlaidibas-sprejs-200-ml","status":"publish","type":"product","link":"https:\/\/kingarms.ee\/lv\/product\/ballistol-udensnecaurlaidibas-sprejs-200-ml\/","title":{"rendered":"Ballistol \u016bdensnecaurlaid\u012bbas sprejs 200 ml"},"content":{"rendered":"<p><img loading=\"lazy\" decoding=\"async\" class=\"alignnone size-medium wp-image-154037\" src=\"https:\/\/kingarms.ee\/wp-content\/uploads\/2025\/10\/prod-25000-180x300.png\" alt=\"\" width=\"180\" height=\"300\" srcset=\"https:\/\/kingarms.ee\/wp-content\/uploads\/2025\/10\/prod-25000-180x300.png 180w, https:\/\/kingarms.ee\/wp-content\/uploads\/2025\/10\/prod-25000-150x250.png 150w, https:\/\/kingarms.ee\/wp-content\/uploads\/2025\/10\/prod-25000.png 432w\" sizes=\"auto, (max-width: 180px) 100vw, 180px\" \/><\/p>\n","protected":false},"excerpt":{"rendered":"<p>Ballistol Waterproofing Spray ir augstas kvalit\u0101tes aizsardz\u012bbas l\u012bdzeklis, kas padara tekstila, \u0101das, zam\u0161a un sint\u0113tisk\u0101s virsmas \u016bdeni atgr\u016bdo\u0161as, nesamazinot to elpojam\u012bbu. 200 ml aerosols efekt\u012bvi aizsarg\u0101 pret lietu, sniegu un net\u012brumiem, saglab\u0101jot materi\u0101la elast\u012bbu un kr\u0101su. Ide\u0101li piem\u0113rots jak\u0101m, apaviem, telt\u012bm un mugursom\u0101m. Nesatur silikonu, biolo\u0123iski no\u0101rd\u0101ms un dro\u0161s jut\u012bgiem materi\u0101liem.    <\/p>\n","protected":false},"featured_media":155146,"template":"","meta":{"_acf_changed":false},"product_brand":[],"product_cat":[1012],"product_tag":[],"class_list":{"0":"post-154045","1":"product","2":"type-product","3":"status-publish","4":"has-post-thumbnail","6":"product_cat-ierocu-uzturesana","8":"first","9":"instock","10":"taxable","11":"shipping-taxable","12":"purchasable","13":"product-type-simple"},"acf":[],"_links":{"self":[{"href":"https:\/\/kingarms.ee\/lv\/wp-json\/wp\/v2\/product\/154045","targetHints":{"allow":["GET"]}}],"collection":[{"href":"https:\/\/kingarms.ee\/lv\/wp-json\/wp\/v2\/product"}],"about":[{"href":"https:\/\/kingarms.ee\/lv\/wp-json\/wp\/v2\/types\/product"}],"wp:featuredmedia":[{"embeddable":true,"href":"https:\/\/kingarms.ee\/lv\/wp-json\/wp\/v2\/media\/155146"}],"wp:attachment":[{"href":"https:\/\/kingarms.ee\/lv\/wp-json\/wp\/v2\/media?parent=154045"}],"wp:term":[{"taxonomy":"product_brand","embeddable":true,"href":"https:\/\/kingarms.ee\/lv\/wp-json\/wp\/v2\/product_brand?post=154045"},{"taxonomy":"product_cat","embeddable":true,"href":"https:\/\/kingarms.ee\/lv\/wp-json\/wp\/v2\/product_cat?post=154045"},{"taxonomy":"product_tag","embeddable":true,"href":"https:\/\/kingarms.ee\/lv\/wp-json\/wp\/v2\/product_tag?post=154045"}],"curies":[{"name":"wp","href":"https:\/\/api.w.org\/{rel}","templated":true}]}}