{"id":154075,"date":"2025-10-10T14:18:27","date_gmt":"2025-10-10T11:18:27","guid":{"rendered":"https:\/\/kingarms.ee\/product\/borner-predator-elite-co%e2%82%82-pistole-kalibrs-45-mm-177\/"},"modified":"2025-10-10T14:20:39","modified_gmt":"2025-10-10T11:20:39","slug":"borner-predator-elite-co%e2%82%82-pistole-kalibrs-45-mm-177","status":"publish","type":"product","link":"https:\/\/kingarms.ee\/lv\/product\/borner-predator-elite-co%e2%82%82-pistole-kalibrs-45-mm-177\/","title":{"rendered":"BORNER Predator Elite CO\u2082 pistole, kalibrs 4,5 mm (.177)"},"content":{"rendered":"<p><img loading=\"lazy\" decoding=\"async\" class=\"alignnone size-medium wp-image-154049\" src=\"https:\/\/kingarms.ee\/wp-content\/uploads\/2025\/10\/eng_pl_Borner-Predator-Elite-Blow-Back-4-5-mm-CO2-Air-Pistol-11-2022-124038_1-300x300.webp\" alt=\"\" width=\"300\" height=\"300\" srcset=\"https:\/\/kingarms.ee\/wp-content\/uploads\/2025\/10\/eng_pl_Borner-Predator-Elite-Blow-Back-4-5-mm-CO2-Air-Pistol-11-2022-124038_1-300x300.webp 300w, https:\/\/kingarms.ee\/wp-content\/uploads\/2025\/10\/eng_pl_Borner-Predator-Elite-Blow-Back-4-5-mm-CO2-Air-Pistol-11-2022-124038_1-1024x1024.webp 1024w, https:\/\/kingarms.ee\/wp-content\/uploads\/2025\/10\/eng_pl_Borner-Predator-Elite-Blow-Back-4-5-mm-CO2-Air-Pistol-11-2022-124038_1-150x150.webp 150w, https:\/\/kingarms.ee\/wp-content\/uploads\/2025\/10\/eng_pl_Borner-Predator-Elite-Blow-Back-4-5-mm-CO2-Air-Pistol-11-2022-124038_1-768x768.webp 768w, https:\/\/kingarms.ee\/wp-content\/uploads\/2025\/10\/eng_pl_Borner-Predator-Elite-Blow-Back-4-5-mm-CO2-Air-Pistol-11-2022-124038_1-500x500.webp 500w, https:\/\/kingarms.ee\/wp-content\/uploads\/2025\/10\/eng_pl_Borner-Predator-Elite-Blow-Back-4-5-mm-CO2-Air-Pistol-11-2022-124038_1.webp 1200w\" sizes=\"auto, (max-width: 300px) 100vw, 300px\" \/><\/p>\n","protected":false},"excerpt":{"rendered":"<p>BORNER Predator Elite ir realistiska Colt 1911 stila CO\u2082 pistole 4,5 mm (.177) kalibr\u0101, paredz\u0113ta t\u0113rauda BB lod\u0113m; t\u0101 darbojas ar 12 g CO\u2082 k\u0101rtrid\u017eiem, apr\u012bkota ar blowback meh\u0101nismu re\u0101listiskai atsitienam, tiek barota no iz\u0146emama aptuveni 19 \u0161\u0101vienu \u017eurn\u0101la, nodro\u0161ina aptuveni 120 m\/s (~394 fps) \u0101trumu un aptuveni 3 J ener\u0123iju, tai ir met\u0101la sl\u012bd\u0113 un met\u0101la\/polim\u0113ra korpuss, svars apm\u0113ram 1,1 kg \u2014 piem\u0113rota br\u012bv\u0101 laika \u0161au\u0161anai un treni\u0146iem.<\/p>\n","protected":false},"featured_media":154052,"template":"","meta":{"_acf_changed":false},"product_brand":[],"product_cat":[1005],"product_tag":[],"class_list":{"0":"post-154075","1":"product","2":"type-product","3":"status-publish","4":"has-post-thumbnail","6":"product_cat-rokas-pistoles-lv","8":"first","9":"instock","10":"taxable","11":"shipping-taxable","12":"purchasable","13":"product-type-simple"},"acf":[],"_links":{"self":[{"href":"https:\/\/kingarms.ee\/lv\/wp-json\/wp\/v2\/product\/154075","targetHints":{"allow":["GET"]}}],"collection":[{"href":"https:\/\/kingarms.ee\/lv\/wp-json\/wp\/v2\/product"}],"about":[{"href":"https:\/\/kingarms.ee\/lv\/wp-json\/wp\/v2\/types\/product"}],"wp:featuredmedia":[{"embeddable":true,"href":"https:\/\/kingarms.ee\/lv\/wp-json\/wp\/v2\/media\/154052"}],"wp:attachment":[{"href":"https:\/\/kingarms.ee\/lv\/wp-json\/wp\/v2\/media?parent=154075"}],"wp:term":[{"taxonomy":"product_brand","embeddable":true,"href":"https:\/\/kingarms.ee\/lv\/wp-json\/wp\/v2\/product_brand?post=154075"},{"taxonomy":"product_cat","embeddable":true,"href":"https:\/\/kingarms.ee\/lv\/wp-json\/wp\/v2\/product_cat?post=154075"},{"taxonomy":"product_tag","embeddable":true,"href":"https:\/\/kingarms.ee\/lv\/wp-json\/wp\/v2\/product_tag?post=154075"}],"curies":[{"name":"wp","href":"https:\/\/api.w.org\/{rel}","templated":true}]}}