{"id":154093,"date":"2025-10-10T14:26:47","date_gmt":"2025-10-10T11:26:47","guid":{"rendered":"https:\/\/kingarms.ee\/product\/crosman-cm9b-mako-co%e2%82%82-pistole-kalibrs-45-mm-177\/"},"modified":"2025-10-10T14:28:29","modified_gmt":"2025-10-10T11:28:29","slug":"crosman-cm9b-mako-co%e2%82%82-pistole-kalibrs-45-mm-177","status":"publish","type":"product","link":"https:\/\/kingarms.ee\/lv\/product\/crosman-cm9b-mako-co%e2%82%82-pistole-kalibrs-45-mm-177\/","title":{"rendered":"Crosman CM9B Mako CO\u2082 pistole, kalibrs 4,5 mm (.177)"},"content":{"rendered":"<p><img loading=\"lazy\" decoding=\"async\" class=\"alignnone size-medium wp-image-154085\" src=\"https:\/\/kingarms.ee\/wp-content\/uploads\/2025\/10\/0765786b-85c5-11e9-8589-001e67ad91cb_bf07b3d7-a8c3-11eb-8fa2-00155dd95b07-300x300.png\" alt=\"\" width=\"300\" height=\"300\" srcset=\"https:\/\/kingarms.ee\/wp-content\/uploads\/2025\/10\/0765786b-85c5-11e9-8589-001e67ad91cb_bf07b3d7-a8c3-11eb-8fa2-00155dd95b07-300x300.png 300w, https:\/\/kingarms.ee\/wp-content\/uploads\/2025\/10\/0765786b-85c5-11e9-8589-001e67ad91cb_bf07b3d7-a8c3-11eb-8fa2-00155dd95b07-1024x1024.png 1024w, https:\/\/kingarms.ee\/wp-content\/uploads\/2025\/10\/0765786b-85c5-11e9-8589-001e67ad91cb_bf07b3d7-a8c3-11eb-8fa2-00155dd95b07-150x150.png 150w, https:\/\/kingarms.ee\/wp-content\/uploads\/2025\/10\/0765786b-85c5-11e9-8589-001e67ad91cb_bf07b3d7-a8c3-11eb-8fa2-00155dd95b07-768x768.png 768w, https:\/\/kingarms.ee\/wp-content\/uploads\/2025\/10\/0765786b-85c5-11e9-8589-001e67ad91cb_bf07b3d7-a8c3-11eb-8fa2-00155dd95b07-1536x1536.png 1536w, https:\/\/kingarms.ee\/wp-content\/uploads\/2025\/10\/0765786b-85c5-11e9-8589-001e67ad91cb_bf07b3d7-a8c3-11eb-8fa2-00155dd95b07-500x500.png 500w, https:\/\/kingarms.ee\/wp-content\/uploads\/2025\/10\/0765786b-85c5-11e9-8589-001e67ad91cb_bf07b3d7-a8c3-11eb-8fa2-00155dd95b07.png 1950w\" sizes=\"auto, (max-width: 300px) 100vw, 300px\" \/><\/p>\n","protected":false},"excerpt":{"rendered":"<p>Crosman CM9B Mako ir Beretta stila CO\u2082 pusautom\u0101tisk\u0101 BB pistole kalibr\u0101 .177 (4,5 mm), darbin\u0101ma ar vienu 12 g CO\u2082 k\u0101rtrid\u017eu un barota no iz\u0146emama aptuveni 20 \u0161\u0101vienu \u017eurn\u0101la; t\u0101 apr\u012bkota ar blowback meh\u0101nismu re\u0101listiskai atsitienai, met\u0101la sl\u012bdu un t\u0113rauda gludu mucu, fiber-optic priek\u0161\u0113jo un aizmugur\u0113jo t\u0113mekli, Picatinny sliedi piederumiem un nodro\u0161ina \u0101trumu l\u012bdz ~400\u2013425 fps atkar\u012bb\u0101 no BB \u2014 labs variants treni\u0146iem un izklaidei.<\/p>\n","protected":false},"featured_media":154088,"template":"","meta":{"_acf_changed":false},"product_brand":[],"product_cat":[1005],"product_tag":[],"class_list":{"0":"post-154093","1":"product","2":"type-product","3":"status-publish","4":"has-post-thumbnail","6":"product_cat-rokas-pistoles-lv","8":"first","9":"instock","10":"taxable","11":"shipping-taxable","12":"purchasable","13":"product-type-simple"},"acf":[],"_links":{"self":[{"href":"https:\/\/kingarms.ee\/lv\/wp-json\/wp\/v2\/product\/154093","targetHints":{"allow":["GET"]}}],"collection":[{"href":"https:\/\/kingarms.ee\/lv\/wp-json\/wp\/v2\/product"}],"about":[{"href":"https:\/\/kingarms.ee\/lv\/wp-json\/wp\/v2\/types\/product"}],"wp:featuredmedia":[{"embeddable":true,"href":"https:\/\/kingarms.ee\/lv\/wp-json\/wp\/v2\/media\/154088"}],"wp:attachment":[{"href":"https:\/\/kingarms.ee\/lv\/wp-json\/wp\/v2\/media?parent=154093"}],"wp:term":[{"taxonomy":"product_brand","embeddable":true,"href":"https:\/\/kingarms.ee\/lv\/wp-json\/wp\/v2\/product_brand?post=154093"},{"taxonomy":"product_cat","embeddable":true,"href":"https:\/\/kingarms.ee\/lv\/wp-json\/wp\/v2\/product_cat?post=154093"},{"taxonomy":"product_tag","embeddable":true,"href":"https:\/\/kingarms.ee\/lv\/wp-json\/wp\/v2\/product_tag?post=154093"}],"curies":[{"name":"wp","href":"https:\/\/api.w.org\/{rel}","templated":true}]}}