{"id":154107,"date":"2025-10-10T14:33:39","date_gmt":"2025-10-10T11:33:39","guid":{"rendered":"https:\/\/kingarms.ee\/product\/crosman-sheridan-sheridan-cowboy-co%e2%82%82-revolvers-kalibrs-177-45-mm\/"},"modified":"2025-10-10T14:35:23","modified_gmt":"2025-10-10T11:35:23","slug":"crosman-sheridan-sheridan-cowboy-co%e2%82%82-revolvers-kalibrs-177-45-mm","status":"publish","type":"product","link":"https:\/\/kingarms.ee\/lv\/product\/crosman-sheridan-sheridan-cowboy-co%e2%82%82-revolvers-kalibrs-177-45-mm\/","title":{"rendered":"Crosman Sheridan (Sheridan Cowboy) CO\u2082 revolvers, kalibrs .177 \/ 4,5 mm"},"content":{"rendered":"<p><img loading=\"lazy\" decoding=\"async\" class=\"alignnone size-medium wp-image-154098\" src=\"https:\/\/kingarms.ee\/wp-content\/uploads\/2025\/10\/sheridan-cowboy-1000x1000w-300x300.gif\" alt=\"\" width=\"300\" height=\"300\" srcset=\"https:\/\/kingarms.ee\/wp-content\/uploads\/2025\/10\/sheridan-cowboy-1000x1000w-300x300.gif 300w, https:\/\/kingarms.ee\/wp-content\/uploads\/2025\/10\/sheridan-cowboy-1000x1000w-150x150.gif 150w, https:\/\/kingarms.ee\/wp-content\/uploads\/2025\/10\/sheridan-cowboy-1000x1000w-768x768.gif 768w, https:\/\/kingarms.ee\/wp-content\/uploads\/2025\/10\/sheridan-cowboy-1000x1000w-500x500.gif 500w\" sizes=\"auto, (max-width: 300px) 100vw, 300px\" \/><\/p>\n","protected":false},"excerpt":{"rendered":"<p>Crosman Sheridan ir vienk\u0101r\u0161as darb\u012bbas (single-action) CO\u2082 revolvers vestern-stil\u0101, kas sp\u0113j \u0161aut gan .177 pelletes, gan 4,5 mm BB lod\u012btes no 6 \u0161\u0101vienu cilindri\u0146a, darbin\u0101ms ar vienu 12 g CO\u2082 kapsulu; ier\u012bcei ir funkcion\u0113jo\u0161s \u0101murs, iel\u0101des v\u0101ci\u0146\u0161 un ekstraktors, met\u0101la korpuss (svars aptuveni 1,04 kg), garums ap 33\u201334 cm un tipiskas lodes s\u0101kuma \u0101trums ap ~120 m\/s (~390\u2013400 fps) atkar\u012bb\u0101 no mun\u012bcijas \u2014 ide\u0101li piem\u0113rots plink\u0113\u0161anai, retr\u012btrepliku\u0161anai un hobijam.<\/p>\n","protected":false},"featured_media":154101,"template":"","meta":{"_acf_changed":false},"product_brand":[],"product_cat":[1005],"product_tag":[],"class_list":{"0":"post-154107","1":"product","2":"type-product","3":"status-publish","4":"has-post-thumbnail","6":"product_cat-rokas-pistoles-lv","8":"first","9":"instock","10":"sale","11":"taxable","12":"shipping-taxable","13":"purchasable","14":"product-type-simple"},"acf":[],"_links":{"self":[{"href":"https:\/\/kingarms.ee\/lv\/wp-json\/wp\/v2\/product\/154107","targetHints":{"allow":["GET"]}}],"collection":[{"href":"https:\/\/kingarms.ee\/lv\/wp-json\/wp\/v2\/product"}],"about":[{"href":"https:\/\/kingarms.ee\/lv\/wp-json\/wp\/v2\/types\/product"}],"wp:featuredmedia":[{"embeddable":true,"href":"https:\/\/kingarms.ee\/lv\/wp-json\/wp\/v2\/media\/154101"}],"wp:attachment":[{"href":"https:\/\/kingarms.ee\/lv\/wp-json\/wp\/v2\/media?parent=154107"}],"wp:term":[{"taxonomy":"product_brand","embeddable":true,"href":"https:\/\/kingarms.ee\/lv\/wp-json\/wp\/v2\/product_brand?post=154107"},{"taxonomy":"product_cat","embeddable":true,"href":"https:\/\/kingarms.ee\/lv\/wp-json\/wp\/v2\/product_cat?post=154107"},{"taxonomy":"product_tag","embeddable":true,"href":"https:\/\/kingarms.ee\/lv\/wp-json\/wp\/v2\/product_tag?post=154107"}],"curies":[{"name":"wp","href":"https:\/\/api.w.org\/{rel}","templated":true}]}}