{"id":154132,"date":"2025-10-10T14:43:21","date_gmt":"2025-10-10T11:43:21","guid":{"rendered":"https:\/\/kingarms.ee\/product\/leapers-utg-1x30-kolimatora-sarkanais-zalais-taiklais\/"},"modified":"2025-10-10T14:46:09","modified_gmt":"2025-10-10T11:46:09","slug":"leapers-utg-1x30-kolimatora-sarkanais-zalais-taiklais","status":"publish","type":"product","link":"https:\/\/kingarms.ee\/lv\/product\/leapers-utg-1x30-kolimatora-sarkanais-zalais-taiklais\/","title":{"rendered":"Leapers (UTG) 1\u00d730 kolimatora\/ sarkanais-za\u013cais taiklais"},"content":{"rendered":"<p><img loading=\"lazy\" decoding=\"async\" class=\"alignnone size-medium wp-image-154111\" src=\"https:\/\/kingarms.ee\/wp-content\/uploads\/2025\/10\/30191b33-6a27-11e8-84b3-001e67ad91cb_9fad016a-8521-11ee-b77c-00155d9a7102-300x300.png\" alt=\"\" width=\"300\" height=\"300\" srcset=\"https:\/\/kingarms.ee\/wp-content\/uploads\/2025\/10\/30191b33-6a27-11e8-84b3-001e67ad91cb_9fad016a-8521-11ee-b77c-00155d9a7102-300x300.png 300w, https:\/\/kingarms.ee\/wp-content\/uploads\/2025\/10\/30191b33-6a27-11e8-84b3-001e67ad91cb_9fad016a-8521-11ee-b77c-00155d9a7102-1020x1024.png 1020w, https:\/\/kingarms.ee\/wp-content\/uploads\/2025\/10\/30191b33-6a27-11e8-84b3-001e67ad91cb_9fad016a-8521-11ee-b77c-00155d9a7102-150x151.png 150w, https:\/\/kingarms.ee\/wp-content\/uploads\/2025\/10\/30191b33-6a27-11e8-84b3-001e67ad91cb_9fad016a-8521-11ee-b77c-00155d9a7102-768x771.png 768w, https:\/\/kingarms.ee\/wp-content\/uploads\/2025\/10\/30191b33-6a27-11e8-84b3-001e67ad91cb_9fad016a-8521-11ee-b77c-00155d9a7102-500x502.png 500w, https:\/\/kingarms.ee\/wp-content\/uploads\/2025\/10\/30191b33-6a27-11e8-84b3-001e67ad91cb_9fad016a-8521-11ee-b77c-00155d9a7102.png 1161w\" sizes=\"auto, (max-width: 300px) 100vw, 300px\" \/><\/p>\n","protected":false},"excerpt":{"rendered":"<p>Leapers 1\u00d730 ir kompakts kolimatora tipa taiklis ar 30 mm objekt\u012bvu un 1\u00d7 palielin\u0101jumu, kas nodro\u0161ina bezparalakses m\u0113r\u0137\u0113\u0161anu un \u0101tru m\u0113r\u0137\u0113\u0161anu; parasti apr\u012bkots ar 4 MOA punktu \/ ri\u0146\u0137a-punkta retikulu, sarkan\u0101\/za\u013c\u0101 apgaismojuma regul\u0113\u0161anu (da\u017e\u0101di spilgtuma l\u012bme\u0146i), CR2032 bateriju baro\u0161anu, \u0101tras atkaus\u0113\u0161anas Picatinny\/Weaver stiprin\u0101jumu un v\u0101ci\u0146iem \u2014 piem\u0113rots \u0101trai m\u0113r\u0137a no\u0137er\u0161anai pistoles, karab\u012bna vai pneimatiskajai platformai.<\/p>\n","protected":false},"featured_media":154114,"template":"","meta":{"_acf_changed":false},"product_brand":[],"product_cat":[1067],"product_tag":[],"class_list":{"0":"post-154132","1":"product","2":"type-product","3":"status-publish","4":"has-post-thumbnail","6":"product_cat-skats","8":"first","9":"instock","10":"taxable","11":"shipping-taxable","12":"purchasable","13":"product-type-simple"},"acf":[],"_links":{"self":[{"href":"https:\/\/kingarms.ee\/lv\/wp-json\/wp\/v2\/product\/154132","targetHints":{"allow":["GET"]}}],"collection":[{"href":"https:\/\/kingarms.ee\/lv\/wp-json\/wp\/v2\/product"}],"about":[{"href":"https:\/\/kingarms.ee\/lv\/wp-json\/wp\/v2\/types\/product"}],"wp:featuredmedia":[{"embeddable":true,"href":"https:\/\/kingarms.ee\/lv\/wp-json\/wp\/v2\/media\/154114"}],"wp:attachment":[{"href":"https:\/\/kingarms.ee\/lv\/wp-json\/wp\/v2\/media?parent=154132"}],"wp:term":[{"taxonomy":"product_brand","embeddable":true,"href":"https:\/\/kingarms.ee\/lv\/wp-json\/wp\/v2\/product_brand?post=154132"},{"taxonomy":"product_cat","embeddable":true,"href":"https:\/\/kingarms.ee\/lv\/wp-json\/wp\/v2\/product_cat?post=154132"},{"taxonomy":"product_tag","embeddable":true,"href":"https:\/\/kingarms.ee\/lv\/wp-json\/wp\/v2\/product_tag?post=154132"}],"curies":[{"name":"wp","href":"https:\/\/api.w.org\/{rel}","templated":true}]}}