{"id":154165,"date":"2025-10-10T15:06:09","date_gmt":"2025-10-10T12:06:09","guid":{"rendered":"https:\/\/kingarms.ee\/product\/crosman-dpms-sbr-rezerves-magazina-25-lodites-2x12-g-co%e2%82%82\/"},"modified":"2025-10-10T15:07:57","modified_gmt":"2025-10-10T12:07:57","slug":"crosman-dpms-sbr-rezerves-magazina-25-lodites-2x12-g-co%e2%82%82","status":"publish","type":"product","link":"https:\/\/kingarms.ee\/lv\/product\/crosman-dpms-sbr-rezerves-magazina-25-lodites-2x12-g-co%e2%82%82\/","title":{"rendered":"Crosman DPMS SBR rezerves magaz\u012bna (25 lod\u012btes, 2\u00d712 g CO\u2082)"},"content":{"rendered":"<p><img loading=\"lazy\" decoding=\"async\" class=\"alignnone size-medium wp-image-154149\" src=\"https:\/\/kingarms.ee\/wp-content\/uploads\/2025\/10\/a9ef74cad34611ebbaa700155dfa8628_1-800x800-1-300x300.jpg\" alt=\"\" width=\"300\" height=\"300\" srcset=\"https:\/\/kingarms.ee\/wp-content\/uploads\/2025\/10\/a9ef74cad34611ebbaa700155dfa8628_1-800x800-1-300x300.jpg 300w, https:\/\/kingarms.ee\/wp-content\/uploads\/2025\/10\/a9ef74cad34611ebbaa700155dfa8628_1-800x800-1-150x150.jpg 150w, https:\/\/kingarms.ee\/wp-content\/uploads\/2025\/10\/a9ef74cad34611ebbaa700155dfa8628_1-800x800-1-768x768.jpg 768w, https:\/\/kingarms.ee\/wp-content\/uploads\/2025\/10\/a9ef74cad34611ebbaa700155dfa8628_1-800x800-1-500x500.jpg 500w, https:\/\/kingarms.ee\/wp-content\/uploads\/2025\/10\/a9ef74cad34611ebbaa700155dfa8628_1-800x800-1.jpg 800w\" sizes=\"auto, (max-width: 300px) 100vw, 300px\" \/><\/p>\n","protected":false},"excerpt":{"rendered":"<p>Rezerves magaz\u012bna, kas sader\u012bga ar Crosman DPMS SBR BB \u0161auteni; ietilp\u012bba 25 .177 (4,5 mm) lod\u012btes, paredz\u0113tas div\u0101m 12 g CO\u2082 kapsul\u0101m (g\u0101ze nav komplekt\u0101), \u0113rt\u0101 drop-free AR tipa konstrukcija nodro\u0161ina \u0101tru mai\u0146u un vienk\u0101r\u0161u uzpildi \u2014 piem\u0113rota treni\u0146iem un izklaidei.<\/p>\n","protected":false},"featured_media":154152,"template":"","meta":{"_acf_changed":false},"product_brand":[],"product_cat":[1129],"product_tag":[],"class_list":{"0":"post-154165","1":"product","2":"type-product","3":"status-publish","4":"has-post-thumbnail","6":"product_cat-rezerves-dalas","8":"first","9":"instock","10":"taxable","11":"shipping-taxable","12":"purchasable","13":"product-type-simple"},"acf":[],"_links":{"self":[{"href":"https:\/\/kingarms.ee\/lv\/wp-json\/wp\/v2\/product\/154165","targetHints":{"allow":["GET"]}}],"collection":[{"href":"https:\/\/kingarms.ee\/lv\/wp-json\/wp\/v2\/product"}],"about":[{"href":"https:\/\/kingarms.ee\/lv\/wp-json\/wp\/v2\/types\/product"}],"wp:featuredmedia":[{"embeddable":true,"href":"https:\/\/kingarms.ee\/lv\/wp-json\/wp\/v2\/media\/154152"}],"wp:attachment":[{"href":"https:\/\/kingarms.ee\/lv\/wp-json\/wp\/v2\/media?parent=154165"}],"wp:term":[{"taxonomy":"product_brand","embeddable":true,"href":"https:\/\/kingarms.ee\/lv\/wp-json\/wp\/v2\/product_brand?post=154165"},{"taxonomy":"product_cat","embeddable":true,"href":"https:\/\/kingarms.ee\/lv\/wp-json\/wp\/v2\/product_cat?post=154165"},{"taxonomy":"product_tag","embeddable":true,"href":"https:\/\/kingarms.ee\/lv\/wp-json\/wp\/v2\/product_tag?post=154165"}],"curies":[{"name":"wp","href":"https:\/\/api.w.org\/{rel}","templated":true}]}}