{"id":154177,"date":"2025-10-10T15:13:53","date_gmt":"2025-10-10T12:13:53","guid":{"rendered":"https:\/\/kingarms.ee\/product\/atrais-savienojums-viriesu-1-8-npt-no-nerusejosa-terauda\/"},"modified":"2025-10-10T15:15:47","modified_gmt":"2025-10-10T12:15:47","slug":"atrais-savienojums-viriesu-1-8-npt-no-nerusejosa-terauda","status":"publish","type":"product","link":"https:\/\/kingarms.ee\/lv\/product\/atrais-savienojums-viriesu-1-8-npt-no-nerusejosa-terauda\/","title":{"rendered":"\u0100trais savienojums (v\u012brie\u0161u) 1\/8 NPT no ner\u016bs\u0113jo\u0161\u0101 t\u0113rauda"},"content":{"rendered":"<p><img loading=\"lazy\" decoding=\"async\" class=\"alignnone size-medium wp-image-154169\" src=\"https:\/\/kingarms.ee\/wp-content\/uploads\/2025\/10\/perehodnik-kvik-mama-1-8-coral-bh-kf-1700062634-10-300x247.jpg\" alt=\"\" width=\"300\" height=\"247\" srcset=\"https:\/\/kingarms.ee\/wp-content\/uploads\/2025\/10\/perehodnik-kvik-mama-1-8-coral-bh-kf-1700062634-10-300x247.jpg 300w, https:\/\/kingarms.ee\/wp-content\/uploads\/2025\/10\/perehodnik-kvik-mama-1-8-coral-bh-kf-1700062634-10-1024x843.jpg 1024w, https:\/\/kingarms.ee\/wp-content\/uploads\/2025\/10\/perehodnik-kvik-mama-1-8-coral-bh-kf-1700062634-10-768x632.jpg 768w, https:\/\/kingarms.ee\/wp-content\/uploads\/2025\/10\/perehodnik-kvik-mama-1-8-coral-bh-kf-1700062634-10-1536x1265.jpg 1536w, https:\/\/kingarms.ee\/wp-content\/uploads\/2025\/10\/perehodnik-kvik-mama-1-8-coral-bh-kf-1700062634-10-2048x1687.jpg 2048w, https:\/\/kingarms.ee\/wp-content\/uploads\/2025\/10\/perehodnik-kvik-mama-1-8-coral-bh-kf-1700062634-10-500x412.jpg 500w, https:\/\/kingarms.ee\/wp-content\/uploads\/2025\/10\/perehodnik-kvik-mama-1-8-coral-bh-kf-1700062634-10-150x124.jpg 150w\" sizes=\"auto, (max-width: 300px) 100vw, 300px\" \/><\/p>\n","protected":false},"excerpt":{"rendered":"<p>\u0100trais savienojums (v\u012brie\u0161u) 1\/8 NPT no ner\u016bs\u0113jo\u0161\u0101 t\u0113rauda Borner \/ Remington pumpim (sader\u012bgs ar Hatsan) \u2014 Augstas kvalit\u0101tes \u0101trais v\u012bt\u0146u savienojums no ner\u016bs\u0113jo\u0161\u0101 t\u0113rauda ar 1\/8 NPT v\u012btni, paredz\u0113ts Borner un Remington PCP pump\u0113m, k\u0101 ar\u012b sader\u012bgs ar Hatsan apr\u012bkojumu. Nodro\u0161ina dro\u0161u, herm\u0113tisku un iztur\u012bgu savienojumu augstspiediena gaisa sist\u0113m\u0101m. Lieliska izv\u0113le \u0101trai un dro\u0161ai savieno\u0161anai vai atvieno\u0161anai gaisa uzpildes laik\u0101.  <\/p>\n","protected":false},"featured_media":154172,"template":"","meta":{"_acf_changed":false},"product_brand":[],"product_cat":[1129],"product_tag":[],"class_list":{"0":"post-154177","1":"product","2":"type-product","3":"status-publish","4":"has-post-thumbnail","6":"product_cat-rezerves-dalas","8":"first","9":"instock","10":"taxable","11":"shipping-taxable","12":"purchasable","13":"product-type-simple"},"acf":[],"_links":{"self":[{"href":"https:\/\/kingarms.ee\/lv\/wp-json\/wp\/v2\/product\/154177","targetHints":{"allow":["GET"]}}],"collection":[{"href":"https:\/\/kingarms.ee\/lv\/wp-json\/wp\/v2\/product"}],"about":[{"href":"https:\/\/kingarms.ee\/lv\/wp-json\/wp\/v2\/types\/product"}],"wp:featuredmedia":[{"embeddable":true,"href":"https:\/\/kingarms.ee\/lv\/wp-json\/wp\/v2\/media\/154172"}],"wp:attachment":[{"href":"https:\/\/kingarms.ee\/lv\/wp-json\/wp\/v2\/media?parent=154177"}],"wp:term":[{"taxonomy":"product_brand","embeddable":true,"href":"https:\/\/kingarms.ee\/lv\/wp-json\/wp\/v2\/product_brand?post=154177"},{"taxonomy":"product_cat","embeddable":true,"href":"https:\/\/kingarms.ee\/lv\/wp-json\/wp\/v2\/product_cat?post=154177"},{"taxonomy":"product_tag","embeddable":true,"href":"https:\/\/kingarms.ee\/lv\/wp-json\/wp\/v2\/product_tag?post=154177"}],"curies":[{"name":"wp","href":"https:\/\/api.w.org\/{rel}","templated":true}]}}