{"id":154193,"date":"2025-10-10T16:38:15","date_gmt":"2025-10-10T13:38:15","guid":{"rendered":"https:\/\/kingarms.ee\/product\/metala-plinking-merkis-gaisa-ierociem\/"},"modified":"2025-10-10T16:41:11","modified_gmt":"2025-10-10T13:41:11","slug":"metala-plinking-merkis-gaisa-ierociem","status":"publish","type":"product","link":"https:\/\/kingarms.ee\/lv\/product\/metala-plinking-merkis-gaisa-ierociem\/","title":{"rendered":"Met\u0101la plinking m\u0113r\u0137is gaisa iero\u010diem"},"content":{"rendered":"<p><img loading=\"lazy\" decoding=\"async\" class=\"alignnone size-medium wp-image-154185\" src=\"https:\/\/kingarms.ee\/wp-content\/uploads\/2025\/10\/PT-57079-300x300.jpg\" alt=\"\" width=\"300\" height=\"300\" srcset=\"https:\/\/kingarms.ee\/wp-content\/uploads\/2025\/10\/PT-57079-300x300.jpg 300w, https:\/\/kingarms.ee\/wp-content\/uploads\/2025\/10\/PT-57079-150x150.jpg 150w, https:\/\/kingarms.ee\/wp-content\/uploads\/2025\/10\/PT-57079-768x768.jpg 768w, https:\/\/kingarms.ee\/wp-content\/uploads\/2025\/10\/PT-57079-500x500.jpg 500w, https:\/\/kingarms.ee\/wp-content\/uploads\/2025\/10\/PT-57079.jpg 1000w\" sizes=\"auto, (max-width: 300px) 100vw, 300px\" \/><\/p>\n","protected":false},"excerpt":{"rendered":"<p>Met\u0101la plinking m\u0113r\u0137is gaisa iero\u010diem \u2014 iztur\u012bgs un stabils m\u0113r\u0137is, kas paredz\u0113ts \u0161au\u0161anai ar gaisa iero\u010diem un treni\u0146iem precizit\u0101tei. Izgatavots no iztur\u012bga met\u0101la, kas sp\u0113j iztur\u0113t atk\u0101rtotus tr\u0101p\u012bjumus bez deform\u0101cijas. Lieliski piem\u0113rots gan m\u0101jas \u0161autuvei, gan izklaid\u0113jo\u0161ai \u0161au\u0161anai br\u012bv\u0101 dab\u0101. Sader\u012bgs ar 4,5 mm un 6 mm lod\u012bt\u0113m. Vienk\u0101r\u0161i uzst\u0101d\u0101ms un izmantojams iek\u0161telp\u0101s vai \u0101r\u0101.    <\/p>\n","protected":false},"featured_media":154188,"template":"","meta":{"_acf_changed":false},"product_brand":[],"product_cat":[1063],"product_tag":[],"class_list":{"0":"post-154193","1":"product","2":"type-product","3":"status-publish","4":"has-post-thumbnail","6":"product_cat-merki","8":"first","9":"instock","10":"taxable","11":"shipping-taxable","12":"purchasable","13":"product-type-simple"},"acf":[],"_links":{"self":[{"href":"https:\/\/kingarms.ee\/lv\/wp-json\/wp\/v2\/product\/154193","targetHints":{"allow":["GET"]}}],"collection":[{"href":"https:\/\/kingarms.ee\/lv\/wp-json\/wp\/v2\/product"}],"about":[{"href":"https:\/\/kingarms.ee\/lv\/wp-json\/wp\/v2\/types\/product"}],"wp:featuredmedia":[{"embeddable":true,"href":"https:\/\/kingarms.ee\/lv\/wp-json\/wp\/v2\/media\/154188"}],"wp:attachment":[{"href":"https:\/\/kingarms.ee\/lv\/wp-json\/wp\/v2\/media?parent=154193"}],"wp:term":[{"taxonomy":"product_brand","embeddable":true,"href":"https:\/\/kingarms.ee\/lv\/wp-json\/wp\/v2\/product_brand?post=154193"},{"taxonomy":"product_cat","embeddable":true,"href":"https:\/\/kingarms.ee\/lv\/wp-json\/wp\/v2\/product_cat?post=154193"},{"taxonomy":"product_tag","embeddable":true,"href":"https:\/\/kingarms.ee\/lv\/wp-json\/wp\/v2\/product_tag?post=154193"}],"curies":[{"name":"wp","href":"https:\/\/api.w.org\/{rel}","templated":true}]}}