{"id":154313,"date":"2025-10-13T13:22:40","date_gmt":"2025-10-13T10:22:40","guid":{"rendered":"https:\/\/kingarms.ee\/product\/police-perfect-guard-300-cloud-piparu-aerosols-40-ml\/"},"modified":"2025-10-13T13:24:33","modified_gmt":"2025-10-13T10:24:33","slug":"police-perfect-guard-300-cloud-piparu-aerosols-40-ml","status":"publish","type":"product","link":"https:\/\/kingarms.ee\/lv\/product\/police-perfect-guard-300-cloud-piparu-aerosols-40-ml\/","title":{"rendered":"Police Perfect Guard 300 Cloud piparu aerosols 40 ml"},"content":{"rendered":"<p><img loading=\"lazy\" decoding=\"async\" class=\"alignnone size-medium wp-image-154305\" src=\"https:\/\/kingarms.ee\/wp-content\/uploads\/2025\/10\/police-perfect-guard-300-cloud-pepper-gas-40ml-f6af12a1840a464ba6f646ca8c8c7415-8bb523c0-300x300.webp\" alt=\"\" width=\"300\" height=\"300\" srcset=\"https:\/\/kingarms.ee\/wp-content\/uploads\/2025\/10\/police-perfect-guard-300-cloud-pepper-gas-40ml-f6af12a1840a464ba6f646ca8c8c7415-8bb523c0-300x300.webp 300w, https:\/\/kingarms.ee\/wp-content\/uploads\/2025\/10\/police-perfect-guard-300-cloud-pepper-gas-40ml-f6af12a1840a464ba6f646ca8c8c7415-8bb523c0-150x150.webp 150w, https:\/\/kingarms.ee\/wp-content\/uploads\/2025\/10\/police-perfect-guard-300-cloud-pepper-gas-40ml-f6af12a1840a464ba6f646ca8c8c7415-8bb523c0-768x768.webp 768w, https:\/\/kingarms.ee\/wp-content\/uploads\/2025\/10\/police-perfect-guard-300-cloud-pepper-gas-40ml-f6af12a1840a464ba6f646ca8c8c7415-8bb523c0-500x500.webp 500w, https:\/\/kingarms.ee\/wp-content\/uploads\/2025\/10\/police-perfect-guard-300-cloud-pepper-gas-40ml-f6af12a1840a464ba6f646ca8c8c7415-8bb523c0.webp 900w\" sizes=\"auto, (max-width: 300px) 100vw, 300px\" \/><\/p>\n","protected":false},"excerpt":{"rendered":"<p><strong data-start=\"492\" data-end=\"542\">Police Perfect Guard 300 Cloud piparu aerosols 40 ml <\/strong>\u2014 kompakts 40 ml \u201ccloud\u201d tipa piparu aerosols (OC) person\u012bgai pa\u0161sardz\u012bbai, kas rada pla\u0161u izsmidzin\u0101\u0161anas m\u0101koni, lai \u0101tri p\u0101rkl\u0101tu nelielu zonu; ergonomisks korpuss un dro\u0161\u012bbas v\u0101ci\u0146\u0161 samazina nejau\u0161as aktiviz\u0113\u0161anas risku; paredz\u0113ts tikai likum\u012bgai pa\u0161sardz\u012bbai \u2014 izlasiet lieto\u0161anas instrukciju un p\u0101rliecinieties par viet\u0113jiem likumiem, neizsmidziniet pret b\u0113rniem vai dz\u012bvniekiem bez svar\u012bga iemesla un uzmanieties, lietojot publisk\u0101s viet\u0101s.<\/p>\n","protected":false},"featured_media":154308,"template":"","meta":{"_acf_changed":false},"product_brand":[],"product_cat":[1111],"product_tag":[],"class_list":{"0":"post-154313","1":"product","2":"type-product","3":"status-publish","4":"has-post-thumbnail","6":"product_cat-piparu-aerosols","8":"first","9":"instock","10":"taxable","11":"shipping-taxable","12":"purchasable","13":"product-type-simple"},"acf":[],"_links":{"self":[{"href":"https:\/\/kingarms.ee\/lv\/wp-json\/wp\/v2\/product\/154313","targetHints":{"allow":["GET"]}}],"collection":[{"href":"https:\/\/kingarms.ee\/lv\/wp-json\/wp\/v2\/product"}],"about":[{"href":"https:\/\/kingarms.ee\/lv\/wp-json\/wp\/v2\/types\/product"}],"wp:featuredmedia":[{"embeddable":true,"href":"https:\/\/kingarms.ee\/lv\/wp-json\/wp\/v2\/media\/154308"}],"wp:attachment":[{"href":"https:\/\/kingarms.ee\/lv\/wp-json\/wp\/v2\/media?parent=154313"}],"wp:term":[{"taxonomy":"product_brand","embeddable":true,"href":"https:\/\/kingarms.ee\/lv\/wp-json\/wp\/v2\/product_brand?post=154313"},{"taxonomy":"product_cat","embeddable":true,"href":"https:\/\/kingarms.ee\/lv\/wp-json\/wp\/v2\/product_cat?post=154313"},{"taxonomy":"product_tag","embeddable":true,"href":"https:\/\/kingarms.ee\/lv\/wp-json\/wp\/v2\/product_tag?post=154313"}],"curies":[{"name":"wp","href":"https:\/\/api.w.org\/{rel}","templated":true}]}}