{"id":154371,"date":"2025-10-13T13:45:08","date_gmt":"2025-10-13T10:45:08","guid":{"rendered":"https:\/\/kingarms.ee\/product\/perfecta-stop-attack-jet-piparu-aerosols-50-ml\/"},"modified":"2025-10-13T14:10:36","modified_gmt":"2025-10-13T11:10:36","slug":"perfecta-stop-attack-jet-piparu-aerosols-50-ml","status":"publish","type":"product","link":"https:\/\/kingarms.ee\/lv\/product\/perfecta-stop-attack-jet-piparu-aerosols-50-ml\/","title":{"rendered":"Perfecta Stop Attack Jet piparu aerosols 50 ml"},"content":{"rendered":"<p><img loading=\"lazy\" decoding=\"async\" class=\"alignnone size-medium wp-image-154362\" src=\"https:\/\/kingarms.ee\/wp-content\/uploads\/2025\/10\/perfecta-stop-attack-pepper-gas-cone-40-ml-68093e6172a24247b7b75218fff6a8f5-544edb44-300x300.webp\" alt=\"\" width=\"300\" height=\"300\" srcset=\"https:\/\/kingarms.ee\/wp-content\/uploads\/2025\/10\/perfecta-stop-attack-pepper-gas-cone-40-ml-68093e6172a24247b7b75218fff6a8f5-544edb44-300x300.webp 300w, https:\/\/kingarms.ee\/wp-content\/uploads\/2025\/10\/perfecta-stop-attack-pepper-gas-cone-40-ml-68093e6172a24247b7b75218fff6a8f5-544edb44-150x150.webp 150w, https:\/\/kingarms.ee\/wp-content\/uploads\/2025\/10\/perfecta-stop-attack-pepper-gas-cone-40-ml-68093e6172a24247b7b75218fff6a8f5-544edb44-768x768.webp 768w, https:\/\/kingarms.ee\/wp-content\/uploads\/2025\/10\/perfecta-stop-attack-pepper-gas-cone-40-ml-68093e6172a24247b7b75218fff6a8f5-544edb44-500x500.webp 500w, https:\/\/kingarms.ee\/wp-content\/uploads\/2025\/10\/perfecta-stop-attack-pepper-gas-cone-40-ml-68093e6172a24247b7b75218fff6a8f5-544edb44.webp 900w\" sizes=\"auto, (max-width: 300px) 100vw, 300px\" \/><\/p>\n","protected":false},"excerpt":{"rendered":"<p><strong data-start=\"445\" data-end=\"489\">Perfecta Stop Attack Jet piparu aerosols 50 ml<\/strong> \u2014 vid\u0113ja izm\u0113ra 50 ml piparu aerosols (OC) ar koncentr\u0113tu \u201cjet\u201d str\u016bklu, kas paredz\u0113ts prec\u012bzai pa\u0161sardz\u012bbai ar\u012b v\u0113jainos apst\u0101k\u013cos; \u0161aur\u0101 str\u016bkla nodro\u0161ina prec\u012bzu tr\u0101p\u012bjumu un t\u016bl\u012bt\u0113ju iedarb\u012bbu, vienlaikus samazinot g\u0101zes izkliedi. Ergonomisks met\u0101la balons ar dro\u0161\u012bbas v\u0101ci\u0146u nov\u0113r\u0161 nejau\u0161u aktiviz\u0113\u0161anu. Paredz\u0113ts tikai likum\u012bgai pa\u0161sardz\u012bbai \u2014 izlasiet instrukciju un iev\u0113rojiet viet\u0113jos likumus.  <\/p>\n","protected":false},"featured_media":154365,"template":"","meta":{"_acf_changed":false},"product_brand":[],"product_cat":[1111],"product_tag":[],"class_list":{"0":"post-154371","1":"product","2":"type-product","3":"status-publish","4":"has-post-thumbnail","6":"product_cat-piparu-aerosols","8":"first","9":"outofstock","10":"taxable","11":"shipping-taxable","12":"purchasable","13":"product-type-simple"},"acf":[],"_links":{"self":[{"href":"https:\/\/kingarms.ee\/lv\/wp-json\/wp\/v2\/product\/154371","targetHints":{"allow":["GET"]}}],"collection":[{"href":"https:\/\/kingarms.ee\/lv\/wp-json\/wp\/v2\/product"}],"about":[{"href":"https:\/\/kingarms.ee\/lv\/wp-json\/wp\/v2\/types\/product"}],"wp:featuredmedia":[{"embeddable":true,"href":"https:\/\/kingarms.ee\/lv\/wp-json\/wp\/v2\/media\/154365"}],"wp:attachment":[{"href":"https:\/\/kingarms.ee\/lv\/wp-json\/wp\/v2\/media?parent=154371"}],"wp:term":[{"taxonomy":"product_brand","embeddable":true,"href":"https:\/\/kingarms.ee\/lv\/wp-json\/wp\/v2\/product_brand?post=154371"},{"taxonomy":"product_cat","embeddable":true,"href":"https:\/\/kingarms.ee\/lv\/wp-json\/wp\/v2\/product_cat?post=154371"},{"taxonomy":"product_tag","embeddable":true,"href":"https:\/\/kingarms.ee\/lv\/wp-json\/wp\/v2\/product_tag?post=154371"}],"curies":[{"name":"wp","href":"https:\/\/api.w.org\/{rel}","templated":true}]}}