{"id":154389,"date":"2025-10-13T14:17:13","date_gmt":"2025-10-13T11:17:13","guid":{"rendered":"https:\/\/kingarms.ee\/product\/perfecta-stop-attack-cone-piparu-aerosols-40-ml\/"},"modified":"2025-10-13T14:18:55","modified_gmt":"2025-10-13T11:18:55","slug":"perfecta-stop-attack-cone-piparu-aerosols-40-ml","status":"publish","type":"product","link":"https:\/\/kingarms.ee\/lv\/product\/perfecta-stop-attack-cone-piparu-aerosols-40-ml\/","title":{"rendered":"Perfecta Stop Attack Cone piparu aerosols 40 ml"},"content":{"rendered":"<p><img loading=\"lazy\" decoding=\"async\" class=\"alignnone size-medium wp-image-154381\" src=\"https:\/\/kingarms.ee\/wp-content\/uploads\/2025\/10\/perfecta-stop-attack-pepper-gas-cone-40-ml-68093e6172a24247b7b75218fff6a8f5-544edb44-1-300x300.webp\" alt=\"\" width=\"300\" height=\"300\" srcset=\"https:\/\/kingarms.ee\/wp-content\/uploads\/2025\/10\/perfecta-stop-attack-pepper-gas-cone-40-ml-68093e6172a24247b7b75218fff6a8f5-544edb44-1-300x300.webp 300w, https:\/\/kingarms.ee\/wp-content\/uploads\/2025\/10\/perfecta-stop-attack-pepper-gas-cone-40-ml-68093e6172a24247b7b75218fff6a8f5-544edb44-1-150x150.webp 150w, https:\/\/kingarms.ee\/wp-content\/uploads\/2025\/10\/perfecta-stop-attack-pepper-gas-cone-40-ml-68093e6172a24247b7b75218fff6a8f5-544edb44-1-768x768.webp 768w, https:\/\/kingarms.ee\/wp-content\/uploads\/2025\/10\/perfecta-stop-attack-pepper-gas-cone-40-ml-68093e6172a24247b7b75218fff6a8f5-544edb44-1-500x500.webp 500w, https:\/\/kingarms.ee\/wp-content\/uploads\/2025\/10\/perfecta-stop-attack-pepper-gas-cone-40-ml-68093e6172a24247b7b75218fff6a8f5-544edb44-1.webp 900w\" sizes=\"auto, (max-width: 300px) 100vw, 300px\" \/><\/p>\n","protected":false},"excerpt":{"rendered":"<p><strong data-start=\"492\" data-end=\"537\">Perfecta Stop Attack Cone piparu aerosols 40 ml <\/strong>\u2014 kompakts 40 ml \u201ccone\u201d tipa piparu aerosols (OC), kas rada pla\u0161u izsmidzin\u0101\u0161anas m\u0101koni efekt\u012bvai aizsardz\u012bbai tuv\u0101 distanc\u0113; pla\u0161\u0101 izkliede \u013cauj \u0101tri rea\u0123\u0113t pa\u0161sardz\u012bbas situ\u0101cij\u0101s. Ergonomisks balons ar dro\u0161\u012bbas v\u0101ci\u0146u samazina nejau\u0161as aktiviz\u0113\u0161anas risku. Uzticams l\u012bdzeklis likum\u012bgai pa\u0161sardz\u012bbai \u2014 pirms lieto\u0161anas izlasiet instrukciju un iev\u0113rojiet viet\u0113jos likumus.  <\/p>\n","protected":false},"featured_media":154384,"template":"","meta":{"_acf_changed":false},"product_brand":[],"product_cat":[1111],"product_tag":[],"class_list":{"0":"post-154389","1":"product","2":"type-product","3":"status-publish","4":"has-post-thumbnail","6":"product_cat-piparu-aerosols","8":"first","9":"outofstock","10":"taxable","11":"shipping-taxable","12":"purchasable","13":"product-type-simple"},"acf":[],"_links":{"self":[{"href":"https:\/\/kingarms.ee\/lv\/wp-json\/wp\/v2\/product\/154389","targetHints":{"allow":["GET"]}}],"collection":[{"href":"https:\/\/kingarms.ee\/lv\/wp-json\/wp\/v2\/product"}],"about":[{"href":"https:\/\/kingarms.ee\/lv\/wp-json\/wp\/v2\/types\/product"}],"wp:featuredmedia":[{"embeddable":true,"href":"https:\/\/kingarms.ee\/lv\/wp-json\/wp\/v2\/media\/154384"}],"wp:attachment":[{"href":"https:\/\/kingarms.ee\/lv\/wp-json\/wp\/v2\/media?parent=154389"}],"wp:term":[{"taxonomy":"product_brand","embeddable":true,"href":"https:\/\/kingarms.ee\/lv\/wp-json\/wp\/v2\/product_brand?post=154389"},{"taxonomy":"product_cat","embeddable":true,"href":"https:\/\/kingarms.ee\/lv\/wp-json\/wp\/v2\/product_cat?post=154389"},{"taxonomy":"product_tag","embeddable":true,"href":"https:\/\/kingarms.ee\/lv\/wp-json\/wp\/v2\/product_tag?post=154389"}],"curies":[{"name":"wp","href":"https:\/\/api.w.org\/{rel}","templated":true}]}}