{"id":154511,"date":"2025-10-14T20:24:56","date_gmt":"2025-10-14T17:24:56","guid":{"rendered":"https:\/\/kingarms.ee\/product\/daudzsavienu-pistoles-tipa-arbalets-tcs3-mankung\/"},"modified":"2025-10-14T22:18:08","modified_gmt":"2025-10-14T19:18:08","slug":"daudzsavienu-pistoles-tipa-arbalets-tcs3-mankung","status":"publish","type":"product","link":"https:\/\/kingarms.ee\/lv\/product\/daudzsavienu-pistoles-tipa-arbalets-tcs3-mankung\/","title":{"rendered":"Daudz\u0161\u0101vienu pistoles tipa arbalets TCS3 (ManKung)"},"content":{"rendered":"<p><img loading=\"lazy\" decoding=\"async\" class=\"alignnone size-full wp-image-154495\" src=\"https:\/\/kingarms.ee\/wp-content\/uploads\/2025\/10\/man-kung-self-cocking-multi-shot-recurve-crossbow-sobek-tcs3-80-lbs-black-mk-tcs3b.jpg\" alt=\"\" width=\"1000\" height=\"1000\" srcset=\"https:\/\/kingarms.ee\/wp-content\/uploads\/2025\/10\/man-kung-self-cocking-multi-shot-recurve-crossbow-sobek-tcs3-80-lbs-black-mk-tcs3b.jpg 1000w, https:\/\/kingarms.ee\/wp-content\/uploads\/2025\/10\/man-kung-self-cocking-multi-shot-recurve-crossbow-sobek-tcs3-80-lbs-black-mk-tcs3b-300x300.jpg 300w, https:\/\/kingarms.ee\/wp-content\/uploads\/2025\/10\/man-kung-self-cocking-multi-shot-recurve-crossbow-sobek-tcs3-80-lbs-black-mk-tcs3b-150x150.jpg 150w, https:\/\/kingarms.ee\/wp-content\/uploads\/2025\/10\/man-kung-self-cocking-multi-shot-recurve-crossbow-sobek-tcs3-80-lbs-black-mk-tcs3b-768x768.jpg 768w, https:\/\/kingarms.ee\/wp-content\/uploads\/2025\/10\/man-kung-self-cocking-multi-shot-recurve-crossbow-sobek-tcs3-80-lbs-black-mk-tcs3b-500x500.jpg 500w\" sizes=\"auto, (max-width: 1000px) 100vw, 1000px\" \/><\/p>\n","protected":false},"excerpt":{"rendered":"<p>Daudz\u0161\u0101vienu pistoles tipa arbalets TCS3 (ManKung)<\/p>\n<p>SOBEK TCS2 sist\u0113ma.<br \/>\n7 bultu magaz\u012bna.<br \/>\nRegul\u0113jams laidnis.<br \/>\nStiepes sp\u0113ks: 80 m\u0101rci\u0146as.<br \/>\n\u0100trums: 185 FPS.<br \/>\nStiepes garums \u2013 optimiz\u0113ts jaudai.<br \/>\nStikla\u0161\u0137iedras pleci.<br \/>\nPolim\u0113ra korpuss.<br \/>\nStandarta 20 mm sliede.<br \/>\n\u013boti \u0113rgs uzvilk\u0161anas meh\u0101nisms.<br \/>\nKomplekt\u0101 no\u0146emams rokturis.<br \/>\nPlatums: 42 cm (16,5 collas).<br \/>\nGarums: 56\u201362 cm (22,5\u201324,4 collas).<br \/>\nSvars: 1252 g.<br \/>\nParedz\u0113ts lieto\u0161anai tikai ar 6,5 collu bult\u0101m.<br \/>\nIepakojum\u0101 7 gab. 6,5 collu bultas. Papildu bultas pieejamas p\u0113c vajadz\u012bbas.<br \/>\nKr\u0101sa: melna.<\/p>\n","protected":false},"featured_media":154498,"template":"","meta":{"_acf_changed":false},"product_brand":[],"product_cat":[1014],"product_tag":[],"class_list":{"0":"post-154511","1":"product","2":"type-product","3":"status-publish","4":"has-post-thumbnail","6":"product_cat-sens","8":"first","9":"instock","10":"taxable","11":"shipping-taxable","12":"purchasable","13":"product-type-simple"},"acf":[],"_links":{"self":[{"href":"https:\/\/kingarms.ee\/lv\/wp-json\/wp\/v2\/product\/154511","targetHints":{"allow":["GET"]}}],"collection":[{"href":"https:\/\/kingarms.ee\/lv\/wp-json\/wp\/v2\/product"}],"about":[{"href":"https:\/\/kingarms.ee\/lv\/wp-json\/wp\/v2\/types\/product"}],"wp:featuredmedia":[{"embeddable":true,"href":"https:\/\/kingarms.ee\/lv\/wp-json\/wp\/v2\/media\/154498"}],"wp:attachment":[{"href":"https:\/\/kingarms.ee\/lv\/wp-json\/wp\/v2\/media?parent=154511"}],"wp:term":[{"taxonomy":"product_brand","embeddable":true,"href":"https:\/\/kingarms.ee\/lv\/wp-json\/wp\/v2\/product_brand?post=154511"},{"taxonomy":"product_cat","embeddable":true,"href":"https:\/\/kingarms.ee\/lv\/wp-json\/wp\/v2\/product_cat?post=154511"},{"taxonomy":"product_tag","embeddable":true,"href":"https:\/\/kingarms.ee\/lv\/wp-json\/wp\/v2\/product_tag?post=154511"}],"curies":[{"name":"wp","href":"https:\/\/api.w.org\/{rel}","templated":true}]}}