{"id":155274,"date":"2025-11-11T11:06:26","date_gmt":"2025-11-11T08:06:26","guid":{"rendered":"https:\/\/kingarms.ee\/product\/remington-3-in-1-researcher-pro-figure-kostims\/"},"modified":"2025-11-11T11:41:09","modified_gmt":"2025-11-11T08:41:09","slug":"remington-3-in-1-researcher-pro-figure-kostims","status":"publish","type":"product","link":"https:\/\/kingarms.ee\/lv\/product\/remington-3-in-1-researcher-pro-figure-kostims\/","title":{"rendered":"Remington 3-in-1 Researcher Pro Figure kost\u012bms"},"content":{"rendered":"","protected":false},"excerpt":{"rendered":"<p>Iepaz\u012bstiet <strong data-start=\"1786\" data-end=\"1827\">Remington 3-in-1 Researcher Pro Figure<\/strong> kost\u012bmu \u2013 augstas klases ziemas komplektu medniekiem, mak\u0161\u0137erniekiem un akt\u012bv\u0101s atp\u016btas cien\u012bt\u0101jiem. Komplekt\u0101 ietilpst divas jakas un bikses ar bretel\u0113m, nodro\u0161inot lieto\u0161anu pat l\u012bdz -30 \u00b0C temperat\u016br\u0101.  <br data-start=\"2065\" data-end=\"2068\">\u0100r\u0113j\u0101 jaka ir apr\u012bkota ar regul\u0113jamu kapuci ar vizieri, Velcro aizdares pie rokas loc\u012btav\u0101m, pastiprin\u0101jumiem elko\u0146os un plecos un devi\u0146\u0101m kabat\u0101m maksim\u0101lai funkcionalit\u0101tei. Iek\u0161\u0113j\u0101 jaka bez kapuces ar regul\u0113jam\u0101m aukl\u0101m apak\u0161mal\u0101 un man\u017eet\u0113m ar pirksta izgriezumu saglab\u0101 siltumu un komfortu. <\/p>\n<p>Bikses ar anatomiski veidotu ce\u013cgalu zonu, pastiprin\u0101jumiem mugurpus\u0113, r\u0101v\u0113jsl\u0113dzi apak\u0161\u0101 un elast\u012bgu apdari nodro\u0161ina \u0113rtu valk\u0101\u0161anu ar z\u0101bakiem un cie\u0161u piegulumu. Izstr\u0101d\u0101ts sadarb\u012bb\u0101 ar pieredz\u0113ju\u0161iem medniekiem \u2013 \u0161is kost\u012bms apvieno iztur\u012bbu, tehnolo\u0123iju un komfortu lauka apst\u0101k\u013cos. <br data-start=\"2682\" data-end=\"2685\">Izv\u0113lieties apr\u012bkojumu, kas sniedz dro\u0161\u012bbu un funkcionalit\u0101ti: m\u016bsdien\u012bga membr\u0101na, uzman\u012bba deta\u013c\u0101m un komforts pat visaukst\u0101kaj\u0101s dien\u0101s.<\/p>\n","protected":false},"featured_media":155233,"template":"","meta":{"_acf_changed":false},"product_brand":[],"product_cat":[1073],"product_tag":[],"class_list":{"0":"post-155274","1":"product","2":"type-product","3":"status-publish","4":"has-post-thumbnail","6":"product_cat-kopas","8":"first","9":"instock","10":"taxable","11":"shipping-taxable","12":"purchasable","13":"product-type-variable"},"acf":[],"_links":{"self":[{"href":"https:\/\/kingarms.ee\/lv\/wp-json\/wp\/v2\/product\/155274","targetHints":{"allow":["GET"]}}],"collection":[{"href":"https:\/\/kingarms.ee\/lv\/wp-json\/wp\/v2\/product"}],"about":[{"href":"https:\/\/kingarms.ee\/lv\/wp-json\/wp\/v2\/types\/product"}],"wp:featuredmedia":[{"embeddable":true,"href":"https:\/\/kingarms.ee\/lv\/wp-json\/wp\/v2\/media\/155233"}],"wp:attachment":[{"href":"https:\/\/kingarms.ee\/lv\/wp-json\/wp\/v2\/media?parent=155274"}],"wp:term":[{"taxonomy":"product_brand","embeddable":true,"href":"https:\/\/kingarms.ee\/lv\/wp-json\/wp\/v2\/product_brand?post=155274"},{"taxonomy":"product_cat","embeddable":true,"href":"https:\/\/kingarms.ee\/lv\/wp-json\/wp\/v2\/product_cat?post=155274"},{"taxonomy":"product_tag","embeddable":true,"href":"https:\/\/kingarms.ee\/lv\/wp-json\/wp\/v2\/product_tag?post=155274"}],"curies":[{"name":"wp","href":"https:\/\/api.w.org\/{rel}","templated":true}]}}