{"id":155324,"date":"2025-11-11T11:46:34","date_gmt":"2025-11-11T08:46:34","guid":{"rendered":"https:\/\/kingarms.ee\/?post_type=product&#038;p=155324"},"modified":"2025-11-11T12:28:03","modified_gmt":"2025-11-11T09:28:03","slug":"starpsezonas-makskeresanas-kostims-remington-bluebird","status":"publish","type":"product","link":"https:\/\/kingarms.ee\/lv\/product\/starpsezonas-makskeresanas-kostims-remington-bluebird\/","title":{"rendered":"Starpsezonas mak\u0161\u0137er\u0113\u0161anas kost\u012bms Remington Bluebird"},"content":{"rendered":"","protected":false},"excerpt":{"rendered":"<p><strong data-start=\"1110\" data-end=\"1132\">Remington Bluebird <\/strong>ir starpsezonas mak\u0161\u0137er\u0113\u0161anas kost\u012bms, kas nodro\u0161ina siltumu, aizsardz\u012bbu pret v\u0113ju un mitrumu, saglab\u0101jot vieglumu un elpojo\u0161as \u012bpa\u0161\u012bbas. Tas ir ide\u0101li piem\u0113rots pavasara un rudens laikam, kad laika apst\u0101k\u013ci bie\u017ei main\u0101s.<\/p>\n<p>Pateicoties regul\u0113jam\u0101m aproc\u0113m, elast\u012bgai jostasvietai un praktisk\u0101m kabat\u0101m, \u0161is kost\u012bms pied\u0101v\u0101 \u0113rt\u012bbu un br\u012bv\u012bbu kust\u012bb\u0101s. Remington Bluebird ir uzticams sabiedrotais katram mak\u0161\u0137erniekam, kur\u0161 nov\u0113rt\u0113 kvalit\u0101ti un komfortu.<\/p>\n","protected":false},"featured_media":155468,"template":"","meta":{"_acf_changed":false},"product_brand":[],"product_cat":[1073],"product_tag":[],"class_list":{"0":"post-155324","1":"product","2":"type-product","3":"status-publish","4":"has-post-thumbnail","6":"product_cat-kopas","8":"first","9":"instock","10":"taxable","11":"shipping-taxable","12":"purchasable","13":"product-type-variable","14":"has-default-attributes"},"acf":[],"_links":{"self":[{"href":"https:\/\/kingarms.ee\/lv\/wp-json\/wp\/v2\/product\/155324","targetHints":{"allow":["GET"]}}],"collection":[{"href":"https:\/\/kingarms.ee\/lv\/wp-json\/wp\/v2\/product"}],"about":[{"href":"https:\/\/kingarms.ee\/lv\/wp-json\/wp\/v2\/types\/product"}],"wp:featuredmedia":[{"embeddable":true,"href":"https:\/\/kingarms.ee\/lv\/wp-json\/wp\/v2\/media\/155468"}],"wp:attachment":[{"href":"https:\/\/kingarms.ee\/lv\/wp-json\/wp\/v2\/media?parent=155324"}],"wp:term":[{"taxonomy":"product_brand","embeddable":true,"href":"https:\/\/kingarms.ee\/lv\/wp-json\/wp\/v2\/product_brand?post=155324"},{"taxonomy":"product_cat","embeddable":true,"href":"https:\/\/kingarms.ee\/lv\/wp-json\/wp\/v2\/product_cat?post=155324"},{"taxonomy":"product_tag","embeddable":true,"href":"https:\/\/kingarms.ee\/lv\/wp-json\/wp\/v2\/product_tag?post=155324"}],"curies":[{"name":"wp","href":"https:\/\/api.w.org\/{rel}","templated":true}]}}