{"id":155660,"date":"2025-11-11T13:29:53","date_gmt":"2025-11-11T10:29:53","guid":{"rendered":"https:\/\/kingarms.ee\/product\/ziemas-kostims-remington-reflex-interchange\/"},"modified":"2025-11-11T13:38:28","modified_gmt":"2025-11-11T10:38:28","slug":"ziemas-kostims-remington-reflex-interchange","status":"publish","type":"product","link":"https:\/\/kingarms.ee\/lv\/product\/ziemas-kostims-remington-reflex-interchange\/","title":{"rendered":"Ziemas kost\u012bms Remington Reflex Interchange"},"content":{"rendered":"","protected":false},"excerpt":{"rendered":"<p><strong data-start=\"1372\" data-end=\"1404\">Remington Reflex Interchange <\/strong>ir augstas kvalit\u0101tes ziemas kost\u012bms, paredz\u0113ts mak\u0161\u0137erniekiem un medniekiem, kas darbojas ekstrem\u0101los apst\u0101k\u013cos. Daudzsl\u0101\u0146u siltumizol\u0101cija nodro\u0161ina komfortu l\u012bdz -35 \u00b0C, bet elpojo\u0161a, \u016bdens- un v\u0113jaiztur\u012bga membr\u0101na pasarg\u0101 no mitruma un sniega. No\u0146emam\u0101 iek\u0161\u0113j\u0101 jaka \u013cauj izmantot \u0161o komplektu ar\u012b p\u0101rejas sezon\u0101s.<br data-start=\"1756\" data-end=\"1759\" \/>Ergonomisks piegriezums, pastiprin\u0101ti elko\u0146i un ce\u013ci, regul\u0113jamas aproces un jostasvieta nodro\u0161ina iztur\u012bbu un kust\u012bbu br\u012bv\u012bbu. <strong data-start=\"1892\" data-end=\"1924\">Remington Reflex Interchange<\/strong> apvieno tehnisko funkcionalit\u0101ti, komfortu un stilu \u2014 ide\u0101la izv\u0113le aukstai ziemai.<\/p>\n","protected":false},"featured_media":155606,"template":"","meta":{"_acf_changed":false},"product_brand":[],"product_cat":[1073],"product_tag":[],"class_list":{"0":"post-155660","1":"product","2":"type-product","3":"status-publish","4":"has-post-thumbnail","6":"product_cat-kopas","8":"first","9":"instock","10":"taxable","11":"shipping-taxable","12":"purchasable","13":"product-type-variable"},"acf":[],"_links":{"self":[{"href":"https:\/\/kingarms.ee\/lv\/wp-json\/wp\/v2\/product\/155660","targetHints":{"allow":["GET"]}}],"collection":[{"href":"https:\/\/kingarms.ee\/lv\/wp-json\/wp\/v2\/product"}],"about":[{"href":"https:\/\/kingarms.ee\/lv\/wp-json\/wp\/v2\/types\/product"}],"wp:featuredmedia":[{"embeddable":true,"href":"https:\/\/kingarms.ee\/lv\/wp-json\/wp\/v2\/media\/155606"}],"wp:attachment":[{"href":"https:\/\/kingarms.ee\/lv\/wp-json\/wp\/v2\/media?parent=155660"}],"wp:term":[{"taxonomy":"product_brand","embeddable":true,"href":"https:\/\/kingarms.ee\/lv\/wp-json\/wp\/v2\/product_brand?post=155660"},{"taxonomy":"product_cat","embeddable":true,"href":"https:\/\/kingarms.ee\/lv\/wp-json\/wp\/v2\/product_cat?post=155660"},{"taxonomy":"product_tag","embeddable":true,"href":"https:\/\/kingarms.ee\/lv\/wp-json\/wp\/v2\/product_tag?post=155660"}],"curies":[{"name":"wp","href":"https:\/\/api.w.org\/{rel}","templated":true}]}}