{"id":155721,"date":"2025-11-11T15:11:16","date_gmt":"2025-11-11T12:11:16","guid":{"rendered":"https:\/\/kingarms.ee\/product\/ziemas-kostims-remington-pro-hunting-club-timber\/"},"modified":"2025-11-11T15:22:12","modified_gmt":"2025-11-11T12:22:12","slug":"ziemas-kostims-remington-pro-hunting-club-timber","status":"publish","type":"product","link":"https:\/\/kingarms.ee\/lv\/product\/ziemas-kostims-remington-pro-hunting-club-timber\/","title":{"rendered":"Ziemas kost\u012bms Remington Pro Hunting Club Timber"},"content":{"rendered":"","protected":false},"excerpt":{"rendered":"<p><strong data-start=\"1424\" data-end=\"1461\">Remington Pro Hunting Club Timber <\/strong>ir profesion\u0101la l\u012bme\u0146a ziemas kost\u012bms medniekiem un akt\u012bv\u0101s atp\u016btas cien\u012bt\u0101jiem. Daudzsl\u0101\u0146u siltumizol\u0101cija nodro\u0161ina komfortu l\u012bdz \u201335 \u00b0C, bet elpojo\u0161a, \u016bdens- un v\u0113jaiztur\u012bga membr\u0101na pasarg\u0101 no mitruma un sniega. Timber-camouflage raksts pal\u012bdz lab\u0101k iek\u013cauties dabiskaj\u0101 vid\u0113, nodro\u0161inot efekt\u012bvu mask\u0113\u0161anos.<br data-start=\"1838\" data-end=\"1841\" \/>Ergonomisks piegriezums, pastiprin\u0101ti elko\u0146i un ce\u013ci, regul\u0113jamas aproces un daudzfunkcion\u0101las kabatas sniedz \u0113rt\u012bbu un kust\u012bbu br\u012bv\u012bbu. <strong data-start=\"1964\" data-end=\"2001\">Remington Pro Hunting Club Timber <\/strong>apvieno iztur\u012bbu, tehnolo\u0123iju un komfortu \u2014 lieliska izv\u0113le tiem, kas mekl\u0113 uzticamu aizsardz\u012bbu ziemas apst\u0101k\u013cos.<\/p>\n","protected":false},"featured_media":155704,"template":"","meta":{"_acf_changed":false},"product_brand":[],"product_cat":[1073],"product_tag":[],"class_list":{"0":"post-155721","1":"product","2":"type-product","3":"status-publish","4":"has-post-thumbnail","6":"product_cat-kopas","8":"first","9":"instock","10":"taxable","11":"shipping-taxable","12":"purchasable","13":"product-type-variable"},"acf":[],"_links":{"self":[{"href":"https:\/\/kingarms.ee\/lv\/wp-json\/wp\/v2\/product\/155721","targetHints":{"allow":["GET"]}}],"collection":[{"href":"https:\/\/kingarms.ee\/lv\/wp-json\/wp\/v2\/product"}],"about":[{"href":"https:\/\/kingarms.ee\/lv\/wp-json\/wp\/v2\/types\/product"}],"wp:featuredmedia":[{"embeddable":true,"href":"https:\/\/kingarms.ee\/lv\/wp-json\/wp\/v2\/media\/155704"}],"wp:attachment":[{"href":"https:\/\/kingarms.ee\/lv\/wp-json\/wp\/v2\/media?parent=155721"}],"wp:term":[{"taxonomy":"product_brand","embeddable":true,"href":"https:\/\/kingarms.ee\/lv\/wp-json\/wp\/v2\/product_brand?post=155721"},{"taxonomy":"product_cat","embeddable":true,"href":"https:\/\/kingarms.ee\/lv\/wp-json\/wp\/v2\/product_cat?post=155721"},{"taxonomy":"product_tag","embeddable":true,"href":"https:\/\/kingarms.ee\/lv\/wp-json\/wp\/v2\/product_tag?post=155721"}],"curies":[{"name":"wp","href":"https:\/\/api.w.org\/{rel}","templated":true}]}}