{"id":155815,"date":"2025-11-11T23:08:01","date_gmt":"2025-11-11T20:08:01","guid":{"rendered":"https:\/\/kingarms.ee\/product\/ziemas-kostims-remington-severe-winter\/"},"modified":"2025-11-11T23:18:12","modified_gmt":"2025-11-11T20:18:12","slug":"ziemas-kostims-remington-severe-winter","status":"publish","type":"product","link":"https:\/\/kingarms.ee\/lv\/product\/ziemas-kostims-remington-severe-winter\/","title":{"rendered":"Ziemas kost\u012bms Remington &#8220;Severe Winter&#8221;"},"content":{"rendered":"","protected":false},"excerpt":{"rendered":"<p><strong data-start=\"1305\" data-end=\"1334\">Remington \u201cSevere Winter\u201d <\/strong>ir paredz\u0113ts ekstrem\u0101liem ziemas apst\u0101k\u013ciem, kur galvenais ir siltums, dro\u0161\u012bba un iztur\u012bba. Daudzsl\u0101\u0146u siltumizol\u0101cija uztur komfortu l\u012bdz \u201340 \u00b0C, bet elpojo\u0161a, v\u0113ja un \u016bdensnecaurlaid\u012bga membr\u0101na aizsarg\u0101 no mitruma un sala. \u0100r\u0113jais audums ir iztur\u012bgs pret nodilumu un meh\u0101niskiem boj\u0101jumiem.<br data-start=\"1693\" data-end=\"1696\" \/>Ergonomisks piegriezums, regul\u0113jamas aproces, no\u0146emama kapuce un vair\u0101kas praktiskas kabatas nodro\u0161ina \u0113rtu kust\u012bbu un funkcionalit\u0101ti.<strong data-start=\"1857\" data-end=\"1886\"> Remington \u201cSevere Winter\u201d <\/strong>ir uzticams apr\u012bkojums medniekiem, mak\u0161\u0137erniekiem un profesion\u0101\u013ciem, kas str\u0101d\u0101 vissmag\u0101kajos ziemas apst\u0101k\u013cos.<\/p>\n","protected":false},"featured_media":155777,"template":"","meta":{"_acf_changed":false},"product_brand":[],"product_cat":[1073],"product_tag":[],"class_list":{"0":"post-155815","1":"product","2":"type-product","3":"status-publish","4":"has-post-thumbnail","6":"product_cat-kopas","8":"first","9":"instock","10":"taxable","11":"shipping-taxable","12":"purchasable","13":"product-type-variable"},"acf":[],"_links":{"self":[{"href":"https:\/\/kingarms.ee\/lv\/wp-json\/wp\/v2\/product\/155815","targetHints":{"allow":["GET"]}}],"collection":[{"href":"https:\/\/kingarms.ee\/lv\/wp-json\/wp\/v2\/product"}],"about":[{"href":"https:\/\/kingarms.ee\/lv\/wp-json\/wp\/v2\/types\/product"}],"wp:featuredmedia":[{"embeddable":true,"href":"https:\/\/kingarms.ee\/lv\/wp-json\/wp\/v2\/media\/155777"}],"wp:attachment":[{"href":"https:\/\/kingarms.ee\/lv\/wp-json\/wp\/v2\/media?parent=155815"}],"wp:term":[{"taxonomy":"product_brand","embeddable":true,"href":"https:\/\/kingarms.ee\/lv\/wp-json\/wp\/v2\/product_brand?post=155815"},{"taxonomy":"product_cat","embeddable":true,"href":"https:\/\/kingarms.ee\/lv\/wp-json\/wp\/v2\/product_cat?post=155815"},{"taxonomy":"product_tag","embeddable":true,"href":"https:\/\/kingarms.ee\/lv\/wp-json\/wp\/v2\/product_tag?post=155815"}],"curies":[{"name":"wp","href":"https:\/\/api.w.org\/{rel}","templated":true}]}}