{"id":155933,"date":"2025-11-11T23:56:10","date_gmt":"2025-11-11T20:56:10","guid":{"rendered":"https:\/\/kingarms.ee\/product\/ziemas-medibu-kostims-remington-ram-new\/"},"modified":"2025-11-12T00:00:18","modified_gmt":"2025-11-11T21:00:18","slug":"ziemas-medibu-kostims-remington-ram-new","status":"publish","type":"product","link":"https:\/\/kingarms.ee\/lv\/product\/ziemas-medibu-kostims-remington-ram-new\/","title":{"rendered":"Ziemas med\u012bbu kost\u012bms Remington &#8220;RAM NEW&#8221;"},"content":{"rendered":"","protected":false},"excerpt":{"rendered":"<p><strong data-start=\"1329\" data-end=\"1352\">Remington &#8220;RAM NEW&#8221; <\/strong>ir jaun\u0101s paaudzes ziemas med\u012bbu kost\u012bms, kas nodro\u0161ina siltumu, aizsardz\u012bbu un kust\u012bbu br\u012bv\u012bbu pat \u201335 \u00b0C temperat\u016br\u0101. Elpojo\u0161a, v\u0113ja un \u016bdensnecaurlaid\u012bga membr\u0101na pasarg\u0101 no mitruma un sniega, bet iztur\u012bgs audums un pastiprin\u0101tas \u0161uves nodro\u0161ina ilgm\u016b\u017e\u012bbu.<br data-start=\"1709\" data-end=\"1712\">Ergonomisks piegriezums, regul\u0113jamas aproces un vair\u0101kas kabatas padara \u0161o kost\u012bmu praktisku un \u0113rtu. <strong data-start=\"1828\" data-end=\"1851\">Remington &#8220;RAM NEW&#8221; <\/strong>apvieno modernu dizainu, tehnisko funkcionalit\u0101ti un uzticam\u012bbu \u2014 ide\u0101la izv\u0113le medniekiem skarbos ziemas apst\u0101k\u013cos.  <\/p>\n","protected":false},"featured_media":155900,"template":"","meta":{"_acf_changed":false},"product_brand":[],"product_cat":[1073],"product_tag":[],"class_list":{"0":"post-155933","1":"product","2":"type-product","3":"status-publish","4":"has-post-thumbnail","6":"product_cat-kopas","8":"first","9":"instock","10":"taxable","11":"shipping-taxable","12":"purchasable","13":"product-type-variable"},"acf":[],"_links":{"self":[{"href":"https:\/\/kingarms.ee\/lv\/wp-json\/wp\/v2\/product\/155933","targetHints":{"allow":["GET"]}}],"collection":[{"href":"https:\/\/kingarms.ee\/lv\/wp-json\/wp\/v2\/product"}],"about":[{"href":"https:\/\/kingarms.ee\/lv\/wp-json\/wp\/v2\/types\/product"}],"wp:featuredmedia":[{"embeddable":true,"href":"https:\/\/kingarms.ee\/lv\/wp-json\/wp\/v2\/media\/155900"}],"wp:attachment":[{"href":"https:\/\/kingarms.ee\/lv\/wp-json\/wp\/v2\/media?parent=155933"}],"wp:term":[{"taxonomy":"product_brand","embeddable":true,"href":"https:\/\/kingarms.ee\/lv\/wp-json\/wp\/v2\/product_brand?post=155933"},{"taxonomy":"product_cat","embeddable":true,"href":"https:\/\/kingarms.ee\/lv\/wp-json\/wp\/v2\/product_cat?post=155933"},{"taxonomy":"product_tag","embeddable":true,"href":"https:\/\/kingarms.ee\/lv\/wp-json\/wp\/v2\/product_tag?post=155933"}],"curies":[{"name":"wp","href":"https:\/\/api.w.org\/{rel}","templated":true}]}}