{"id":155987,"date":"2025-11-12T00:14:37","date_gmt":"2025-11-11T21:14:37","guid":{"rendered":"https:\/\/kingarms.ee\/product\/ziemas-kostims-remington-men-shadow-brown\/"},"modified":"2025-11-12T00:21:24","modified_gmt":"2025-11-11T21:21:24","slug":"ziemas-kostims-remington-men-shadow-brown","status":"publish","type":"product","link":"https:\/\/kingarms.ee\/lv\/product\/ziemas-kostims-remington-men-shadow-brown\/","title":{"rendered":"Ziemas kost\u012bms Remington Men Shadow Brown"},"content":{"rendered":"","protected":false},"excerpt":{"rendered":"<p><strong data-start=\"1404\" data-end=\"1434\">Remington Men Shadow Brown <\/strong>ir iztur\u012bgs un silts ziemas kost\u012bms, kas paredz\u0113ts akt\u012bviem v\u012brie\u0161iem, kuri nov\u0113rt\u0113 kvalit\u0101ti un komfortu. Daudzsl\u0101\u0146u siltumizol\u0101cija nodro\u0161ina siltumu l\u012bdz \u201330 \u00b0C, bet elpojo\u0161a, \u016bdensiztur\u012bga membr\u0101na aizsarg\u0101 no v\u0113ja un mitruma. Br\u016bnais tonis Shadow Brown lieliski sader ar dabas kr\u0101s\u0101m un ir piem\u0113rots gan med\u012bb\u0101m, gan ikdienas valk\u0101\u0161anai ziem\u0101.<\/p>\n<p>  <br data-start=\"1838\" data-end=\"1841\">Kost\u012bmam ir ergonomisks piegriezums, no\u0146emama kapuce, pastiprin\u0101ti ce\u013ci un elko\u0146i, k\u0101 ar\u012b vair\u0101kas praktiskas kabatas. <strong data-start=\"2016\" data-end=\"2046\">Remington Men Shadow Brown <\/strong>apvieno funkcionalit\u0101ti, v\u012bri\u0161\u0137\u012bgu stilu un uzticam\u012bbu \u2014 lieliska izv\u0113le skarbai ziemai. <\/p>\n","protected":false},"featured_media":155947,"template":"","meta":{"_acf_changed":false},"product_brand":[],"product_cat":[1073],"product_tag":[],"class_list":{"0":"post-155987","1":"product","2":"type-product","3":"status-publish","4":"has-post-thumbnail","6":"product_cat-kopas","8":"first","9":"instock","10":"taxable","11":"shipping-taxable","12":"purchasable","13":"product-type-variable"},"acf":[],"_links":{"self":[{"href":"https:\/\/kingarms.ee\/lv\/wp-json\/wp\/v2\/product\/155987","targetHints":{"allow":["GET"]}}],"collection":[{"href":"https:\/\/kingarms.ee\/lv\/wp-json\/wp\/v2\/product"}],"about":[{"href":"https:\/\/kingarms.ee\/lv\/wp-json\/wp\/v2\/types\/product"}],"wp:featuredmedia":[{"embeddable":true,"href":"https:\/\/kingarms.ee\/lv\/wp-json\/wp\/v2\/media\/155947"}],"wp:attachment":[{"href":"https:\/\/kingarms.ee\/lv\/wp-json\/wp\/v2\/media?parent=155987"}],"wp:term":[{"taxonomy":"product_brand","embeddable":true,"href":"https:\/\/kingarms.ee\/lv\/wp-json\/wp\/v2\/product_brand?post=155987"},{"taxonomy":"product_cat","embeddable":true,"href":"https:\/\/kingarms.ee\/lv\/wp-json\/wp\/v2\/product_cat?post=155987"},{"taxonomy":"product_tag","embeddable":true,"href":"https:\/\/kingarms.ee\/lv\/wp-json\/wp\/v2\/product_tag?post=155987"}],"curies":[{"name":"wp","href":"https:\/\/api.w.org\/{rel}","templated":true}]}}