{"id":156136,"date":"2025-11-12T23:51:09","date_gmt":"2025-11-12T20:51:09","guid":{"rendered":"https:\/\/kingarms.ee\/product\/kombinezons-remington-lifeguard\/"},"modified":"2025-11-12T23:56:41","modified_gmt":"2025-11-12T20:56:41","slug":"kombinezons-remington-lifeguard","status":"publish","type":"product","link":"https:\/\/kingarms.ee\/lv\/product\/kombinezons-remington-lifeguard\/","title":{"rendered":"Kombinezons Remington Lifeguard"},"content":{"rendered":"","protected":false},"excerpt":{"rendered":"<p><strong data-start=\"1311\" data-end=\"1334\">Remington Lifeguard <\/strong>ir siltumizol\u0101cijas kombinezons, paredz\u0113ts mak\u0161\u0137erniekiem, gl\u0101b\u0113jiem un tiem, kas str\u0101d\u0101 aukstos un mitros apst\u0101k\u013cos. Daudzsl\u0101\u0146u siltumizol\u0101cija nodro\u0161ina siltumu l\u012bdz \u201330 \u00b0C, bet elpojo\u0161a un \u016bdensnecaurlaid\u012bga membr\u0101na pasarg\u0101 no v\u0113ja un mitruma. Iztur\u012bgs audums garant\u0113 ilgm\u016b\u017e\u012bbu un komfortu pat ilgsto\u0161\u0101 lieto\u0161an\u0101.  <br data-start=\"1673\" data-end=\"1676\">Kombinezonam ir regul\u0113jamas aproces, no\u0146emama kapuce, pastiprin\u0101ti ce\u013ci un elko\u0146i, k\u0101 ar\u012b vair\u0101kas dro\u0161as kabatas. <strong data-start=\"1862\" data-end=\"1885\">Remington Lifeguard <\/strong>apvieno aizsardz\u012bbu, dro\u0161\u012bbu un kust\u012bbu br\u012bv\u012bbu \u2014 ide\u0101ls risin\u0101jums ziemas mak\u0161\u0137er\u0113\u0161anai un profesion\u0101lai lieto\u0161anai ekstrem\u0101los apst\u0101k\u013cos. <\/p>\n","protected":false},"featured_media":156109,"template":"","meta":{"_acf_changed":false},"product_brand":[],"product_cat":[1073],"product_tag":[],"class_list":{"0":"post-156136","1":"product","2":"type-product","3":"status-publish","4":"has-post-thumbnail","6":"product_cat-kopas","8":"first","9":"instock","10":"taxable","11":"shipping-taxable","12":"purchasable","13":"product-type-variable"},"acf":[],"_links":{"self":[{"href":"https:\/\/kingarms.ee\/lv\/wp-json\/wp\/v2\/product\/156136","targetHints":{"allow":["GET"]}}],"collection":[{"href":"https:\/\/kingarms.ee\/lv\/wp-json\/wp\/v2\/product"}],"about":[{"href":"https:\/\/kingarms.ee\/lv\/wp-json\/wp\/v2\/types\/product"}],"wp:featuredmedia":[{"embeddable":true,"href":"https:\/\/kingarms.ee\/lv\/wp-json\/wp\/v2\/media\/156109"}],"wp:attachment":[{"href":"https:\/\/kingarms.ee\/lv\/wp-json\/wp\/v2\/media?parent=156136"}],"wp:term":[{"taxonomy":"product_brand","embeddable":true,"href":"https:\/\/kingarms.ee\/lv\/wp-json\/wp\/v2\/product_brand?post=156136"},{"taxonomy":"product_cat","embeddable":true,"href":"https:\/\/kingarms.ee\/lv\/wp-json\/wp\/v2\/product_cat?post=156136"},{"taxonomy":"product_tag","embeddable":true,"href":"https:\/\/kingarms.ee\/lv\/wp-json\/wp\/v2\/product_tag?post=156136"}],"curies":[{"name":"wp","href":"https:\/\/api.w.org\/{rel}","templated":true}]}}