{"id":156237,"date":"2025-11-13T00:35:36","date_gmt":"2025-11-12T21:35:36","guid":{"rendered":"https:\/\/kingarms.ee\/product\/ziemas-dunu-jaka-remington-heman\/"},"modified":"2025-11-13T00:42:09","modified_gmt":"2025-11-12T21:42:09","slug":"ziemas-dunu-jaka-remington-heman","status":"publish","type":"product","link":"https:\/\/kingarms.ee\/lv\/product\/ziemas-dunu-jaka-remington-heman\/","title":{"rendered":"Ziemas d\u016bnu jaka Remington &#8220;Heman&#8221;"},"content":{"rendered":"","protected":false},"excerpt":{"rendered":"<p><strong data-start=\"1330\" data-end=\"1351\">Remington &#8220;Heman&#8221;<\/strong> ir augstas kvalit\u0101tes ziemas d\u016bnu jaka, kas nodro\u0161ina maksim\u0101lu siltumu un komfortu. Dab\u012bgais d\u016bnu pild\u012bjums ir viegls, bet \u013coti silts, savuk\u0101rt v\u0113ja un mitruma necaurlaid\u012bgs audums aizsarg\u0101 no sniega un sala. T\u0101 ir ide\u0101la izv\u0113le gan ikdienai, gan akt\u012bvai atp\u016btai ziem\u0101.  <br data-start=\"1682\" data-end=\"1685\">Jakai ir no\u0146emama kapuce, regul\u0113jamas aproces un vair\u0101kas kabatas ar r\u0101v\u0113jsl\u0113dz\u0113ju. <strong data-start=\"1843\" data-end=\"1864\">Remington &#8220;Heman&#8221; <\/strong>apvieno m\u016bsdien\u012bgu dizainu, tehnisko funkcionalit\u0101ti un nep\u0101rsp\u0113jamu siltumu \u2013 lieliska izv\u0113le v\u012brietim, kur\u0161 nov\u0113rt\u0113 kvalit\u0101ti un stilu ziemas sezon\u0101. <\/p>\n","protected":false},"featured_media":156208,"template":"","meta":{"_acf_changed":false},"product_brand":[],"product_cat":[1071],"product_tag":[],"class_list":{"0":"post-156237","1":"product","2":"type-product","3":"status-publish","4":"has-post-thumbnail","6":"product_cat-apvalks","8":"first","9":"instock","10":"taxable","11":"shipping-taxable","12":"purchasable","13":"product-type-variable"},"acf":[],"_links":{"self":[{"href":"https:\/\/kingarms.ee\/lv\/wp-json\/wp\/v2\/product\/156237","targetHints":{"allow":["GET"]}}],"collection":[{"href":"https:\/\/kingarms.ee\/lv\/wp-json\/wp\/v2\/product"}],"about":[{"href":"https:\/\/kingarms.ee\/lv\/wp-json\/wp\/v2\/types\/product"}],"wp:featuredmedia":[{"embeddable":true,"href":"https:\/\/kingarms.ee\/lv\/wp-json\/wp\/v2\/media\/156208"}],"wp:attachment":[{"href":"https:\/\/kingarms.ee\/lv\/wp-json\/wp\/v2\/media?parent=156237"}],"wp:term":[{"taxonomy":"product_brand","embeddable":true,"href":"https:\/\/kingarms.ee\/lv\/wp-json\/wp\/v2\/product_brand?post=156237"},{"taxonomy":"product_cat","embeddable":true,"href":"https:\/\/kingarms.ee\/lv\/wp-json\/wp\/v2\/product_cat?post=156237"},{"taxonomy":"product_tag","embeddable":true,"href":"https:\/\/kingarms.ee\/lv\/wp-json\/wp\/v2\/product_tag?post=156237"}],"curies":[{"name":"wp","href":"https:\/\/api.w.org\/{rel}","templated":true}]}}