{"id":156293,"date":"2025-11-13T00:57:02","date_gmt":"2025-11-12T21:57:02","guid":{"rendered":"https:\/\/kingarms.ee\/product\/jaka-remington-bullfinch\/"},"modified":"2025-11-13T01:02:20","modified_gmt":"2025-11-12T22:02:20","slug":"jaka-remington-bullfinch","status":"publish","type":"product","link":"https:\/\/kingarms.ee\/lv\/product\/jaka-remington-bullfinch\/","title":{"rendered":"Jaka Remington Bullfinch"},"content":{"rendered":"","protected":false},"excerpt":{"rendered":"<p><strong data-start=\"1248\" data-end=\"1271\">Remington Bullfinch<\/strong> ir viegla, silta un praktiska jaka, paredz\u0113ta akt\u012bviem v\u012brie\u0161iem. Siltumizol\u0101cija nodro\u0161ina komfortu l\u012bdz \u201325 \u00b0C, bet \u016bdens un v\u0113ja necaurlaid\u012bgs audums pasarg\u0101 no mitruma un sala. Vienk\u0101r\u0161s, elegants dizains padara to piem\u0113rotu gan pils\u0113tai, gan dabai.<br data-start=\"1592\" data-end=\"1595\">Jakai ir regul\u0113jama kapuce, elast\u012bgas aproces un dro\u0161as kabatas ar r\u0101v\u0113jsl\u0113dz\u0113ju. <strong data-start=\"1703\" data-end=\"1726\">Remington Bullfinch<\/strong> apvieno siltumu, iztur\u012bbu un m\u016bsdien\u012bgu stilu \u2014 ide\u0101la izv\u0113le ziemas un rudens sezonai.  <\/p>\n","protected":false},"featured_media":156255,"template":"","meta":{"_acf_changed":false},"product_brand":[],"product_cat":[1071],"product_tag":[],"class_list":{"0":"post-156293","1":"product","2":"type-product","3":"status-publish","4":"has-post-thumbnail","6":"product_cat-apvalks","8":"first","9":"instock","10":"taxable","11":"shipping-taxable","12":"purchasable","13":"product-type-variable"},"acf":[],"_links":{"self":[{"href":"https:\/\/kingarms.ee\/lv\/wp-json\/wp\/v2\/product\/156293","targetHints":{"allow":["GET"]}}],"collection":[{"href":"https:\/\/kingarms.ee\/lv\/wp-json\/wp\/v2\/product"}],"about":[{"href":"https:\/\/kingarms.ee\/lv\/wp-json\/wp\/v2\/types\/product"}],"wp:featuredmedia":[{"embeddable":true,"href":"https:\/\/kingarms.ee\/lv\/wp-json\/wp\/v2\/media\/156255"}],"wp:attachment":[{"href":"https:\/\/kingarms.ee\/lv\/wp-json\/wp\/v2\/media?parent=156293"}],"wp:term":[{"taxonomy":"product_brand","embeddable":true,"href":"https:\/\/kingarms.ee\/lv\/wp-json\/wp\/v2\/product_brand?post=156293"},{"taxonomy":"product_cat","embeddable":true,"href":"https:\/\/kingarms.ee\/lv\/wp-json\/wp\/v2\/product_cat?post=156293"},{"taxonomy":"product_tag","embeddable":true,"href":"https:\/\/kingarms.ee\/lv\/wp-json\/wp\/v2\/product_tag?post=156293"}],"curies":[{"name":"wp","href":"https:\/\/api.w.org\/{rel}","templated":true}]}}