{"id":156342,"date":"2025-11-13T01:21:53","date_gmt":"2025-11-12T22:21:53","guid":{"rendered":"https:\/\/kingarms.ee\/product\/jaka-remington-urban-city-camo\/"},"modified":"2025-11-13T01:31:27","modified_gmt":"2025-11-12T22:31:27","slug":"jaka-remington-urban-city-camo","status":"publish","type":"product","link":"https:\/\/kingarms.ee\/lv\/product\/jaka-remington-urban-city-camo\/","title":{"rendered":"Jaka Remington Urban City Camo"},"content":{"rendered":"","protected":false},"excerpt":{"rendered":"<p><strong data-start=\"1245\" data-end=\"1274\">Remington Urban City Camo<\/strong> ir moderna jaka ar pils\u0113tas kamufl\u0101\u017eas dizainu, kas apvieno stilu un praktiskumu. Viegls, v\u0113ja un \u016bdensnecaurlaid\u012bgs audums nodro\u0161ina aizsardz\u012bbu jebkuros laikapst\u0101k\u013cos, bet elpojo\u0161s oder\u0113jums saglab\u0101 komfortu. Urban Camo raksts pie\u0161\u0137ir jakai dinamisku un sportisku izskatu.  <br data-start=\"1586\" data-end=\"1589\">Jakai ir regul\u0113jama kapuce, elast\u012bgas aproces un \u0113rtas kabatas ar r\u0101v\u0113jsl\u0113dz\u0113ju. Remington Urban City Camo apvieno funkcionalit\u0101ti un m\u016bsdien\u012bgu dizainu \u2014 ide\u0101la izv\u0113le akt\u012bvam v\u012brietim pils\u0113t\u0101 vai ce\u013cojumos. <\/p>\n","protected":false},"featured_media":156312,"template":"","meta":{"_acf_changed":false},"product_brand":[],"product_cat":[1071],"product_tag":[],"class_list":{"0":"post-156342","1":"product","2":"type-product","3":"status-publish","4":"has-post-thumbnail","6":"product_cat-apvalks","8":"first","9":"instock","10":"taxable","11":"shipping-taxable","12":"purchasable","13":"product-type-variable"},"acf":[],"_links":{"self":[{"href":"https:\/\/kingarms.ee\/lv\/wp-json\/wp\/v2\/product\/156342","targetHints":{"allow":["GET"]}}],"collection":[{"href":"https:\/\/kingarms.ee\/lv\/wp-json\/wp\/v2\/product"}],"about":[{"href":"https:\/\/kingarms.ee\/lv\/wp-json\/wp\/v2\/types\/product"}],"wp:featuredmedia":[{"embeddable":true,"href":"https:\/\/kingarms.ee\/lv\/wp-json\/wp\/v2\/media\/156312"}],"wp:attachment":[{"href":"https:\/\/kingarms.ee\/lv\/wp-json\/wp\/v2\/media?parent=156342"}],"wp:term":[{"taxonomy":"product_brand","embeddable":true,"href":"https:\/\/kingarms.ee\/lv\/wp-json\/wp\/v2\/product_brand?post=156342"},{"taxonomy":"product_cat","embeddable":true,"href":"https:\/\/kingarms.ee\/lv\/wp-json\/wp\/v2\/product_cat?post=156342"},{"taxonomy":"product_tag","embeddable":true,"href":"https:\/\/kingarms.ee\/lv\/wp-json\/wp\/v2\/product_tag?post=156342"}],"curies":[{"name":"wp","href":"https:\/\/api.w.org\/{rel}","templated":true}]}}