{"id":156538,"date":"2025-11-13T12:09:49","date_gmt":"2025-11-13T09:09:49","guid":{"rendered":"https:\/\/kingarms.ee\/product\/starpsezonas-kostims-remington-himalayan-green-forest\/"},"modified":"2025-11-13T12:13:42","modified_gmt":"2025-11-13T09:13:42","slug":"starpsezonas-kostims-remington-himalayan-green-forest","status":"publish","type":"product","link":"https:\/\/kingarms.ee\/lv\/product\/starpsezonas-kostims-remington-himalayan-green-forest\/","title":{"rendered":"Starpsezonas kost\u012bms Remington Himalayan Green Forest"},"content":{"rendered":"","protected":false},"excerpt":{"rendered":"<p><strong data-start=\"1399\" data-end=\"1435\">Remington Himalayan Green Forest <\/strong>ir starpsezonas kost\u012bms, kas nodro\u0161ina komfortu un aizsardz\u012bbu main\u012bgos laikapst\u0101k\u013cos. Viegls, elpojo\u0161s un \u016bdensatgr\u016bdo\u0161s audums pasarg\u0101 no v\u0113ja un lietus, saglab\u0101jot siltumu. Green Forest kamufl\u0101\u017ea pal\u012bdz neman\u0101mi sapl\u016bst ar me\u017ea vidi, padarot \u0161o kost\u012bmu lieliski piem\u0113rotu med\u012bb\u0101m un mak\u0161\u0137er\u0113\u0161anai.<br data-start=\"1766\" data-end=\"1769\">Pastiprin\u0101tas \u0161uves, regul\u0113jamas aproces un vair\u0101kas kabatas nodro\u0161ina praktiskumu un kust\u012bbu br\u012bv\u012bbu. <strong data-start=\"1843\" data-end=\"1879\">Remington Himalayan Green Forest <\/strong>apvieno kvalit\u0101ti, iztur\u012bbu un komfortu \u2014 uzticams sabiedrotais pavasar\u012b un ruden\u012b.   <\/p>\n","protected":false},"featured_media":156517,"template":"","meta":{"_acf_changed":false},"product_brand":[],"product_cat":[1073],"product_tag":[],"class_list":{"0":"post-156538","1":"product","2":"type-product","3":"status-publish","4":"has-post-thumbnail","6":"product_cat-kopas","8":"first","9":"instock","10":"taxable","11":"shipping-taxable","12":"purchasable","13":"product-type-variable"},"acf":[],"_links":{"self":[{"href":"https:\/\/kingarms.ee\/lv\/wp-json\/wp\/v2\/product\/156538","targetHints":{"allow":["GET"]}}],"collection":[{"href":"https:\/\/kingarms.ee\/lv\/wp-json\/wp\/v2\/product"}],"about":[{"href":"https:\/\/kingarms.ee\/lv\/wp-json\/wp\/v2\/types\/product"}],"wp:featuredmedia":[{"embeddable":true,"href":"https:\/\/kingarms.ee\/lv\/wp-json\/wp\/v2\/media\/156517"}],"wp:attachment":[{"href":"https:\/\/kingarms.ee\/lv\/wp-json\/wp\/v2\/media?parent=156538"}],"wp:term":[{"taxonomy":"product_brand","embeddable":true,"href":"https:\/\/kingarms.ee\/lv\/wp-json\/wp\/v2\/product_brand?post=156538"},{"taxonomy":"product_cat","embeddable":true,"href":"https:\/\/kingarms.ee\/lv\/wp-json\/wp\/v2\/product_cat?post=156538"},{"taxonomy":"product_tag","embeddable":true,"href":"https:\/\/kingarms.ee\/lv\/wp-json\/wp\/v2\/product_tag?post=156538"}],"curies":[{"name":"wp","href":"https:\/\/api.w.org\/{rel}","templated":true}]}}