{"id":156650,"date":"2025-11-13T12:56:58","date_gmt":"2025-11-13T09:56:58","guid":{"rendered":"https:\/\/kingarms.ee\/product\/starpsezonas-kostims-remington-expedition-hunting-khaki\/"},"modified":"2025-11-13T13:01:40","modified_gmt":"2025-11-13T10:01:40","slug":"starpsezonas-kostims-remington-expedition-hunting-khaki","status":"publish","type":"product","link":"https:\/\/kingarms.ee\/lv\/product\/starpsezonas-kostims-remington-expedition-hunting-khaki\/","title":{"rendered":"Starpsezonas kost\u012bms Remington Expedition Hunting Khaki"},"content":{"rendered":"","protected":false},"excerpt":{"rendered":"<p><strong data-start=\"1464\" data-end=\"1502\">Remington Expedition Hunting Khaki <\/strong>ir starpsezonas kost\u012bms, kas nodro\u0161ina komfortu un aizsardz\u012bbu main\u012bgos laikapst\u0101k\u013cos. Viegls, elpojo\u0161s un \u016bdensatgr\u016bdo\u0161s audums pasarg\u0101 no v\u0113ja un mitruma, saglab\u0101jot kust\u012bbu br\u012bv\u012bbu. Khaki tonis \u013cauj dab\u012bgi iek\u013cauties apk\u0101rt\u0113j\u0101 vid\u0113.<br data-start=\"1781\" data-end=\"1784\">Kost\u012bmam ir pastiprin\u0101tas \u0161uves, regul\u0113jamas aproces un bik\u0161u gali, k\u0101 ar\u012b vair\u0101kas praktiskas kabatas.<strong data-start=\"1878\" data-end=\"1916\"> Remington Expedition Hunting Khaki <\/strong>apvieno iztur\u012bbu, funkcionalit\u0101ti un klasisku stilu \u2014 ide\u0101la izv\u0113le med\u012bb\u0101m, mak\u0161\u0137er\u0113\u0161anai un p\u0101rg\u0101jieniem pavasar\u012b un ruden\u012b.  <\/p>\n","protected":false},"featured_media":156603,"template":"","meta":{"_acf_changed":false},"product_brand":[],"product_cat":[1073],"product_tag":[],"class_list":{"0":"post-156650","1":"product","2":"type-product","3":"status-publish","4":"has-post-thumbnail","6":"product_cat-kopas","8":"first","9":"instock","10":"taxable","11":"shipping-taxable","12":"purchasable","13":"product-type-variable"},"acf":[],"_links":{"self":[{"href":"https:\/\/kingarms.ee\/lv\/wp-json\/wp\/v2\/product\/156650","targetHints":{"allow":["GET"]}}],"collection":[{"href":"https:\/\/kingarms.ee\/lv\/wp-json\/wp\/v2\/product"}],"about":[{"href":"https:\/\/kingarms.ee\/lv\/wp-json\/wp\/v2\/types\/product"}],"wp:featuredmedia":[{"embeddable":true,"href":"https:\/\/kingarms.ee\/lv\/wp-json\/wp\/v2\/media\/156603"}],"wp:attachment":[{"href":"https:\/\/kingarms.ee\/lv\/wp-json\/wp\/v2\/media?parent=156650"}],"wp:term":[{"taxonomy":"product_brand","embeddable":true,"href":"https:\/\/kingarms.ee\/lv\/wp-json\/wp\/v2\/product_brand?post=156650"},{"taxonomy":"product_cat","embeddable":true,"href":"https:\/\/kingarms.ee\/lv\/wp-json\/wp\/v2\/product_cat?post=156650"},{"taxonomy":"product_tag","embeddable":true,"href":"https:\/\/kingarms.ee\/lv\/wp-json\/wp\/v2\/product_tag?post=156650"}],"curies":[{"name":"wp","href":"https:\/\/api.w.org\/{rel}","templated":true}]}}