{"id":156711,"date":"2025-11-13T13:17:50","date_gmt":"2025-11-13T10:17:50","guid":{"rendered":"https:\/\/kingarms.ee\/product\/kostims-remington-expedition-hunting-figure\/"},"modified":"2025-11-13T13:21:52","modified_gmt":"2025-11-13T10:21:52","slug":"kostims-remington-expedition-hunting-figure","status":"publish","type":"product","link":"https:\/\/kingarms.ee\/lv\/product\/kostims-remington-expedition-hunting-figure\/","title":{"rendered":"Kost\u012bms Remington Expedition Hunting Figure"},"content":{"rendered":"","protected":false},"excerpt":{"rendered":"<p><strong data-start=\"1427\" data-end=\"1466\">Remington Expedition Hunting Figure<\/strong> ir uzticams kost\u012bms, kas paredz\u0113ts med\u012bb\u0101m un akt\u012bvai atp\u016btai dab\u0101. Viegls, elpojo\u0161s un iztur\u012bgs audums pasarg\u0101 no v\u0113ja un mitruma, saglab\u0101jot komfortu kust\u012bb\u0101. Figure kamufl\u0101\u017ea nodro\u0161ina lielisku mask\u0113\u0161anos me\u017e\u0101 un kalnos.<br data-start=\"1725\" data-end=\"1728\">Kost\u012bmam ir pastiprin\u0101tas \u0161uves, regul\u0113jamas aproces un vair\u0101kas pla\u0161as kabatas. Remington Expedition Hunting Figure apvieno iztur\u012bbu, funkcionalit\u0101ti un modernu dizainu \u2014 ide\u0101la izv\u0113le starpsezonu piedz\u012bvojumiem.  <\/p>\n","protected":false},"featured_media":156675,"template":"","meta":{"_acf_changed":false},"product_brand":[],"product_cat":[1073],"product_tag":[],"class_list":{"0":"post-156711","1":"product","2":"type-product","3":"status-publish","4":"has-post-thumbnail","6":"product_cat-kopas","8":"first","9":"instock","10":"taxable","11":"shipping-taxable","12":"purchasable","13":"product-type-variable"},"acf":[],"_links":{"self":[{"href":"https:\/\/kingarms.ee\/lv\/wp-json\/wp\/v2\/product\/156711","targetHints":{"allow":["GET"]}}],"collection":[{"href":"https:\/\/kingarms.ee\/lv\/wp-json\/wp\/v2\/product"}],"about":[{"href":"https:\/\/kingarms.ee\/lv\/wp-json\/wp\/v2\/types\/product"}],"wp:featuredmedia":[{"embeddable":true,"href":"https:\/\/kingarms.ee\/lv\/wp-json\/wp\/v2\/media\/156675"}],"wp:attachment":[{"href":"https:\/\/kingarms.ee\/lv\/wp-json\/wp\/v2\/media?parent=156711"}],"wp:term":[{"taxonomy":"product_brand","embeddable":true,"href":"https:\/\/kingarms.ee\/lv\/wp-json\/wp\/v2\/product_brand?post=156711"},{"taxonomy":"product_cat","embeddable":true,"href":"https:\/\/kingarms.ee\/lv\/wp-json\/wp\/v2\/product_cat?post=156711"},{"taxonomy":"product_tag","embeddable":true,"href":"https:\/\/kingarms.ee\/lv\/wp-json\/wp\/v2\/product_tag?post=156711"}],"curies":[{"name":"wp","href":"https:\/\/api.w.org\/{rel}","templated":true}]}}