{"id":156777,"date":"2025-11-13T13:53:31","date_gmt":"2025-11-13T10:53:31","guid":{"rendered":"https:\/\/kingarms.ee\/product\/kostims-remington-mountain-brown\/"},"modified":"2025-11-13T13:59:35","modified_gmt":"2025-11-13T10:59:35","slug":"kostims-remington-mountain-brown","status":"publish","type":"product","link":"https:\/\/kingarms.ee\/lv\/product\/kostims-remington-mountain-brown\/","title":{"rendered":"Kost\u012bms Remington Mountain Brown"},"content":{"rendered":"","protected":false},"excerpt":{"rendered":"<p><strong data-start=\"1302\" data-end=\"1330\">Remington Mountain Brown <\/strong>ir iztur\u012bgs un funkcion\u0101ls kost\u012bms, paredz\u0113ts med\u012bb\u0101m, mak\u0161\u0137er\u0113\u0161anai un p\u0101rg\u0101jieniem kalnos vai me\u017e\u0101. Viegls, v\u0113ja un mitruma necaurlaid\u012bgs audums nodro\u0161ina aizsardz\u012bbu un komfortu jebkuros apst\u0101k\u013cos. Silts oder\u0113jums \u013cauj to izmantot gan pavasar\u012b, gan ruden\u012b, gan v\u0113s\u0101s ziemas dien\u0101s.<br data-start=\"1655\" data-end=\"1658\">Kost\u012bmam ir pastiprin\u0101tas \u0161uves, regul\u0113jamas aproces un vair\u0101kas \u0113rtas kabatas. <strong data-start=\"1764\" data-end=\"1792\">Remington Mountain Brown<\/strong> apvieno iztur\u012bbu, komfortu un dabisku stilu \u2014 ide\u0101la izv\u0113le akt\u012bvam dz\u012bvesveidam br\u012bv\u0101 dab\u0101.  <\/p>\n","protected":false},"featured_media":156736,"template":"","meta":{"_acf_changed":false},"product_brand":[],"product_cat":[1073],"product_tag":[],"class_list":{"0":"post-156777","1":"product","2":"type-product","3":"status-publish","4":"has-post-thumbnail","6":"product_cat-kopas","8":"first","9":"instock","10":"taxable","11":"shipping-taxable","12":"purchasable","13":"product-type-variable"},"acf":[],"_links":{"self":[{"href":"https:\/\/kingarms.ee\/lv\/wp-json\/wp\/v2\/product\/156777","targetHints":{"allow":["GET"]}}],"collection":[{"href":"https:\/\/kingarms.ee\/lv\/wp-json\/wp\/v2\/product"}],"about":[{"href":"https:\/\/kingarms.ee\/lv\/wp-json\/wp\/v2\/types\/product"}],"wp:featuredmedia":[{"embeddable":true,"href":"https:\/\/kingarms.ee\/lv\/wp-json\/wp\/v2\/media\/156736"}],"wp:attachment":[{"href":"https:\/\/kingarms.ee\/lv\/wp-json\/wp\/v2\/media?parent=156777"}],"wp:term":[{"taxonomy":"product_brand","embeddable":true,"href":"https:\/\/kingarms.ee\/lv\/wp-json\/wp\/v2\/product_brand?post=156777"},{"taxonomy":"product_cat","embeddable":true,"href":"https:\/\/kingarms.ee\/lv\/wp-json\/wp\/v2\/product_cat?post=156777"},{"taxonomy":"product_tag","embeddable":true,"href":"https:\/\/kingarms.ee\/lv\/wp-json\/wp\/v2\/product_tag?post=156777"}],"curies":[{"name":"wp","href":"https:\/\/api.w.org\/{rel}","templated":true}]}}