{"id":156823,"date":"2025-11-13T14:10:39","date_gmt":"2025-11-13T11:10:39","guid":{"rendered":"https:\/\/kingarms.ee\/product\/starpsezonas-kostims-remington-stalker-green-forest\/"},"modified":"2025-11-13T14:16:18","modified_gmt":"2025-11-13T11:16:18","slug":"starpsezonas-kostims-remington-stalker-green-forest","status":"publish","type":"product","link":"https:\/\/kingarms.ee\/lv\/product\/starpsezonas-kostims-remington-stalker-green-forest\/","title":{"rendered":"Starpsezonas kost\u012bms Remington Stalker Green Forest"},"content":{"rendered":"","protected":false},"excerpt":{"rendered":"<p><strong data-start=\"1406\" data-end=\"1440\">Remington Stalker Green Forest <\/strong>ir starpsezonas kost\u012bms, kas paredz\u0113ts med\u012bb\u0101m, mak\u0161\u0137er\u0113\u0161anai un akt\u012bvai atp\u016btai dab\u0101. Viegls un elpojo\u0161s audums ar \u016bdensnecaurlaid\u012bgu membr\u0101nu pasarg\u0101 no v\u0113ja un mitruma. Green Forest kamufl\u0101\u017ea nodro\u0161ina lielisku mask\u0113\u0161anos me\u017ea apvidos.<br data-start=\"1725\" data-end=\"1728\">Kost\u012bmam ir ergonomisks piegriezums, pastiprin\u0101tas \u0161uves un vair\u0101kas \u0113rtas kabatas. Remington Stalker Green Forest apvieno komfortu, iztur\u012bbu un tehnolo\u0123isku aizsardz\u012bbu \u2014 ide\u0101la izv\u0113le pavasara un rudens sezonai.  <\/p>\n","protected":false},"featured_media":156799,"template":"","meta":{"_acf_changed":false},"product_brand":[],"product_cat":[1073],"product_tag":[],"class_list":{"0":"post-156823","1":"product","2":"type-product","3":"status-publish","4":"has-post-thumbnail","6":"product_cat-kopas","8":"first","9":"instock","10":"taxable","11":"shipping-taxable","12":"purchasable","13":"product-type-variable"},"acf":[],"_links":{"self":[{"href":"https:\/\/kingarms.ee\/lv\/wp-json\/wp\/v2\/product\/156823","targetHints":{"allow":["GET"]}}],"collection":[{"href":"https:\/\/kingarms.ee\/lv\/wp-json\/wp\/v2\/product"}],"about":[{"href":"https:\/\/kingarms.ee\/lv\/wp-json\/wp\/v2\/types\/product"}],"wp:featuredmedia":[{"embeddable":true,"href":"https:\/\/kingarms.ee\/lv\/wp-json\/wp\/v2\/media\/156799"}],"wp:attachment":[{"href":"https:\/\/kingarms.ee\/lv\/wp-json\/wp\/v2\/media?parent=156823"}],"wp:term":[{"taxonomy":"product_brand","embeddable":true,"href":"https:\/\/kingarms.ee\/lv\/wp-json\/wp\/v2\/product_brand?post=156823"},{"taxonomy":"product_cat","embeddable":true,"href":"https:\/\/kingarms.ee\/lv\/wp-json\/wp\/v2\/product_cat?post=156823"},{"taxonomy":"product_tag","embeddable":true,"href":"https:\/\/kingarms.ee\/lv\/wp-json\/wp\/v2\/product_tag?post=156823"}],"curies":[{"name":"wp","href":"https:\/\/api.w.org\/{rel}","templated":true}]}}