{"id":157271,"date":"2025-11-14T00:11:26","date_gmt":"2025-11-13T21:11:26","guid":{"rendered":"https:\/\/kingarms.ee\/product\/starpsezonas-kostims-remington-tiger-black\/"},"modified":"2025-11-14T00:14:05","modified_gmt":"2025-11-13T21:14:05","slug":"starpsezonas-kostims-remington-tiger-black","status":"publish","type":"product","link":"https:\/\/kingarms.ee\/lv\/product\/starpsezonas-kostims-remington-tiger-black\/","title":{"rendered":"Starpsezonas kost\u012bms Remington Tiger Black"},"content":{"rendered":"","protected":false},"excerpt":{"rendered":"<p><strong data-start=\"1409\" data-end=\"1434\">Remington Tiger Black<\/strong> ir stil\u012bgs un funkcion\u0101ls starpsezonas kost\u012bms, kas nodro\u0161ina aizsardz\u012bbu un komfortu jebkuros apst\u0101k\u013cos. Viegls, elpojo\u0161s un \u016bdensnecaurlaid\u012bgs audums pasarg\u0101 no lietus un v\u0113ja, saglab\u0101jot kust\u012bbu br\u012bv\u012bbu. Mat\u0113ts melnais dizains pie\u0161\u0137ir profesion\u0101lu un p\u0101rliecino\u0161u izskatu.<br data-start=\"1707\" data-end=\"1710\">Kost\u012bmam ir pastiprin\u0101tas \u0161uves, regul\u0113jamas aproces un vair\u0101kas praktiskas kabatas. Remington Tiger Black apvieno iztur\u012bbu, funkcionalit\u0101ti un elegantu stilu \u2014 ide\u0101la izv\u0113le gan pils\u0113tai, gan dabai.  <\/p>\n","protected":false},"featured_media":157214,"template":"","meta":{"_acf_changed":false},"product_brand":[],"product_cat":[1073],"product_tag":[],"class_list":{"0":"post-157271","1":"product","2":"type-product","3":"status-publish","4":"has-post-thumbnail","6":"product_cat-kopas","8":"first","9":"instock","10":"taxable","11":"shipping-taxable","12":"purchasable","13":"product-type-variable"},"acf":[],"_links":{"self":[{"href":"https:\/\/kingarms.ee\/lv\/wp-json\/wp\/v2\/product\/157271","targetHints":{"allow":["GET"]}}],"collection":[{"href":"https:\/\/kingarms.ee\/lv\/wp-json\/wp\/v2\/product"}],"about":[{"href":"https:\/\/kingarms.ee\/lv\/wp-json\/wp\/v2\/types\/product"}],"wp:featuredmedia":[{"embeddable":true,"href":"https:\/\/kingarms.ee\/lv\/wp-json\/wp\/v2\/media\/157214"}],"wp:attachment":[{"href":"https:\/\/kingarms.ee\/lv\/wp-json\/wp\/v2\/media?parent=157271"}],"wp:term":[{"taxonomy":"product_brand","embeddable":true,"href":"https:\/\/kingarms.ee\/lv\/wp-json\/wp\/v2\/product_brand?post=157271"},{"taxonomy":"product_cat","embeddable":true,"href":"https:\/\/kingarms.ee\/lv\/wp-json\/wp\/v2\/product_cat?post=157271"},{"taxonomy":"product_tag","embeddable":true,"href":"https:\/\/kingarms.ee\/lv\/wp-json\/wp\/v2\/product_tag?post=157271"}],"curies":[{"name":"wp","href":"https:\/\/api.w.org\/{rel}","templated":true}]}}