{"id":157322,"date":"2025-11-14T00:28:23","date_gmt":"2025-11-13T21:28:23","guid":{"rendered":"https:\/\/kingarms.ee\/product\/starpsezonas-kostims-remington-fishing-ii\/"},"modified":"2025-11-14T00:32:12","modified_gmt":"2025-11-13T21:32:12","slug":"starpsezonas-kostims-remington-fishing-ii","status":"publish","type":"product","link":"https:\/\/kingarms.ee\/lv\/product\/starpsezonas-kostims-remington-fishing-ii\/","title":{"rendered":"Starpsezonas kost\u012bms Remington Fishing II"},"content":{"rendered":"","protected":false},"excerpt":{"rendered":"<p><strong data-start=\"1338\" data-end=\"1362\">Remington Fishing II i<\/strong>r moderns starpsezonas kost\u012bms, kas paredz\u0113ts mak\u0161\u0137erniekiem un akt\u012bvas atp\u016btas cien\u012bt\u0101jiem. Viegls, elpojo\u0161s un \u016bdensnecaurlaid\u012bgs audums pasarg\u0101 no lietus un v\u0113ja, saglab\u0101jot kust\u012bbu br\u012bv\u012bbu un komfortu. Neitr\u0101lais dizains padara to piem\u0113rotu gan krastam, gan laivai.<br data-start=\"1697\" data-end=\"1700\">Kost\u012bmam ir pastiprin\u0101tas \u0161uves, regul\u0113jamas aproces un vair\u0101kas praktiskas kabatas. Remington Fishing II apvieno iztur\u012bbu, funkcionalit\u0101ti un profesion\u0101lu stilu \u2014 ide\u0101la izv\u0113le tiem, kas nov\u0113rt\u0113 kvalit\u0101ti un aizsardz\u012bbu mak\u0161\u0137er\u0113jot.  <\/p>\n","protected":false},"featured_media":157293,"template":"","meta":{"_acf_changed":false},"product_brand":[],"product_cat":[1073],"product_tag":[],"class_list":{"0":"post-157322","1":"product","2":"type-product","3":"status-publish","4":"has-post-thumbnail","6":"product_cat-kopas","8":"first","9":"instock","10":"taxable","11":"shipping-taxable","12":"purchasable","13":"product-type-variable"},"acf":[],"_links":{"self":[{"href":"https:\/\/kingarms.ee\/lv\/wp-json\/wp\/v2\/product\/157322","targetHints":{"allow":["GET"]}}],"collection":[{"href":"https:\/\/kingarms.ee\/lv\/wp-json\/wp\/v2\/product"}],"about":[{"href":"https:\/\/kingarms.ee\/lv\/wp-json\/wp\/v2\/types\/product"}],"wp:featuredmedia":[{"embeddable":true,"href":"https:\/\/kingarms.ee\/lv\/wp-json\/wp\/v2\/media\/157293"}],"wp:attachment":[{"href":"https:\/\/kingarms.ee\/lv\/wp-json\/wp\/v2\/media?parent=157322"}],"wp:term":[{"taxonomy":"product_brand","embeddable":true,"href":"https:\/\/kingarms.ee\/lv\/wp-json\/wp\/v2\/product_brand?post=157322"},{"taxonomy":"product_cat","embeddable":true,"href":"https:\/\/kingarms.ee\/lv\/wp-json\/wp\/v2\/product_cat?post=157322"},{"taxonomy":"product_tag","embeddable":true,"href":"https:\/\/kingarms.ee\/lv\/wp-json\/wp\/v2\/product_tag?post=157322"}],"curies":[{"name":"wp","href":"https:\/\/api.w.org\/{rel}","templated":true}]}}