{"id":157378,"date":"2025-11-14T00:45:51","date_gmt":"2025-11-13T21:45:51","guid":{"rendered":"https:\/\/kingarms.ee\/product\/starpsezonas-kostims-remington-fishing-ii-gray\/"},"modified":"2025-11-14T00:49:47","modified_gmt":"2025-11-13T21:49:47","slug":"starpsezonas-kostims-remington-fishing-ii-gray","status":"publish","type":"product","link":"https:\/\/kingarms.ee\/lv\/product\/starpsezonas-kostims-remington-fishing-ii-gray\/","title":{"rendered":"Starpsezonas kost\u012bms Remington Fishing II Gray"},"content":{"rendered":"","protected":false},"excerpt":{"rendered":"<p><strong data-start=\"1443\" data-end=\"1472\">Remington Fishing II Gray <\/strong>ir atjaunota popul\u0101r\u0101 starpsezonas kost\u012bma versija, kas apvieno aizsardz\u012bbu, komfortu un stilu. Viegls, elpojo\u0161s un \u016bdensnecaurlaid\u012bgs audums pasarg\u0101 no v\u0113ja un lietus, nodro\u0161inot kust\u012bbu br\u012bv\u012bbu. Pel\u0113kais tonis pie\u0161\u0137ir modernu un profesion\u0101lu izskatu, piem\u0113rotu gan laivai, gan krastam.<br data-start=\"1779\" data-end=\"1782\">Kost\u012bmam ir pastiprin\u0101tas \u0161uves, regul\u0113jamas aproces un vair\u0101kas \u0113rtas kabatas. Remington Fishing II Gray apvieno iztur\u012bbu, funkcionalit\u0101ti un komfortu \u2014 ide\u0101la izv\u0113le tiem, kas nov\u0113rt\u0113 kvalit\u0101ti un uzticam\u012bbu dab\u0101.  <\/p>\n","protected":false},"featured_media":157343,"template":"","meta":{"_acf_changed":false},"product_brand":[],"product_cat":[1073],"product_tag":[],"class_list":{"0":"post-157378","1":"product","2":"type-product","3":"status-publish","4":"has-post-thumbnail","6":"product_cat-kopas","8":"first","9":"instock","10":"taxable","11":"shipping-taxable","12":"purchasable","13":"product-type-variable"},"acf":[],"_links":{"self":[{"href":"https:\/\/kingarms.ee\/lv\/wp-json\/wp\/v2\/product\/157378","targetHints":{"allow":["GET"]}}],"collection":[{"href":"https:\/\/kingarms.ee\/lv\/wp-json\/wp\/v2\/product"}],"about":[{"href":"https:\/\/kingarms.ee\/lv\/wp-json\/wp\/v2\/types\/product"}],"wp:featuredmedia":[{"embeddable":true,"href":"https:\/\/kingarms.ee\/lv\/wp-json\/wp\/v2\/media\/157343"}],"wp:attachment":[{"href":"https:\/\/kingarms.ee\/lv\/wp-json\/wp\/v2\/media?parent=157378"}],"wp:term":[{"taxonomy":"product_brand","embeddable":true,"href":"https:\/\/kingarms.ee\/lv\/wp-json\/wp\/v2\/product_brand?post=157378"},{"taxonomy":"product_cat","embeddable":true,"href":"https:\/\/kingarms.ee\/lv\/wp-json\/wp\/v2\/product_cat?post=157378"},{"taxonomy":"product_tag","embeddable":true,"href":"https:\/\/kingarms.ee\/lv\/wp-json\/wp\/v2\/product_tag?post=157378"}],"curies":[{"name":"wp","href":"https:\/\/api.w.org\/{rel}","templated":true}]}}