{"id":157422,"date":"2025-11-14T01:00:50","date_gmt":"2025-11-13T22:00:50","guid":{"rendered":"https:\/\/kingarms.ee\/product\/starpsezonas-kostims-remington-fishing-hay-wave\/"},"modified":"2025-11-14T01:03:21","modified_gmt":"2025-11-13T22:03:21","slug":"starpsezonas-kostims-remington-fishing-hay-wave","status":"publish","type":"product","link":"https:\/\/kingarms.ee\/lv\/product\/starpsezonas-kostims-remington-fishing-hay-wave\/","title":{"rendered":"Starpsezonas kost\u012bms Remington Fishing Hay Wave"},"content":{"rendered":"","protected":false},"excerpt":{"rendered":"<p data-start=\"1488\" data-end=\"2095\"><strong data-start=\"1488\" data-end=\"1518\">Remington Fishing Hay Wave<\/strong> ir starpsezonas kost\u012bms, kas paredz\u0113ts mak\u0161\u0137erniekiem un akt\u012bvas atp\u016btas cien\u012bt\u0101jiem. Viegls, elpojo\u0161s un \u016bdensnecaurlaid\u012bgs audums nodro\u0161ina aizsardz\u012bbu pret v\u0113ju un lietu, saglab\u0101jot komfortu ilgsto\u0161as lieto\u0161anas laik\u0101. Hay Wave kamufl\u0101\u017ea ar dab\u012bgiem to\u0146iem lieliski piem\u0113rota krasta un purvain\u0101m viet\u0101m.<br data-start=\"1833\" data-end=\"1836\">Kost\u012bmam ir pastiprin\u0101tas \u0161uves, regul\u0113jamas aproces un vair\u0101kas pla\u0161as kabatas. Remington Fishing Hay Wave apvieno tehnolo\u0123iju, komfortu un iztur\u012bbu \u2014 ide\u0101la izv\u0113le pavasara un rudens mak\u0161\u0137er\u0113\u0161anas sezonai.  <\/p>\n","protected":false},"featured_media":157391,"template":"","meta":{"_acf_changed":false},"product_brand":[],"product_cat":[1073],"product_tag":[],"class_list":{"0":"post-157422","1":"product","2":"type-product","3":"status-publish","4":"has-post-thumbnail","6":"product_cat-kopas","8":"first","9":"instock","10":"taxable","11":"shipping-taxable","12":"purchasable","13":"product-type-variable"},"acf":[],"_links":{"self":[{"href":"https:\/\/kingarms.ee\/lv\/wp-json\/wp\/v2\/product\/157422","targetHints":{"allow":["GET"]}}],"collection":[{"href":"https:\/\/kingarms.ee\/lv\/wp-json\/wp\/v2\/product"}],"about":[{"href":"https:\/\/kingarms.ee\/lv\/wp-json\/wp\/v2\/types\/product"}],"wp:featuredmedia":[{"embeddable":true,"href":"https:\/\/kingarms.ee\/lv\/wp-json\/wp\/v2\/media\/157391"}],"wp:attachment":[{"href":"https:\/\/kingarms.ee\/lv\/wp-json\/wp\/v2\/media?parent=157422"}],"wp:term":[{"taxonomy":"product_brand","embeddable":true,"href":"https:\/\/kingarms.ee\/lv\/wp-json\/wp\/v2\/product_brand?post=157422"},{"taxonomy":"product_cat","embeddable":true,"href":"https:\/\/kingarms.ee\/lv\/wp-json\/wp\/v2\/product_cat?post=157422"},{"taxonomy":"product_tag","embeddable":true,"href":"https:\/\/kingarms.ee\/lv\/wp-json\/wp\/v2\/product_tag?post=157422"}],"curies":[{"name":"wp","href":"https:\/\/api.w.org\/{rel}","templated":true}]}}