{"id":157587,"date":"2025-11-14T16:43:58","date_gmt":"2025-11-14T13:43:58","guid":{"rendered":"https:\/\/kingarms.ee\/product\/starpsezonas-kostims-remington-stormfront-yellow-waterfowl-honeycombs\/"},"modified":"2025-11-14T16:48:13","modified_gmt":"2025-11-14T13:48:13","slug":"starpsezonas-kostims-remington-stormfront-yellow-waterfowl-honeycombs","status":"publish","type":"product","link":"https:\/\/kingarms.ee\/lv\/product\/starpsezonas-kostims-remington-stormfront-yellow-waterfowl-honeycombs\/","title":{"rendered":"Starpsezonas kost\u012bms Remington Stormfront Yellow Waterfowl Honeycombs"},"content":{"rendered":"","protected":false},"excerpt":{"rendered":"<p><strong data-start=\"1660\" data-end=\"1712\">Remington Stormfront Yellow Waterfowl Honeycombs <\/strong>ir augst\u0101k\u0101s klases starpsezonas kost\u012bms, kas paredz\u0113ts \u016bdensputnu med\u012bb\u0101m un mak\u0161\u0137er\u0113\u0161anai mitr\u0101 vid\u0113. Viegls, elpojo\u0161s un \u016bdensnecaurlaid\u012bgs audums pasarg\u0101 no lietus un v\u0113ja, nodro\u0161inot komfortu kust\u012bb\u0101. Honeycombs kamufl\u0101\u017ea ar dzelteniem to\u0146iem lieliski sapl\u016bst ar niedr\u0113m un purvain\u0101m teritorij\u0101m.<br data-start=\"2058\" data-end=\"2061\">Kost\u012bmam ir pastiprin\u0101tas \u0161uves, regul\u0113jamas aproces un vair\u0101kas praktiskas kabatas. Remington Stormfront Yellow Waterfowl Honeycombs apvieno tehnolo\u0123iju, komfortu un profesion\u0101lu aizsardz\u012bbu \u2014 ide\u0101la izv\u0113le tiem, kas pavada daudz laika pie \u016bde\u0146iem.  <\/p>\n","protected":false},"featured_media":157526,"template":"","meta":{"_acf_changed":false},"product_brand":[],"product_cat":[1073],"product_tag":[],"class_list":{"0":"post-157587","1":"product","2":"type-product","3":"status-publish","4":"has-post-thumbnail","6":"product_cat-kopas","8":"first","9":"instock","10":"taxable","11":"shipping-taxable","12":"purchasable","13":"product-type-variable"},"acf":[],"_links":{"self":[{"href":"https:\/\/kingarms.ee\/lv\/wp-json\/wp\/v2\/product\/157587","targetHints":{"allow":["GET"]}}],"collection":[{"href":"https:\/\/kingarms.ee\/lv\/wp-json\/wp\/v2\/product"}],"about":[{"href":"https:\/\/kingarms.ee\/lv\/wp-json\/wp\/v2\/types\/product"}],"wp:featuredmedia":[{"embeddable":true,"href":"https:\/\/kingarms.ee\/lv\/wp-json\/wp\/v2\/media\/157526"}],"wp:attachment":[{"href":"https:\/\/kingarms.ee\/lv\/wp-json\/wp\/v2\/media?parent=157587"}],"wp:term":[{"taxonomy":"product_brand","embeddable":true,"href":"https:\/\/kingarms.ee\/lv\/wp-json\/wp\/v2\/product_brand?post=157587"},{"taxonomy":"product_cat","embeddable":true,"href":"https:\/\/kingarms.ee\/lv\/wp-json\/wp\/v2\/product_cat?post=157587"},{"taxonomy":"product_tag","embeddable":true,"href":"https:\/\/kingarms.ee\/lv\/wp-json\/wp\/v2\/product_tag?post=157587"}],"curies":[{"name":"wp","href":"https:\/\/api.w.org\/{rel}","templated":true}]}}