{"id":157663,"date":"2025-11-14T17:04:06","date_gmt":"2025-11-14T14:04:06","guid":{"rendered":"https:\/\/kingarms.ee\/product\/starpsezonas-kostims-remington-stormfront-figure\/"},"modified":"2025-11-14T17:09:02","modified_gmt":"2025-11-14T14:09:02","slug":"starpsezonas-kostims-remington-stormfront-figure","status":"publish","type":"product","link":"https:\/\/kingarms.ee\/lv\/product\/starpsezonas-kostims-remington-stormfront-figure\/","title":{"rendered":"Starpsezonas kost\u012bms Remington Stormfront Figure"},"content":{"rendered":"","protected":false},"excerpt":{"rendered":"<p><strong data-start=\"1466\" data-end=\"1497\">Remington Stormfront Figure <\/strong>ir uzticams starpsezonas kost\u012bms, kas paredz\u0113ts med\u012bb\u0101m, mak\u0161\u0137er\u0113\u0161anai un akt\u012bvai atp\u016btai dab\u0101. Viegls, elpojo\u0161s un \u016bdensnecaurlaid\u012bgs audums nodro\u0161ina aizsardz\u012bbu pret v\u0113ju un lietu, saglab\u0101jot komfortu un kust\u012bbu br\u012bv\u012bbu. Figure kamufl\u0101\u017ea lieliski sapl\u016bst ar me\u017ea vidi, nodro\u0161inot efekt\u012bvu mask\u0113\u0161anos.<br data-start=\"1798\" data-end=\"1801\">Kost\u012bmam ir pastiprin\u0101tas \u0161uves, regul\u0113jamas aproces un vair\u0101kas praktiskas kabatas. Remington Stormfront Figure apvieno tehnolo\u0123iju, iztur\u012bbu un m\u016bsdien\u012bgu dizainu \u2014 ide\u0101la izv\u0113le starpsezonas aktivit\u0101t\u0113m.  <\/p>\n","protected":false},"featured_media":157618,"template":"","meta":{"_acf_changed":false},"product_brand":[],"product_cat":[1073],"product_tag":[],"class_list":{"0":"post-157663","1":"product","2":"type-product","3":"status-publish","4":"has-post-thumbnail","6":"product_cat-kopas","8":"first","9":"instock","10":"taxable","11":"shipping-taxable","12":"purchasable","13":"product-type-variable"},"acf":[],"_links":{"self":[{"href":"https:\/\/kingarms.ee\/lv\/wp-json\/wp\/v2\/product\/157663","targetHints":{"allow":["GET"]}}],"collection":[{"href":"https:\/\/kingarms.ee\/lv\/wp-json\/wp\/v2\/product"}],"about":[{"href":"https:\/\/kingarms.ee\/lv\/wp-json\/wp\/v2\/types\/product"}],"wp:featuredmedia":[{"embeddable":true,"href":"https:\/\/kingarms.ee\/lv\/wp-json\/wp\/v2\/media\/157618"}],"wp:attachment":[{"href":"https:\/\/kingarms.ee\/lv\/wp-json\/wp\/v2\/media?parent=157663"}],"wp:term":[{"taxonomy":"product_brand","embeddable":true,"href":"https:\/\/kingarms.ee\/lv\/wp-json\/wp\/v2\/product_brand?post=157663"},{"taxonomy":"product_cat","embeddable":true,"href":"https:\/\/kingarms.ee\/lv\/wp-json\/wp\/v2\/product_cat?post=157663"},{"taxonomy":"product_tag","embeddable":true,"href":"https:\/\/kingarms.ee\/lv\/wp-json\/wp\/v2\/product_tag?post=157663"}],"curies":[{"name":"wp","href":"https:\/\/api.w.org\/{rel}","templated":true}]}}