{"id":157823,"date":"2025-11-15T00:12:11","date_gmt":"2025-11-14T21:12:11","guid":{"rendered":"https:\/\/kingarms.ee\/product\/jaka-remington-diamond-quilt-green\/"},"modified":"2025-11-15T00:26:11","modified_gmt":"2025-11-14T21:26:11","slug":"jaka-remington-diamond-quilt-green","status":"publish","type":"product","link":"https:\/\/kingarms.ee\/lv\/product\/jaka-remington-diamond-quilt-green\/","title":{"rendered":"Jaka Remington Diamond Quilt Green"},"content":{"rendered":"","protected":false},"excerpt":{"rendered":"<p><strong data-start=\"1400\" data-end=\"1433\">Remington Diamond Quilt Green <\/strong>ir stil\u012bga, viegla jaka ar dimanta formas step\u0113jumu, kas apvieno eleganci un komfortu. Elpojo\u0161s un v\u0113jaiztur\u012bgs materi\u0101ls nodro\u0161ina siltumu un \u0113rtumu v\u0113s\u0101k\u0101s dien\u0101s. Za\u013c\u0101 kr\u0101sa un klasisk\u0101 forma pie\u0161\u0137ir jakai dabisku un izsmalcin\u0101tu izskatu.<br data-start=\"1766\" data-end=\"1769\">Jakai ir r\u0101v\u0113jsl\u0113dz\u0113ja kabatas, elast\u012bgas aproces un m\u012bksts oder\u0113jums. Remington Diamond Quilt Green apvieno iztur\u012bbu, praktiskumu un eleganci \u2014 ide\u0101la izv\u0113le ikdienai pavasar\u012b un ruden\u012b.  <\/p>\n","protected":false},"featured_media":157797,"template":"","meta":{"_acf_changed":false},"product_brand":[],"product_cat":[1071],"product_tag":[],"class_list":{"0":"post-157823","1":"product","2":"type-product","3":"status-publish","4":"has-post-thumbnail","6":"product_cat-apvalks","8":"first","9":"instock","10":"taxable","11":"shipping-taxable","12":"purchasable","13":"product-type-variable"},"acf":[],"_links":{"self":[{"href":"https:\/\/kingarms.ee\/lv\/wp-json\/wp\/v2\/product\/157823","targetHints":{"allow":["GET"]}}],"collection":[{"href":"https:\/\/kingarms.ee\/lv\/wp-json\/wp\/v2\/product"}],"about":[{"href":"https:\/\/kingarms.ee\/lv\/wp-json\/wp\/v2\/types\/product"}],"wp:featuredmedia":[{"embeddable":true,"href":"https:\/\/kingarms.ee\/lv\/wp-json\/wp\/v2\/media\/157797"}],"wp:attachment":[{"href":"https:\/\/kingarms.ee\/lv\/wp-json\/wp\/v2\/media?parent=157823"}],"wp:term":[{"taxonomy":"product_brand","embeddable":true,"href":"https:\/\/kingarms.ee\/lv\/wp-json\/wp\/v2\/product_brand?post=157823"},{"taxonomy":"product_cat","embeddable":true,"href":"https:\/\/kingarms.ee\/lv\/wp-json\/wp\/v2\/product_cat?post=157823"},{"taxonomy":"product_tag","embeddable":true,"href":"https:\/\/kingarms.ee\/lv\/wp-json\/wp\/v2\/product_tag?post=157823"}],"curies":[{"name":"wp","href":"https:\/\/api.w.org\/{rel}","templated":true}]}}