{"id":157860,"date":"2025-11-15T00:30:54","date_gmt":"2025-11-14T21:30:54","guid":{"rendered":"https:\/\/kingarms.ee\/product\/jaka-remington-urban-rumor-grey\/"},"modified":"2025-11-15T00:33:49","modified_gmt":"2025-11-14T21:33:49","slug":"jaka-remington-urban-rumor-grey","status":"publish","type":"product","link":"https:\/\/kingarms.ee\/lv\/product\/jaka-remington-urban-rumor-grey\/","title":{"rendered":"Jaka Remington Urban Rumor Grey"},"content":{"rendered":"","protected":false},"excerpt":{"rendered":"<p data-start=\"1350\" data-end=\"1924\"><strong data-start=\"1350\" data-end=\"1380\">Remington Urban Rumor Grey <\/strong>ir moderna jaka, kas paredz\u0113ta akt\u012bvam dz\u012bvesveidam pils\u0113t\u0101. Viegls, elpojo\u0161s un v\u0113jaiztur\u012bgs audums nodro\u0161ina komfortu un aizsardz\u012bbu jebkuros laikapst\u0101k\u013cos. Pel\u0113k\u0101 kr\u0101sa un vienk\u0101r\u0161ais dizains pie\u0161\u0137ir jakai stil\u012bgu, univers\u0101lu izskatu.<br data-start=\"1696\" data-end=\"1699\">Jakai ir regul\u0113jams kapucis, r\u0101v\u0113jsl\u0113dz\u0113ja kabatas un m\u012bksts oder\u0113jums. Remington Urban Rumor Grey apvieno m\u016bsdien\u012bgu stilu, praktiskumu un uzticam\u012bbu \u2014 ide\u0101la izv\u0113le tiem, kas nov\u0113rt\u0113 komfortu un kvalit\u0101ti ikdien\u0101.  <\/p>\n","protected":false},"featured_media":157837,"template":"","meta":{"_acf_changed":false},"product_brand":[],"product_cat":[1071],"product_tag":[],"class_list":{"0":"post-157860","1":"product","2":"type-product","3":"status-publish","4":"has-post-thumbnail","6":"product_cat-apvalks","8":"first","9":"instock","10":"taxable","11":"shipping-taxable","12":"purchasable","13":"product-type-variable"},"acf":[],"_links":{"self":[{"href":"https:\/\/kingarms.ee\/lv\/wp-json\/wp\/v2\/product\/157860","targetHints":{"allow":["GET"]}}],"collection":[{"href":"https:\/\/kingarms.ee\/lv\/wp-json\/wp\/v2\/product"}],"about":[{"href":"https:\/\/kingarms.ee\/lv\/wp-json\/wp\/v2\/types\/product"}],"wp:featuredmedia":[{"embeddable":true,"href":"https:\/\/kingarms.ee\/lv\/wp-json\/wp\/v2\/media\/157837"}],"wp:attachment":[{"href":"https:\/\/kingarms.ee\/lv\/wp-json\/wp\/v2\/media?parent=157860"}],"wp:term":[{"taxonomy":"product_brand","embeddable":true,"href":"https:\/\/kingarms.ee\/lv\/wp-json\/wp\/v2\/product_brand?post=157860"},{"taxonomy":"product_cat","embeddable":true,"href":"https:\/\/kingarms.ee\/lv\/wp-json\/wp\/v2\/product_cat?post=157860"},{"taxonomy":"product_tag","embeddable":true,"href":"https:\/\/kingarms.ee\/lv\/wp-json\/wp\/v2\/product_tag?post=157860"}],"curies":[{"name":"wp","href":"https:\/\/api.w.org\/{rel}","templated":true}]}}