{"id":157900,"date":"2025-11-15T11:32:03","date_gmt":"2025-11-15T08:32:03","guid":{"rendered":"https:\/\/kingarms.ee\/product\/jaka-remington-urban-dayh\/"},"modified":"2025-11-15T11:35:15","modified_gmt":"2025-11-15T08:35:15","slug":"jaka-remington-urban-dayh","status":"publish","type":"product","link":"https:\/\/kingarms.ee\/lv\/product\/jaka-remington-urban-dayh\/","title":{"rendered":"Jaka Remington Urban Dayh"},"content":{"rendered":"","protected":false},"excerpt":{"rendered":"<p><strong data-start=\"1344\" data-end=\"1368\">Remington Urban Dayh<\/strong> ir viegla un moderna jaka, kas paredz\u0113ta akt\u012bvam dz\u012bvesveidam pils\u0113t\u0101. Elpojo\u0161s un v\u0113jaiztur\u012bgs audums nodro\u0161ina komfortu un aizsardz\u012bbu v\u0113s\u0101k\u0101 laik\u0101, saglab\u0101jot kust\u012bbu br\u012bv\u012bbu. T\u0101s minim\u0101listiskais dizains padara to piem\u0113rotu gan ikdienai, gan ce\u013co\u0161anai.<br data-start=\"1637\" data-end=\"1640\">Jakai ir regul\u0113jams kapucis, r\u0101v\u0113jsl\u0113dz\u0113ja kabatas un m\u012bksts oder\u0113jums papildu komfortam. Remington Urban Dayh apvieno funkcionalit\u0101ti, kvalit\u0101ti un stilu \u2014 ide\u0101la izv\u0113le tiem, kas nov\u0113rt\u0113 komfortu un p\u0101rliec\u012bbu kust\u012bb\u0101.  <\/p>\n","protected":false},"featured_media":157875,"template":"","meta":{"_acf_changed":false},"product_brand":[],"product_cat":[1071],"product_tag":[],"class_list":{"0":"post-157900","1":"product","2":"type-product","3":"status-publish","4":"has-post-thumbnail","6":"product_cat-apvalks","8":"first","9":"instock","10":"taxable","11":"shipping-taxable","12":"purchasable","13":"product-type-variable"},"acf":[],"_links":{"self":[{"href":"https:\/\/kingarms.ee\/lv\/wp-json\/wp\/v2\/product\/157900","targetHints":{"allow":["GET"]}}],"collection":[{"href":"https:\/\/kingarms.ee\/lv\/wp-json\/wp\/v2\/product"}],"about":[{"href":"https:\/\/kingarms.ee\/lv\/wp-json\/wp\/v2\/types\/product"}],"wp:featuredmedia":[{"embeddable":true,"href":"https:\/\/kingarms.ee\/lv\/wp-json\/wp\/v2\/media\/157875"}],"wp:attachment":[{"href":"https:\/\/kingarms.ee\/lv\/wp-json\/wp\/v2\/media?parent=157900"}],"wp:term":[{"taxonomy":"product_brand","embeddable":true,"href":"https:\/\/kingarms.ee\/lv\/wp-json\/wp\/v2\/product_brand?post=157900"},{"taxonomy":"product_cat","embeddable":true,"href":"https:\/\/kingarms.ee\/lv\/wp-json\/wp\/v2\/product_cat?post=157900"},{"taxonomy":"product_tag","embeddable":true,"href":"https:\/\/kingarms.ee\/lv\/wp-json\/wp\/v2\/product_tag?post=157900"}],"curies":[{"name":"wp","href":"https:\/\/api.w.org\/{rel}","templated":true}]}}