{"id":157980,"date":"2025-11-15T12:09:57","date_gmt":"2025-11-15T09:09:57","guid":{"rendered":"https:\/\/kingarms.ee\/product\/jaka-remington-3\/"},"modified":"2025-11-15T12:12:40","modified_gmt":"2025-11-15T09:12:40","slug":"jaka-remington-3","status":"publish","type":"product","link":"https:\/\/kingarms.ee\/lv\/product\/jaka-remington-3\/","title":{"rendered":"Jaka Remington"},"content":{"rendered":"","protected":false},"excerpt":{"rendered":"<p><strong data-start=\"1169\" data-end=\"1189\">Remington jaka<\/strong> apvieno komfortu, iztur\u012bbu un m\u016bsdien\u012bgu stilu. Viegls un elpojo\u0161s audums aizsarg\u0101 no v\u0113ja un neliela lietus, nodro\u0161inot kust\u012bbu br\u012bv\u012bbu. Piem\u0113rota gan ikdienai pils\u0113t\u0101, gan akt\u012bvai atp\u016btai dab\u0101.<br data-start=\"1455\" data-end=\"1458\">Jakai ir regul\u0113jams kapucis, r\u0101v\u0113jsl\u0113dz\u0113ja kabatas un stiprin\u0101tas \u0161uves. Remington jaka pied\u0101v\u0101 uzticam\u012bbu, praktiskumu un klasisku dizainu \u2014 ide\u0101la izv\u0113le jebkur\u0101 sezon\u0101.  <\/p>\n","protected":false},"featured_media":157959,"template":"","meta":{"_acf_changed":false},"product_brand":[],"product_cat":[1071],"product_tag":[],"class_list":{"0":"post-157980","1":"product","2":"type-product","3":"status-publish","4":"has-post-thumbnail","6":"product_cat-apvalks","8":"first","9":"instock","10":"taxable","11":"shipping-taxable","12":"purchasable","13":"product-type-variable"},"acf":[],"_links":{"self":[{"href":"https:\/\/kingarms.ee\/lv\/wp-json\/wp\/v2\/product\/157980","targetHints":{"allow":["GET"]}}],"collection":[{"href":"https:\/\/kingarms.ee\/lv\/wp-json\/wp\/v2\/product"}],"about":[{"href":"https:\/\/kingarms.ee\/lv\/wp-json\/wp\/v2\/types\/product"}],"wp:featuredmedia":[{"embeddable":true,"href":"https:\/\/kingarms.ee\/lv\/wp-json\/wp\/v2\/media\/157959"}],"wp:attachment":[{"href":"https:\/\/kingarms.ee\/lv\/wp-json\/wp\/v2\/media?parent=157980"}],"wp:term":[{"taxonomy":"product_brand","embeddable":true,"href":"https:\/\/kingarms.ee\/lv\/wp-json\/wp\/v2\/product_brand?post=157980"},{"taxonomy":"product_cat","embeddable":true,"href":"https:\/\/kingarms.ee\/lv\/wp-json\/wp\/v2\/product_cat?post=157980"},{"taxonomy":"product_tag","embeddable":true,"href":"https:\/\/kingarms.ee\/lv\/wp-json\/wp\/v2\/product_tag?post=157980"}],"curies":[{"name":"wp","href":"https:\/\/api.w.org\/{rel}","templated":true}]}}