{"id":158059,"date":"2025-11-19T01:03:48","date_gmt":"2025-11-18T22:03:48","guid":{"rendered":"https:\/\/kingarms.ee\/product\/pcp-rokas-suknis-gx-h-4-borner\/"},"modified":"2025-11-19T01:08:07","modified_gmt":"2025-11-18T22:08:07","slug":"pcp-rokas-suknis-gx-h-4-borner","status":"publish","type":"product","link":"https:\/\/kingarms.ee\/lv\/product\/pcp-rokas-suknis-gx-h-4-borner\/","title":{"rendered":"PCP rokas s\u016bknis GX-H-4 (Borner)"},"content":{"rendered":"","protected":false},"excerpt":{"rendered":"<p>PCP Hand Pump GX-H-4 (Borner) ir augstspiediena rokas s\u016bknis PCP pneimatisko iero\u010du balonu uzpildei ar saspiestu gaisu. S\u016bknim ir viegli nolas\u0101ms manometrs, gaisa da\u013ci\u0146u filtrs un stabila salok\u0101ma pamatne. Galven\u0101s priek\u0161roc\u012bbas ir zem\u0101kas PCP iero\u010da ekspluat\u0101cijas izmaksas, mobilit\u0101te un neatkar\u012bba no balonu uzpildes stacij\u0101m. Roktur\u012b integr\u0113ts gaisa \u017e\u0101v\u0113t\u0101js iz\u0146em mitrumu no gaisa pirms tas non\u0101k balon\u0101, aizsarg\u0101jot iek\u0161\u0113j\u0101s deta\u013cas no korozijas.<br \/>\nMaksim\u0101lais spiediens: 310 BAR \/ 4500 psi<br \/>\nSalok\u0101ma pamatne ar \u017e\u0101v\u0113t\u0101ju<br \/>\nS\u016bkni var nep\u0101rtraukti lietot vair\u0101k nek\u0101 2 stundas pie 200 BAR<br \/>\nIzejas v\u012btne: M10x1<br \/>\n\u0100trais savienot\u0101js: 8 mm <\/p>\n","protected":false},"featured_media":158053,"template":"","meta":{"_acf_changed":false},"product_brand":[],"product_cat":[1008],"product_tag":[],"class_list":{"0":"post-158059","1":"product","2":"type-product","3":"status-publish","4":"has-post-thumbnail","6":"product_cat-pcp-hpa","8":"first","9":"instock","10":"taxable","11":"shipping-taxable","12":"purchasable","13":"product-type-simple"},"acf":[],"_links":{"self":[{"href":"https:\/\/kingarms.ee\/lv\/wp-json\/wp\/v2\/product\/158059","targetHints":{"allow":["GET"]}}],"collection":[{"href":"https:\/\/kingarms.ee\/lv\/wp-json\/wp\/v2\/product"}],"about":[{"href":"https:\/\/kingarms.ee\/lv\/wp-json\/wp\/v2\/types\/product"}],"wp:featuredmedia":[{"embeddable":true,"href":"https:\/\/kingarms.ee\/lv\/wp-json\/wp\/v2\/media\/158053"}],"wp:attachment":[{"href":"https:\/\/kingarms.ee\/lv\/wp-json\/wp\/v2\/media?parent=158059"}],"wp:term":[{"taxonomy":"product_brand","embeddable":true,"href":"https:\/\/kingarms.ee\/lv\/wp-json\/wp\/v2\/product_brand?post=158059"},{"taxonomy":"product_cat","embeddable":true,"href":"https:\/\/kingarms.ee\/lv\/wp-json\/wp\/v2\/product_cat?post=158059"},{"taxonomy":"product_tag","embeddable":true,"href":"https:\/\/kingarms.ee\/lv\/wp-json\/wp\/v2\/product_tag?post=158059"}],"curies":[{"name":"wp","href":"https:\/\/api.w.org\/{rel}","templated":true}]}}