{"id":158351,"date":"2025-12-08T12:26:21","date_gmt":"2025-12-08T09:26:21","guid":{"rendered":"https:\/\/kingarms.ee\/product\/remington-stone-jungle-camo-jaka\/"},"modified":"2025-12-08T12:29:52","modified_gmt":"2025-12-08T09:29:52","slug":"remington-stone-jungle-camo-jaka","status":"publish","type":"product","link":"https:\/\/kingarms.ee\/lv\/product\/remington-stone-jungle-camo-jaka\/","title":{"rendered":"Remington Stone Jungle Camo jaka"},"content":{"rendered":"","protected":false},"excerpt":{"rendered":"<p>Remington Stone Jungle Camo jaka ir iztur\u012bga un praktiska izv\u0113le tiem, kuri nov\u0113rt\u0113 komfortu un uzticam\u012bbu da\u017e\u0101dos apst\u0101k\u013cos. Unik\u0101lais Stone Jungle mask\u0113\u0161an\u0101s raksts pal\u012bdz lieliski sapl\u016bst ar dabu, padarot \u0161o jaku piem\u0113rotu med\u012bb\u0101m, mak\u0161\u0137er\u0113\u0161anai, p\u0101rg\u0101jieniem un darbam \u0101r\u0101. Stiprs, nodilumiztur\u012bgs audums pasarg\u0101 no v\u0113ja un viegla lietus, saglab\u0101jot siltumu un kust\u012bbu br\u012bv\u012bbu. Vair\u0101kas \u0113rtas kabatas \u013cauj \u0113rti glab\u0101t nepiecie\u0161am\u0101s lietas, bet ergonomiskais piegriezums nodro\u0161ina \u0113rtu piegul\u0113\u0161anu. \u0160is modelis apvieno funkcionalit\u0101ti, stilu un ilgm\u016b\u017e\u012bbu.    <\/p>\n","protected":false},"featured_media":158304,"template":"","meta":{"_acf_changed":false},"product_brand":[],"product_cat":[1071],"product_tag":[],"class_list":{"0":"post-158351","1":"product","2":"type-product","3":"status-publish","4":"has-post-thumbnail","6":"product_cat-apvalks","8":"first","9":"instock","10":"taxable","11":"shipping-taxable","12":"purchasable","13":"product-type-variable"},"acf":[],"_links":{"self":[{"href":"https:\/\/kingarms.ee\/lv\/wp-json\/wp\/v2\/product\/158351","targetHints":{"allow":["GET"]}}],"collection":[{"href":"https:\/\/kingarms.ee\/lv\/wp-json\/wp\/v2\/product"}],"about":[{"href":"https:\/\/kingarms.ee\/lv\/wp-json\/wp\/v2\/types\/product"}],"wp:featuredmedia":[{"embeddable":true,"href":"https:\/\/kingarms.ee\/lv\/wp-json\/wp\/v2\/media\/158304"}],"wp:attachment":[{"href":"https:\/\/kingarms.ee\/lv\/wp-json\/wp\/v2\/media?parent=158351"}],"wp:term":[{"taxonomy":"product_brand","embeddable":true,"href":"https:\/\/kingarms.ee\/lv\/wp-json\/wp\/v2\/product_brand?post=158351"},{"taxonomy":"product_cat","embeddable":true,"href":"https:\/\/kingarms.ee\/lv\/wp-json\/wp\/v2\/product_cat?post=158351"},{"taxonomy":"product_tag","embeddable":true,"href":"https:\/\/kingarms.ee\/lv\/wp-json\/wp\/v2\/product_tag?post=158351"}],"curies":[{"name":"wp","href":"https:\/\/api.w.org\/{rel}","templated":true}]}}